{"id":13991,"date":"2025-08-12T13:21:13","date_gmt":"2025-08-12T11:21:13","guid":{"rendered":"https:\/\/www.narva-schach.de\/wordpress\/?page_id=13991"},"modified":"2025-11-04T07:50:01","modified_gmt":"2025-11-04T06:50:01","slug":"2025-2","status":"publish","type":"page","link":"https:\/\/www.narva-schach.de\/wordpress\/kurt-richter-turnier\/2025-2\/","title":{"rendered":"2025"},"content":{"rendered":"<table border=\"1\" width=\"85%\">\n<tbody>\n<tr>\n<th align=\"center\">\n<h2 style=\"text-align: center;\"><span style=\"text-decoration: underline;\"><strong>Kurt-Richter-Gedenkturnier 2025<\/strong><\/span><\/h2>\n<h2 style=\"text-align: center;\"><a href=\"https:\/\/www.narva-schach.de\/wordpress\/kurt-richter-turnier\/2025-2\/teilnehmerliste-2025\/\"><strong>Teilnehmerliste<\/strong><\/a> &#8211; &#8211; <a href=\"https:\/\/www.narva-schach.de\/wordpress\/kurt-richter-turnier\/2025-2\/krt-ranglisten-2025\/\"><strong>Rangliste<\/strong><\/a> &#8211; &#8211; <a href=\"https:\/\/www.narva-schach.de\/wordpress\/2025\/11\/03\/michael-strache-gewinnt-kurt-richter-gedenkturnier-2025\/\"><strong>Bericht<\/strong><\/a><\/h2>\n<h2 style=\"text-align: center;\"><span style=\"font-size: 18pt;\">Ergebnisse und Ranglisten bei<\/span> <a href=\"https:\/\/s3.chess-results.com\/tnr1249083.aspx?lan=0\" target=\"_blank\" rel=\"noopener\"><span style=\"font-size: 18pt;\">chess-results.com<\/span><\/a><\/h2>\n<p style=\"text-align: center;\"><a href=\"https:\/\/www.narva-schach.de\/wordpress\/wp-content\/uploads\/2025\/09\/KRT-2025-Druckversion.pdf\" target=\"_blank\" rel=\"noopener\"><span style=\"font-size: 18pt;\">A U S S C H R E I B U N G &#8211; P D F<\/span><\/a><\/p>\n<\/th>\n<\/tr>\n<\/tbody>\n<\/table>\n<p><span style=\"color: #ff0000;\">Bitte beim \u00dcberweisen vom Startgeld den richtigen Kontoinhaber angeben! Die Banken sind da inzwischen sehr genau.<\/span> <strong><mark class=\"has-inline-color\">Sportgemeinschaft NARVA Berlin<\/mark><\/strong><\/p>\n<p><span style=\"font-size: medium;\"><u>1.Rahmen:<\/u><\/span><\/p>\n<p><span style=\"font-size: small;\">Das Kurt-Richter-Gedenkturnier (KRT) ist ein offenes Turnier f\u00fcr <strong>maximal 100 Teilnehmer<\/strong>, das von Rotation Berlin unterst\u00fctzt wird. Wie immer famili\u00e4r, mit niedrigem Startgeld und einem kleinen Imbissangebot zu g\u00fcnstigen Preisen.<\/span><\/p>\n<p><span style=\"font-size: medium;\"><u>2.Modus:<\/u><\/span><\/p>\n<p><span style=\"font-size: small;\">Gespielt werden 7 Runden im Schweizer System.<br \/>\nDie Runden 1 &#8211; 3 werden nach FIDE Schnellschachregeln gespielt, die Runden 4 &#8211; 7 nach FIDE-Turnierschachregeln. F\u00fcr die Auslosung wird Swiss-Chess genutzt.<br \/>\nDie Startrangliste wird nach der DWZ gebildet.<br \/>\nEs gelten die jeweils aktuellen Listen der FIDE und des DSB. Spieler ohne nachweisbare ELO\/DWZ werden durch die Turnierleitung eingestuft.<br \/>\nEs gelten die<a href=\"http:\/\/www.narva-schach.de\/wordpress\/kurt-richter-turnier\/turnierregeln\/\"> Turnierbedingungen<\/a> des Veranstalters mit einer Ausnahme: wir spielen voraussichtlich mit Silver-Uhren.<\/span><\/p>\n<p><span style=\"font-size: small;\"><strong>Schiedsrichter\/Turnierleitung\/Turnierorganisation<\/strong>:<\/span><\/p>\n<ul>\n<li><span style=\"font-size: small;\">Bernhard Riess (Chief Arbiter\/Hauptschiedsrichter)<\/span><\/li>\n<li><span style=\"font-size: small;\">Gerhard Mietzelfeldt (Orga), Thomas Mothes (RSR), <\/span><span style=\"font-size: small;\">Jonatan Schenk (RSR)<\/span><\/li>\n<\/ul>\n<p><u>3.Bedenkzeit:<\/u><\/p>\n<p><span style=\"font-size: small;\"><strong>Runde 1 &#8211; 3:<\/strong> 25 Minuten zzgl. einer Gutschrift von 10 Sekunden pro Zug.<br \/>\n<strong>Runde 4 &#8211; 7:<\/strong> 90 Minuten f\u00fcr 40 Z\u00fcge. Einmalige Gutschrift von 15 Minuten nach dem 40. Zug.<br \/>\nGutschrift von 30 Sekunden pro Zug ab dem ersten Zug.<\/span><\/p>\n<p><span style=\"font-size: small;\">Die Wartezeit nach FIDE-Regel 6.7 betr\u00e4gt 30 Minuten.<\/span><\/p>\n<p><span style=\"font-size: medium;\"><u>4.Zeitplan:<\/u><\/span><\/p>\n<table style=\"width: 100%; height: 312px;\" border=\"0\" width=\"60%\">\n<tbody>\n<tr>\n<td style=\"height: 144px;\"><span style=\"font-size: small;\">Freitag, 31.10.2025<\/span><\/td>\n<td><\/td>\n<td style=\"height: 144px;\"><span style=\"font-size: small;\"><strong>Anmeldung 16:45 &#8211; 17:45 Uhr!!!<\/strong><br \/>\n<em>Die pers\u00f6nliche Registrierung ist Voraussetzung zur Zulassung\u00a0<\/em><\/span><br \/>\n<span style=\"font-size: small;\">18:00 Uhr &#8211; Er\u00f6ffnung<br \/>\nca. 18:30 Uhr &#8211; <strong>1.Runde<\/strong><br \/>\nca. 19:50 Uhr &#8211; <strong>2.Runde<\/strong><\/span><br \/>\n<span style=\"font-size: small;\">ca. 21:10 Uhr &#8211; <strong>3.Runde<\/strong><\/span><\/td>\n<\/tr>\n<tr style=\"height: 24px;\">\n<td style=\"height: 24px;\"><span style=\"font-size: small;\">Samstag, 01.11.2025<\/span><\/td>\n<td style=\"height: 24px;\"><\/td>\n<td style=\"height: 24px;\"><span style=\"font-size: small;\">11:00 Uhr &#8211; <strong>4.Runde<\/strong><br \/>\n16:30 Uhr &#8211; <strong>5.Runde<\/strong><\/span><\/td>\n<\/tr>\n<tr style=\"height: 24px;\">\n<td style=\"height: 24px;\"><span style=\"font-size: small;\">Sonntag, 02.11.2025<\/span><\/td>\n<td style=\"height: 24px;\"><\/td>\n<td style=\"height: 24px;\"><span style=\"font-size: small;\">10:00 Uhr &#8211; <strong>6.Runde<\/strong><br \/>\n15:30 Uhr &#8211; <strong>7.Runde<\/strong><br \/>\nca. 20:15 Uhr &#8211; Siegerehrung<\/span><\/td>\n<\/tr>\n<\/tbody>\n<\/table>\n<p><span style=\"font-size: medium;\"><u>5.Startgeld:<\/u><\/span><\/p>\n<p><span style=\"font-size: small;\"><strong>20 \u20ac<\/strong> bei \u00dcberweisung bis zum <strong>17. Oktober 2025<\/strong>.<br \/>\nBei sp\u00e4terer \u00dcberweisung oder Barzahlung vor Ort erh\u00f6ht sich das Startgeld auf<strong> 30 \u20ac<\/strong>.<\/span><\/p>\n<p><span style=\"font-size: small;\">Das Startgeld ist auf folgendes Konto zu \u00fcberweisen:<br \/>\nKontoinhaber: Sportgemeinschaft NARVA Berlin<br \/>\nIBAN: DE74 1005 0000 0190 7703 68<br \/>\nKreditinstitut: Berliner Sparkasse<br \/>\nBIC: BELADEBEXX<br \/>\nVerwendungszweck: KRT 2025, vollst\u00e4ndiger Name<\/span><\/p>\n<p><span style=\"font-size: small;\">Als Verwendungszweck bitte das Stichwort KRT 2025, den Namen und den Verein angeben.<\/span><\/p>\n<p><span style=\"font-size: medium;\"><u>6.Preise:<\/u><\/span><\/p>\n<p><span style=\"font-size: small;\">1. Platz: 150 \u20ac + Pokal<br \/>\n2. Platz: 100 \u20ac<br \/>\n3. Platz: 75 \u20ac<\/span><br \/>\n<span style=\"font-size: small;\"><br \/>\nUrkunden f\u00fcr die Erfolgreichsten.<br \/>\nPreise in mindestens zwei Ratingkategorien (nur f\u00fcr Teilnehmer mit g\u00fcltiger DWZ oder ELO), Preise f\u00fcr den besten Jugendlichen und den besten Senioren.<br \/>\nBei entsprechender Teilnehmerzahl werden die ausgelobten Preise erh\u00f6ht und weitere Geld- und Sachpreise vergeben.<\/span><\/p>\n<p><span style=\"font-size: medium;\"><u>7.Wertung der Ergebnisse:<\/u><\/span><\/p>\n<p><span style=\"font-size: small;\">1. Erreichte Punkte<br \/>\n2. Buchholzwertung (FIDE)<br \/>\n3. Sonneborn-Berger-Wertung<\/span><br \/>\n<span style=\"font-size: small;\"><br \/>\nDie Ergebnisse der Runden 4-7 werden zur DWZ-Auswertung eingereicht.<\/span><\/p>\n<p><span style=\"font-size: medium;\"><u>8.Anmeldung:<\/u><\/span><\/p>\n<p><span style=\"font-size: small;\">bevorzugt per E-Mail an krt@narva-schach.de unter Angabe von Name, Vorname, Geburtstag, Verein und Rufnummer\/Mail, bei gleichzeitiger \u00dcberweisung des Startgeldes. Die Anmeldung ist erst nach Eingang des<br \/>\nStartgeldes abgeschlossen!<br \/>\n\u00dcber die Teilnahme entscheidet die Reihenfolge der Anmeldung.<br \/>\nDie pers\u00f6nliche Registrierung vor Ort ist Voraussetzung f\u00fcr die Zulassung zum Turnier. Das gilt auch f\u00fcr vorangemeldete Spieler!<\/span><\/p>\n<p><span style=\"font-size: medium;\"><u>9.Spielort \/ Anfahrt:<\/u><\/span><\/p>\n<p><span style=\"font-size: small;\">Rathaus Mitte<br \/>\nRobert-Havemann-Saal<br \/>\nKarl-Marx-Allee 31<br \/>\n10178 Berlin<\/span><\/p>\n<p><span style=\"font-size: small;\">\u00d6PNV-Anbindung: U5 (Schillingstra\u00dfe)<\/span><\/p>\n<p><span style=\"font-size: small;\">Aufgrund der Parkplatzsituation empfehlen wir die Anfahrt mit dem \u00d6PNV.<\/span><\/p>\n","protected":false},"excerpt":{"rendered":"<p>Kurt-Richter-Gedenkturnier 2025 Teilnehmerliste &#8211; &#8211; Rangliste &#8211; &#8211; Bericht Ergebnisse und Ranglisten bei chess-results.com A U S S C H R E I B U N G &#8211; P D F Bitte beim \u00dcberweisen vom Startgeld den richtigen Kontoinhaber angeben! &hellip; <a href=\"https:\/\/www.narva-schach.de\/wordpress\/kurt-richter-turnier\/2025-2\/\">Weiterlesen <span class=\"meta-nav\">&rarr;<\/span><\/a><\/p>\n","protected":false},"author":1,"featured_media":0,"parent":243,"menu_order":0,"comment_status":"closed","ping_status":"closed","template":"","meta":{"footnotes":""},"class_list":["post-13991","page","type-page","status-publish","hentry"],"yoast_head":"<!-- This site is optimized with the Yoast SEO plugin v27.3 - https:\/\/yoast.com\/product\/yoast-seo-wordpress\/ -->\n<title>2025 &#8211; SG NARVA Berlin e.V. &#8211; Abteilung Schach<\/title>\n<meta name=\"robots\" content=\"index, follow, max-snippet:-1, max-image-preview:large, max-video-preview:-1\" \/>\n<link rel=\"canonical\" href=\"https:\/\/www.narva-schach.de\/wordpress\/kurt-richter-turnier\/2025-2\/\" \/>\n<meta property=\"og:locale\" content=\"de_DE\" \/>\n<meta property=\"og:type\" content=\"article\" \/>\n<meta property=\"og:title\" content=\"2025 &#8211; SG NARVA Berlin e.V. &#8211; Abteilung Schach\" \/>\n<meta property=\"og:description\" content=\"Kurt-Richter-Gedenkturnier 2025 Teilnehmerliste &#8211; &#8211; Rangliste &#8211; &#8211; Bericht Ergebnisse und Ranglisten bei chess-results.com A U S S C H R E I B U N G &#8211; P D F Bitte beim \u00dcberweisen vom Startgeld den richtigen Kontoinhaber angeben! &hellip; Weiterlesen &rarr;\" \/>\n<meta property=\"og:url\" content=\"https:\/\/www.narva-schach.de\/wordpress\/kurt-richter-turnier\/2025-2\/\" \/>\n<meta property=\"article:publisher\" content=\"http:\/\/www.facebook.com\/pages\/SG-NARVA-Berlin-eV-Abteilung-Schach\/214119148621903\" \/>\n<meta property=\"article:modified_time\" content=\"2025-11-04T06:50:01+00:00\" \/>\n<meta name=\"twitter:card\" content=\"summary_large_image\" \/>\n<meta name=\"twitter:label1\" content=\"Gesch\u00e4tzte Lesezeit\" \/>\n\t<meta name=\"twitter:data1\" content=\"3\u00a0Minuten\" \/>\n<script type=\"application\/ld+json\" class=\"yoast-schema-graph\">{\"@context\":\"https:\\\/\\\/schema.org\",\"@graph\":[{\"@type\":\"WebPage\",\"@id\":\"https:\\\/\\\/www.narva-schach.de\\\/wordpress\\\/kurt-richter-turnier\\\/2025-2\\\/\",\"url\":\"https:\\\/\\\/www.narva-schach.de\\\/wordpress\\\/kurt-richter-turnier\\\/2025-2\\\/\",\"name\":\"2025 &#8211; SG NARVA Berlin e.V. &#8211; Abteilung Schach\",\"isPartOf\":{\"@id\":\"https:\\\/\\\/www.narva-schach.de\\\/wordpress\\\/#website\"},\"datePublished\":\"2025-08-12T11:21:13+00:00\",\"dateModified\":\"2025-11-04T06:50:01+00:00\",\"breadcrumb\":{\"@id\":\"https:\\\/\\\/www.narva-schach.de\\\/wordpress\\\/kurt-richter-turnier\\\/2025-2\\\/#breadcrumb\"},\"inLanguage\":\"de\",\"potentialAction\":[{\"@type\":\"ReadAction\",\"target\":[\"https:\\\/\\\/www.narva-schach.de\\\/wordpress\\\/kurt-richter-turnier\\\/2025-2\\\/\"]}]},{\"@type\":\"BreadcrumbList\",\"@id\":\"https:\\\/\\\/www.narva-schach.de\\\/wordpress\\\/kurt-richter-turnier\\\/2025-2\\\/#breadcrumb\",\"itemListElement\":[{\"@type\":\"ListItem\",\"position\":1,\"name\":\"Startseite\",\"item\":\"https:\\\/\\\/www.narva-schach.de\\\/wordpress\\\/\"},{\"@type\":\"ListItem\",\"position\":2,\"name\":\"Kurt-Richter-Gedenkturnier\",\"item\":\"https:\\\/\\\/www.narva-schach.de\\\/wordpress\\\/kurt-richter-turnier\\\/\"},{\"@type\":\"ListItem\",\"position\":3,\"name\":\"2025\"}]},{\"@type\":\"WebSite\",\"@id\":\"https:\\\/\\\/www.narva-schach.de\\\/wordpress\\\/#website\",\"url\":\"https:\\\/\\\/www.narva-schach.de\\\/wordpress\\\/\",\"name\":\"\",\"description\":\"\",\"publisher\":{\"@id\":\"https:\\\/\\\/www.narva-schach.de\\\/wordpress\\\/#organization\"},\"potentialAction\":[{\"@type\":\"SearchAction\",\"target\":{\"@type\":\"EntryPoint\",\"urlTemplate\":\"https:\\\/\\\/www.narva-schach.de\\\/wordpress\\\/?s={search_term_string}\"},\"query-input\":{\"@type\":\"PropertyValueSpecification\",\"valueRequired\":true,\"valueName\":\"search_term_string\"}}],\"inLanguage\":\"de\"},{\"@type\":\"Organization\",\"@id\":\"https:\\\/\\\/www.narva-schach.de\\\/wordpress\\\/#organization\",\"name\":\"SG NARVA Berlin e.V. Abteilung Schach\",\"url\":\"https:\\\/\\\/www.narva-schach.de\\\/wordpress\\\/\",\"logo\":{\"@type\":\"ImageObject\",\"inLanguage\":\"de\",\"@id\":\"https:\\\/\\\/www.narva-schach.de\\\/wordpress\\\/#\\\/schema\\\/logo\\\/image\\\/\",\"url\":\"http:\\\/\\\/www.narva-schach.de\\\/wordpress\\\/wp-content\\\/uploads\\\/2016\\\/03\\\/NARVA-Logo-gro\u00df.jpg\",\"contentUrl\":\"http:\\\/\\\/www.narva-schach.de\\\/wordpress\\\/wp-content\\\/uploads\\\/2016\\\/03\\\/NARVA-Logo-gro\u00df.jpg\",\"width\":480,\"height\":480,\"caption\":\"SG NARVA Berlin e.V. Abteilung Schach\"},\"image\":{\"@id\":\"https:\\\/\\\/www.narva-schach.de\\\/wordpress\\\/#\\\/schema\\\/logo\\\/image\\\/\"},\"sameAs\":[\"http:\\\/\\\/www.facebook.com\\\/pages\\\/SG-NARVA-Berlin-eV-Abteilung-Schach\\\/214119148621903\",\"https:\\\/\\\/www.instagram.com\\\/sgnarvaschach\\\/?ref=badge\"]}]}<\/script>\n<!-- \/ Yoast SEO plugin. -->","yoast_head_json":{"title":"2025 &#8211; SG NARVA Berlin e.V. &#8211; Abteilung Schach","robots":{"index":"index","follow":"follow","max-snippet":"max-snippet:-1","max-image-preview":"max-image-preview:large","max-video-preview":"max-video-preview:-1"},"canonical":"https:\/\/www.narva-schach.de\/wordpress\/kurt-richter-turnier\/2025-2\/","og_locale":"de_DE","og_type":"article","og_title":"2025 &#8211; SG NARVA Berlin e.V. &#8211; Abteilung Schach","og_description":"Kurt-Richter-Gedenkturnier 2025 Teilnehmerliste &#8211; &#8211; Rangliste &#8211; &#8211; Bericht Ergebnisse und Ranglisten bei chess-results.com A U S S C H R E I B U N G &#8211; P D F Bitte beim \u00dcberweisen vom Startgeld den richtigen Kontoinhaber angeben! &hellip; Weiterlesen &rarr;","og_url":"https:\/\/www.narva-schach.de\/wordpress\/kurt-richter-turnier\/2025-2\/","article_publisher":"http:\/\/www.facebook.com\/pages\/SG-NARVA-Berlin-eV-Abteilung-Schach\/214119148621903","article_modified_time":"2025-11-04T06:50:01+00:00","twitter_card":"summary_large_image","twitter_misc":{"Gesch\u00e4tzte Lesezeit":"3\u00a0Minuten"},"schema":{"@context":"https:\/\/schema.org","@graph":[{"@type":"WebPage","@id":"https:\/\/www.narva-schach.de\/wordpress\/kurt-richter-turnier\/2025-2\/","url":"https:\/\/www.narva-schach.de\/wordpress\/kurt-richter-turnier\/2025-2\/","name":"2025 &#8211; SG NARVA Berlin e.V. &#8211; Abteilung Schach","isPartOf":{"@id":"https:\/\/www.narva-schach.de\/wordpress\/#website"},"datePublished":"2025-08-12T11:21:13+00:00","dateModified":"2025-11-04T06:50:01+00:00","breadcrumb":{"@id":"https:\/\/www.narva-schach.de\/wordpress\/kurt-richter-turnier\/2025-2\/#breadcrumb"},"inLanguage":"de","potentialAction":[{"@type":"ReadAction","target":["https:\/\/www.narva-schach.de\/wordpress\/kurt-richter-turnier\/2025-2\/"]}]},{"@type":"BreadcrumbList","@id":"https:\/\/www.narva-schach.de\/wordpress\/kurt-richter-turnier\/2025-2\/#breadcrumb","itemListElement":[{"@type":"ListItem","position":1,"name":"Startseite","item":"https:\/\/www.narva-schach.de\/wordpress\/"},{"@type":"ListItem","position":2,"name":"Kurt-Richter-Gedenkturnier","item":"https:\/\/www.narva-schach.de\/wordpress\/kurt-richter-turnier\/"},{"@type":"ListItem","position":3,"name":"2025"}]},{"@type":"WebSite","@id":"https:\/\/www.narva-schach.de\/wordpress\/#website","url":"https:\/\/www.narva-schach.de\/wordpress\/","name":"","description":"","publisher":{"@id":"https:\/\/www.narva-schach.de\/wordpress\/#organization"},"potentialAction":[{"@type":"SearchAction","target":{"@type":"EntryPoint","urlTemplate":"https:\/\/www.narva-schach.de\/wordpress\/?s={search_term_string}"},"query-input":{"@type":"PropertyValueSpecification","valueRequired":true,"valueName":"search_term_string"}}],"inLanguage":"de"},{"@type":"Organization","@id":"https:\/\/www.narva-schach.de\/wordpress\/#organization","name":"SG NARVA Berlin e.V. Abteilung Schach","url":"https:\/\/www.narva-schach.de\/wordpress\/","logo":{"@type":"ImageObject","inLanguage":"de","@id":"https:\/\/www.narva-schach.de\/wordpress\/#\/schema\/logo\/image\/","url":"http:\/\/www.narva-schach.de\/wordpress\/wp-content\/uploads\/2016\/03\/NARVA-Logo-gro\u00df.jpg","contentUrl":"http:\/\/www.narva-schach.de\/wordpress\/wp-content\/uploads\/2016\/03\/NARVA-Logo-gro\u00df.jpg","width":480,"height":480,"caption":"SG NARVA Berlin e.V. Abteilung Schach"},"image":{"@id":"https:\/\/www.narva-schach.de\/wordpress\/#\/schema\/logo\/image\/"},"sameAs":["http:\/\/www.facebook.com\/pages\/SG-NARVA-Berlin-eV-Abteilung-Schach\/214119148621903","https:\/\/www.instagram.com\/sgnarvaschach\/?ref=badge"]}]}},"_links":{"self":[{"href":"https:\/\/www.narva-schach.de\/wordpress\/wp-json\/wp\/v2\/pages\/13991","targetHints":{"allow":["GET"]}}],"collection":[{"href":"https:\/\/www.narva-schach.de\/wordpress\/wp-json\/wp\/v2\/pages"}],"about":[{"href":"https:\/\/www.narva-schach.de\/wordpress\/wp-json\/wp\/v2\/types\/page"}],"author":[{"embeddable":true,"href":"https:\/\/www.narva-schach.de\/wordpress\/wp-json\/wp\/v2\/users\/1"}],"replies":[{"embeddable":true,"href":"https:\/\/www.narva-schach.de\/wordpress\/wp-json\/wp\/v2\/comments?post=13991"}],"version-history":[{"count":20,"href":"https:\/\/www.narva-schach.de\/wordpress\/wp-json\/wp\/v2\/pages\/13991\/revisions"}],"predecessor-version":[{"id":14346,"href":"https:\/\/www.narva-schach.de\/wordpress\/wp-json\/wp\/v2\/pages\/13991\/revisions\/14346"}],"up":[{"embeddable":true,"href":"https:\/\/www.narva-schach.de\/wordpress\/wp-json\/wp\/v2\/pages\/243"}],"wp:attachment":[{"href":"https:\/\/www.narva-schach.de\/wordpress\/wp-json\/wp\/v2\/media?parent=13991"}],"curies":[{"name":"wp","href":"https:\/\/api.w.org\/{rel}","templated":true}]}}