{"id":164,"date":"2016-05-25T08:39:03","date_gmt":"2016-05-25T06:39:03","guid":{"rendered":"http:\/\/www.narva-schach.de\/wordpress\/?page_id=164"},"modified":"2025-08-15T12:45:40","modified_gmt":"2025-08-15T10:45:40","slug":"links","status":"publish","type":"page","link":"https:\/\/www.narva-schach.de\/wordpress\/links\/","title":{"rendered":"Links"},"content":{"rendered":"<p>Im Sinne des Urteiles des Landgerichts (LG) Hamburg &#8222;Haftung f\u00fcr Links&#8220; vom 12. Mai 1998 &#8211; Aktenzeichen 312 0 85\/98 distanzieren sich die SG NARVA Berlin e.V. sowie der Betreiber dieser Seiten hiermit von Aussagen und Inhalten gelinkter Seiten. Zum Zeitpunkt der Ver\u00f6ffentlichung der auf diesen Seiten angebotenen Links waren uns keine rechtlichen und gesetzlichen Verst\u00f6\u00dfe im Zusammenhang mit diesen bekannt.<br \/>\nF\u00fcr Probleme oder Sch\u00e4den in jeglicher Form, die durch Existenz, Kenntnis, Besuch oder Nutzung gelinkter Seiten entstehen, kann keine Haftung \u00fcbernommen werden.<\/p>\n<div class=\"aligncenter\">\n<h1 id=\"a1\" class=\"heading1\">Linksammlung<\/h1>\n<ul>\n<li><a href=\"http:\/\/www.berlinerschachverband.de\" target=\"_blank\" rel=\"noopener noreferrer\">Berliner Schachverband<\/a> Aktuelles vom Schach aus Berlin<\/li>\n<li><a href=\"https:\/\/www.lsbb.de\/\" target=\"_blank\" rel=\"noopener\">Schachverband Brandenburg<\/a> Aktuelles vom Schach aus Brandenburg<\/li>\n<li><a href=\"http:\/\/www.schachbund.de\" target=\"_blank\" rel=\"noopener noreferrer\">Deutscher Schachbund<\/a> Aktuelles vom Schach aus Deutschland und die <a href=\"http:\/\/www.schachbund.de\/SchachBL\/index.php\" target=\"_blank\" rel=\"noopener noreferrer\">Schachbundesliga<\/a><\/li>\n<li><a href=\"http:\/\/www.schachbundesliga.de\" target=\"_blank\" rel=\"noopener noreferrer\">Schach Bundesliga<\/a> Die Seite der Schach Bundesliga<\/li>\n<li><a href=\"http:\/\/senioren.schachbund.de\/\" target=\"_blank\" rel=\"noopener noreferrer\">Senioren im Deutschen Schachbund e.V.<\/a> Alles \u00fcber die Seniorenturniere<\/li>\n<li><a href=\"http:\/\/www.chessbase.de\/\" target=\"_blank\" rel=\"noopener noreferrer\">Chessbase<\/a> Schach aus aller Welt<\/li>\n<li><a href=\"https:\/\/perlenvombodensee.de\/\" target=\"_blank\" rel=\"noopener\">Perlen vom Bodensee<\/a> Die neuesten Nachrichten vom Schach<\/li>\n<li><a href=\"http:\/\/www.fide.com\/\" target=\"_blank\" rel=\"noopener noreferrer\">FIDE<\/a> World Chess Federation<\/li>\n<li><a href=\"http:\/\/www.fvschach.de\" target=\"_blank\" rel=\"noopener noreferrer\">FV Schach e.V.<\/a> Fachvereinigung Schach &#8211; der Berliner Betriebsschach-Verband<\/li>\n<li><a href=\"http:\/\/www.mattzug.de\/bmm\/\" target=\"_blank\" rel=\"noopener noreferrer\">BMM<\/a> Berliner Mannschaftsmeisterschaft im Schach &#8211; Ergebnisse bis 2023<\/li>\n<li><a href=\"http:\/\/www.swiss-chess.de\/\" target=\"_blank\" rel=\"noopener noreferrer\">Swiss-Chess<\/a> das f\u00fchrenden Windows-Programm zur Verwaltung und Organisation von Schachturnieren<\/li>\n<li><a href=\"https:\/\/www.dsam-cup.de\/\" target=\"_blank\" rel=\"noopener noreferrer\">DSAM<\/a> Deutsche Schach-Amateurmeisterschaft 7\u00b3<\/li>\n<li><a href=\"http:\/\/www.chessorg.de\/index.php\" target=\"_blank\" rel=\"noopener noreferrer\">www.chessorg.de<\/a> Schachturniere im In- und Ausland<\/li>\n<li><a href=\"https:\/\/chessence.de\/?gad_source=1&amp;gclid=Cj0KCQiAlsy5BhDeARIsABRc6ZsefJapDJMW9q2TpewxVJ-mHS5uvTGRXdRuiSIZsok-7uJTlzQsQjYaAq-IEALw_wcB\" target=\"_blank\" rel=\"noopener\">Chessence<\/a> Deutschlands gr\u00f6\u00dfte Online-Schachschule<\/li>\n<li><a href=\"http:\/\/chess-results.com\/\" target=\"_blank\" rel=\"noopener noreferrer\">www.chess-result.com<\/a> ein internationaler Schach-Ergebnis-Server<\/li>\n<\/ul>\n<p><span style=\"font-size: small;\"><u>Berliner Vereine:<\/u><\/span><\/p>\n<ul>\n<li><a href=\"http:\/\/www.berlinerschachverband.de\/vereine.html\" target=\"_blank\" rel=\"noopener noreferrer\">Internetseiten der Berliner Schachvereine<\/a>\u00a0(BSV Liste)<\/li>\n<\/ul>\n<p><span style=\"font-size: small;\"><u>SG NARVA Berlin e.V.:<\/u><\/span><\/p>\n<ul>\n<li><a href=\"http:\/\/www.sg-narva.de\/\" target=\"_blank\" rel=\"noopener noreferrer\">Abteilung Handball<\/a><\/li>\n<li><a href=\"https:\/\/rcno.jimdofree.com\/\" target=\"_blank\" rel=\"noopener noreferrer\">Ruderclub NARVA-Oberspree e.V.<\/a><\/li>\n<\/ul>\n<p><span style=\"font-size: small;\"><u>Schachversand:<\/u><\/span><\/p>\n<ul>\n<li><a href=\"http:\/\/schachversand-ullrich.de\/\" target=\"_blank\" rel=\"noopener noreferrer\">Schachversand Ullrich<\/a><\/li>\n<li><a href=\"https:\/\/www.schachversand.de\/startneu2.htm\" target=\"_blank\" rel=\"noopener noreferrer\">Schach Niggemann<\/a><\/li>\n<li><a href=\"http:\/\/www.euroschach.de\/\" target=\"_blank\" rel=\"noopener noreferrer\">Euro Schach Dresden<\/a><\/li>\n<li><a href=\"https:\/\/chess-tigers.de\/\" target=\"_blank\" rel=\"noopener\">Chess Tigers Shop<\/a><\/li>\n<\/ul>\n<p><span style=\"font-size: small;\"><u>Partner in der Umgebung \/ Schach AG Schulen:<\/u><\/span><\/p>\n<ul>\n<li><a href=\"https:\/\/www.berlin.de\/ba-friedrichshain-kreuzberg\/politik-und-verwaltung\/aemter\/amt-fuer-soziales\/stadtteil-und-seniorenangebote\/artikel.1039475.php\" target=\"_blank\" rel=\"noopener noreferrer\">Seniorenfreizeitst\u00e4tte &#8222;Lebensfreude&#8220;<\/a> unsere Heimat in der Kadiner Str. 1<\/li>\n<li><a href=\"https:\/\/rudi-nachbarschaftshaus.de\/\" target=\"_blank\" rel=\"noopener noreferrer\">\u201eRuDi \u2013 Nachbarschaftszentrum<\/a> Spielort f\u00fcr BMM und SG NARVA Gesch\u00e4ftsstelle in der Modersohnstra\u00dfe 55<\/li>\n<\/ul>\n<p><span style=\"font-size: small;\"><u>Sonstige:<\/u><\/span><\/p>\n<ul>\n<li><a href=\"http:\/\/www.schoenetomaten.de\/index.htm\" target=\"_blank\" rel=\"noopener noreferrer\">Sch\u00f6ne Tomaten<\/a> Seite von Jens Pr\u00e4del<\/li>\n<li><a href=\"http:\/\/schaakhuis.nl\/\" target=\"_blank\" rel=\"noopener\">Schaakhuis En Passant<\/a> befreundeter Schachverein in DenHaag (Bram, Mike, Norbert, Derk, Gerard)<\/li>\n<li><a href=\"http:\/\/de.wikipedia.org\/wiki\/SG_NARVA_Berlin\" target=\"_blank\" rel=\"noopener noreferrer\">Wikipedia<\/a> SG NARVA Berlin<\/li>\n<\/ul>\n<\/div>\n","protected":false},"excerpt":{"rendered":"<p>Im Sinne des Urteiles des Landgerichts (LG) Hamburg &#8222;Haftung f\u00fcr Links&#8220; vom 12. Mai 1998 &#8211; Aktenzeichen 312 0 85\/98 distanzieren sich die SG NARVA Berlin e.V. sowie der Betreiber dieser Seiten hiermit von Aussagen und Inhalten gelinkter Seiten. Zum &hellip; <a href=\"https:\/\/www.narva-schach.de\/wordpress\/links\/\">Weiterlesen <span class=\"meta-nav\">&rarr;<\/span><\/a><\/p>\n","protected":false},"author":1,"featured_media":0,"parent":0,"menu_order":0,"comment_status":"closed","ping_status":"closed","template":"","meta":{"footnotes":""},"class_list":["post-164","page","type-page","status-publish","hentry"],"yoast_head":"<!-- This site is optimized with the Yoast SEO plugin v27.3 - https:\/\/yoast.com\/product\/yoast-seo-wordpress\/ -->\n<title>Links &#8211; SG NARVA Berlin e.V. &#8211; Abteilung Schach<\/title>\n<meta name=\"robots\" content=\"index, follow, max-snippet:-1, max-image-preview:large, max-video-preview:-1\" \/>\n<link rel=\"canonical\" href=\"https:\/\/www.narva-schach.de\/wordpress\/links\/\" \/>\n<meta property=\"og:locale\" content=\"de_DE\" \/>\n<meta property=\"og:type\" content=\"article\" \/>\n<meta property=\"og:title\" content=\"Links &#8211; SG NARVA Berlin e.V. &#8211; Abteilung Schach\" \/>\n<meta property=\"og:description\" content=\"Im Sinne des Urteiles des Landgerichts (LG) Hamburg &#8222;Haftung f\u00fcr Links&#8220; vom 12. Mai 1998 &#8211; Aktenzeichen 312 0 85\/98 distanzieren sich die SG NARVA Berlin e.V. sowie der Betreiber dieser Seiten hiermit von Aussagen und Inhalten gelinkter Seiten. Zum &hellip; Weiterlesen &rarr;\" \/>\n<meta property=\"og:url\" content=\"https:\/\/www.narva-schach.de\/wordpress\/links\/\" \/>\n<meta property=\"article:publisher\" content=\"http:\/\/www.facebook.com\/pages\/SG-NARVA-Berlin-eV-Abteilung-Schach\/214119148621903\" \/>\n<meta property=\"article:modified_time\" content=\"2025-08-15T10:45:40+00:00\" \/>\n<meta name=\"twitter:card\" content=\"summary_large_image\" \/>\n<meta name=\"twitter:label1\" content=\"Gesch\u00e4tzte Lesezeit\" \/>\n\t<meta name=\"twitter:data1\" content=\"2\u00a0Minuten\" \/>\n<script type=\"application\/ld+json\" class=\"yoast-schema-graph\">{\"@context\":\"https:\\\/\\\/schema.org\",\"@graph\":[{\"@type\":\"WebPage\",\"@id\":\"https:\\\/\\\/www.narva-schach.de\\\/wordpress\\\/links\\\/\",\"url\":\"https:\\\/\\\/www.narva-schach.de\\\/wordpress\\\/links\\\/\",\"name\":\"Links &#8211; SG NARVA Berlin e.V. &#8211; Abteilung Schach\",\"isPartOf\":{\"@id\":\"https:\\\/\\\/www.narva-schach.de\\\/wordpress\\\/#website\"},\"datePublished\":\"2016-05-25T06:39:03+00:00\",\"dateModified\":\"2025-08-15T10:45:40+00:00\",\"breadcrumb\":{\"@id\":\"https:\\\/\\\/www.narva-schach.de\\\/wordpress\\\/links\\\/#breadcrumb\"},\"inLanguage\":\"de\",\"potentialAction\":[{\"@type\":\"ReadAction\",\"target\":[\"https:\\\/\\\/www.narva-schach.de\\\/wordpress\\\/links\\\/\"]}]},{\"@type\":\"BreadcrumbList\",\"@id\":\"https:\\\/\\\/www.narva-schach.de\\\/wordpress\\\/links\\\/#breadcrumb\",\"itemListElement\":[{\"@type\":\"ListItem\",\"position\":1,\"name\":\"Startseite\",\"item\":\"https:\\\/\\\/www.narva-schach.de\\\/wordpress\\\/\"},{\"@type\":\"ListItem\",\"position\":2,\"name\":\"Links\"}]},{\"@type\":\"WebSite\",\"@id\":\"https:\\\/\\\/www.narva-schach.de\\\/wordpress\\\/#website\",\"url\":\"https:\\\/\\\/www.narva-schach.de\\\/wordpress\\\/\",\"name\":\"\",\"description\":\"\",\"publisher\":{\"@id\":\"https:\\\/\\\/www.narva-schach.de\\\/wordpress\\\/#organization\"},\"potentialAction\":[{\"@type\":\"SearchAction\",\"target\":{\"@type\":\"EntryPoint\",\"urlTemplate\":\"https:\\\/\\\/www.narva-schach.de\\\/wordpress\\\/?s={search_term_string}\"},\"query-input\":{\"@type\":\"PropertyValueSpecification\",\"valueRequired\":true,\"valueName\":\"search_term_string\"}}],\"inLanguage\":\"de\"},{\"@type\":\"Organization\",\"@id\":\"https:\\\/\\\/www.narva-schach.de\\\/wordpress\\\/#organization\",\"name\":\"SG NARVA Berlin e.V. Abteilung Schach\",\"url\":\"https:\\\/\\\/www.narva-schach.de\\\/wordpress\\\/\",\"logo\":{\"@type\":\"ImageObject\",\"inLanguage\":\"de\",\"@id\":\"https:\\\/\\\/www.narva-schach.de\\\/wordpress\\\/#\\\/schema\\\/logo\\\/image\\\/\",\"url\":\"http:\\\/\\\/www.narva-schach.de\\\/wordpress\\\/wp-content\\\/uploads\\\/2016\\\/03\\\/NARVA-Logo-gro\u00df.jpg\",\"contentUrl\":\"http:\\\/\\\/www.narva-schach.de\\\/wordpress\\\/wp-content\\\/uploads\\\/2016\\\/03\\\/NARVA-Logo-gro\u00df.jpg\",\"width\":480,\"height\":480,\"caption\":\"SG NARVA Berlin e.V. Abteilung Schach\"},\"image\":{\"@id\":\"https:\\\/\\\/www.narva-schach.de\\\/wordpress\\\/#\\\/schema\\\/logo\\\/image\\\/\"},\"sameAs\":[\"http:\\\/\\\/www.facebook.com\\\/pages\\\/SG-NARVA-Berlin-eV-Abteilung-Schach\\\/214119148621903\",\"https:\\\/\\\/www.instagram.com\\\/sgnarvaschach\\\/?ref=badge\"]}]}<\/script>\n<!-- \/ Yoast SEO plugin. -->","yoast_head_json":{"title":"Links &#8211; SG NARVA Berlin e.V. &#8211; Abteilung Schach","robots":{"index":"index","follow":"follow","max-snippet":"max-snippet:-1","max-image-preview":"max-image-preview:large","max-video-preview":"max-video-preview:-1"},"canonical":"https:\/\/www.narva-schach.de\/wordpress\/links\/","og_locale":"de_DE","og_type":"article","og_title":"Links &#8211; SG NARVA Berlin e.V. &#8211; Abteilung Schach","og_description":"Im Sinne des Urteiles des Landgerichts (LG) Hamburg &#8222;Haftung f\u00fcr Links&#8220; vom 12. Mai 1998 &#8211; Aktenzeichen 312 0 85\/98 distanzieren sich die SG NARVA Berlin e.V. sowie der Betreiber dieser Seiten hiermit von Aussagen und Inhalten gelinkter Seiten. Zum &hellip; Weiterlesen &rarr;","og_url":"https:\/\/www.narva-schach.de\/wordpress\/links\/","article_publisher":"http:\/\/www.facebook.com\/pages\/SG-NARVA-Berlin-eV-Abteilung-Schach\/214119148621903","article_modified_time":"2025-08-15T10:45:40+00:00","twitter_card":"summary_large_image","twitter_misc":{"Gesch\u00e4tzte Lesezeit":"2\u00a0Minuten"},"schema":{"@context":"https:\/\/schema.org","@graph":[{"@type":"WebPage","@id":"https:\/\/www.narva-schach.de\/wordpress\/links\/","url":"https:\/\/www.narva-schach.de\/wordpress\/links\/","name":"Links &#8211; SG NARVA Berlin e.V. &#8211; Abteilung Schach","isPartOf":{"@id":"https:\/\/www.narva-schach.de\/wordpress\/#website"},"datePublished":"2016-05-25T06:39:03+00:00","dateModified":"2025-08-15T10:45:40+00:00","breadcrumb":{"@id":"https:\/\/www.narva-schach.de\/wordpress\/links\/#breadcrumb"},"inLanguage":"de","potentialAction":[{"@type":"ReadAction","target":["https:\/\/www.narva-schach.de\/wordpress\/links\/"]}]},{"@type":"BreadcrumbList","@id":"https:\/\/www.narva-schach.de\/wordpress\/links\/#breadcrumb","itemListElement":[{"@type":"ListItem","position":1,"name":"Startseite","item":"https:\/\/www.narva-schach.de\/wordpress\/"},{"@type":"ListItem","position":2,"name":"Links"}]},{"@type":"WebSite","@id":"https:\/\/www.narva-schach.de\/wordpress\/#website","url":"https:\/\/www.narva-schach.de\/wordpress\/","name":"","description":"","publisher":{"@id":"https:\/\/www.narva-schach.de\/wordpress\/#organization"},"potentialAction":[{"@type":"SearchAction","target":{"@type":"EntryPoint","urlTemplate":"https:\/\/www.narva-schach.de\/wordpress\/?s={search_term_string}"},"query-input":{"@type":"PropertyValueSpecification","valueRequired":true,"valueName":"search_term_string"}}],"inLanguage":"de"},{"@type":"Organization","@id":"https:\/\/www.narva-schach.de\/wordpress\/#organization","name":"SG NARVA Berlin e.V. Abteilung Schach","url":"https:\/\/www.narva-schach.de\/wordpress\/","logo":{"@type":"ImageObject","inLanguage":"de","@id":"https:\/\/www.narva-schach.de\/wordpress\/#\/schema\/logo\/image\/","url":"http:\/\/www.narva-schach.de\/wordpress\/wp-content\/uploads\/2016\/03\/NARVA-Logo-gro\u00df.jpg","contentUrl":"http:\/\/www.narva-schach.de\/wordpress\/wp-content\/uploads\/2016\/03\/NARVA-Logo-gro\u00df.jpg","width":480,"height":480,"caption":"SG NARVA Berlin e.V. Abteilung Schach"},"image":{"@id":"https:\/\/www.narva-schach.de\/wordpress\/#\/schema\/logo\/image\/"},"sameAs":["http:\/\/www.facebook.com\/pages\/SG-NARVA-Berlin-eV-Abteilung-Schach\/214119148621903","https:\/\/www.instagram.com\/sgnarvaschach\/?ref=badge"]}]}},"_links":{"self":[{"href":"https:\/\/www.narva-schach.de\/wordpress\/wp-json\/wp\/v2\/pages\/164","targetHints":{"allow":["GET"]}}],"collection":[{"href":"https:\/\/www.narva-schach.de\/wordpress\/wp-json\/wp\/v2\/pages"}],"about":[{"href":"https:\/\/www.narva-schach.de\/wordpress\/wp-json\/wp\/v2\/types\/page"}],"author":[{"embeddable":true,"href":"https:\/\/www.narva-schach.de\/wordpress\/wp-json\/wp\/v2\/users\/1"}],"replies":[{"embeddable":true,"href":"https:\/\/www.narva-schach.de\/wordpress\/wp-json\/wp\/v2\/comments?post=164"}],"version-history":[{"count":20,"href":"https:\/\/www.narva-schach.de\/wordpress\/wp-json\/wp\/v2\/pages\/164\/revisions"}],"predecessor-version":[{"id":13998,"href":"https:\/\/www.narva-schach.de\/wordpress\/wp-json\/wp\/v2\/pages\/164\/revisions\/13998"}],"wp:attachment":[{"href":"https:\/\/www.narva-schach.de\/wordpress\/wp-json\/wp\/v2\/media?parent=164"}],"curies":[{"name":"wp","href":"https:\/\/api.w.org\/{rel}","templated":true}]}}