{"id":188,"date":"2016-05-25T09:09:47","date_gmt":"2016-05-25T07:09:47","guid":{"rendered":"http:\/\/www.narva-schach.de\/wordpress\/?page_id=188"},"modified":"2018-10-25T06:38:00","modified_gmt":"2018-10-25T04:38:00","slug":"2016-2","status":"publish","type":"page","link":"https:\/\/www.narva-schach.de\/wordpress\/kurt-richter-turnier\/2016-2\/","title":{"rendered":"2016"},"content":{"rendered":"<table border=\"1\" width=\"85%\">\n<tbody>\n<tr>\n<th align=\"center\">\n<h2><span style=\"text-decoration: underline;\"><strong>Kurt-Richter-Gedenkturnier 2016 (KRT)<\/strong><\/span><\/h2>\n<\/th>\n<\/tr>\n<\/tbody>\n<\/table>\n<p><a href=\"http:\/\/www.narva-schach.de\/wordpress\/kurt-richter-turnier\/2016-2\/teilnehmerliste\/\">Teilnehmer<\/a><\/p>\n<p><a href=\"http:\/\/www.narva-schach.de\/wordpress\/kurt-richter-turnier\/2016-2\/ergebnisse\/\">Ergebnisse<\/a><\/p>\n<p><a href=\"http:\/\/www.narva-schach.de\/wordpress\/kurt-richter-turnier\/2016-2\/rangliste-dwz\/\">Ranglisten + DWZ<\/a><\/p>\n<p><span style=\"font-size: medium;\"><u>1.Rahmen:<\/u><\/span><br \/>\n<span style=\"font-size: small;\">Das KRT ist ein offenes Turnier f\u00fcr maximal 50 Teilnehmer, das vom Berliner Schachverband unterst\u00fctzt wird. Es wird DWZ-gewertet. Wie immer famili\u00e4r, geringes Startgeld und gute preiswerte Verpflegung.<\/span><\/p>\n<p><span style=\"font-size: medium;\"><u>2.Modus:<\/u><\/span><br \/>\n<span style=\"font-size: small;\">Gespielt werden 5 Runden im Schweizer System. In 90 Minuten m\u00fcssen 40 Z\u00fcge absolviert werden, dann 30 Minuten f\u00fcr den Rest.<\/span><\/p>\n<p><span style=\"font-size: medium;\"><u>3.Zeitplan:<\/u><\/span><\/p>\n<table border=\"0\" width=\"60%\">\n<tbody>\n<tr>\n<td><span style=\"font-size: small;\">Freitag, 22.07.2016<\/span><\/td>\n<td><span style=\"font-size: small;\">ab 17:30 Uhr<\/span><\/td>\n<td><span style=\"font-size: small;\">Anmeldung<\/span><\/td>\n<\/tr>\n<tr>\n<td><span style=\"font-size: small;\">\u00a0<\/span><\/td>\n<td><span style=\"font-size: small;\">18:15 Uhr<\/span><\/td>\n<td><span style=\"font-size: small;\">Er\u00f6ffnung, dann 1.Runde<\/span><\/td>\n<\/tr>\n<tr>\n<td><span style=\"font-size: small;\">Samstag, 23.07.2016<\/span><\/td>\n<td><span style=\"font-size: small;\">10:00 Uhr<\/span><\/td>\n<td><span style=\"font-size: small;\">2.Runde<\/span><\/td>\n<\/tr>\n<tr>\n<td><span style=\"font-size: small;\">\u00a0<\/span><\/td>\n<td><span style=\"font-size: small;\">14:00 Uhr<\/span><\/td>\n<td><span style=\"font-size: small;\">Mittagspause<\/span><\/td>\n<\/tr>\n<tr>\n<td><span style=\"font-size: small;\">\u00a0<\/span><\/td>\n<td><span style=\"font-size: small;\">14:30 Uhr<\/span><\/td>\n<td><span style=\"font-size: small;\">3.Runde<\/span><\/td>\n<\/tr>\n<tr>\n<td><span style=\"font-size: small;\">Sonntag, 24.07.2016<\/span><\/td>\n<td><span style=\"font-size: small;\">10:00 Uhr<\/span><\/td>\n<td><span style=\"font-size: small;\">4.Runde<\/span><\/td>\n<\/tr>\n<tr>\n<td><span style=\"font-size: small;\">\u00a0<\/span><\/td>\n<td><span style=\"font-size: small;\">14:00 Uhr<\/span><\/td>\n<td><span style=\"font-size: small;\">Mittagspause<\/span><\/td>\n<\/tr>\n<tr>\n<td><span style=\"font-size: small;\">\u00a0<\/span><\/td>\n<td><span style=\"font-size: small;\">14:30 Uhr<\/span><\/td>\n<td><span style=\"font-size: small;\">5.Runde<\/span><\/td>\n<\/tr>\n<tr>\n<td><span style=\"font-size: small;\">\u00a0<\/span><\/td>\n<td><span style=\"font-size: small;\">ca. 18:30 Uhr<\/span><\/td>\n<td><span style=\"font-size: small;\">Siegerehrung<\/span><\/td>\n<\/tr>\n<\/tbody>\n<\/table>\n<p><span style=\"font-size: medium;\"><u>4.Startgeld:<\/u><\/span><br \/>\n<span style=\"font-size: small;\">10,- \u20ac f\u00fcr jeden Teilnehmer<br \/>\n\u00dcberweisung des Startgeldes auf das Konto (siehe ganz unten) m\u00f6glich<\/span><\/p>\n<p><span style=\"font-size: medium;\"><u>5.Preise:<\/u><\/span><br \/>\n<span style=\"font-size: small;\">Platz 1 = 100,- \u20ac<br \/>\nPlatz 2 = 75,- \u20ac<br \/>\nPlatz 3 = 50,- \u20ac<br \/>\nWeitere Geld- und Sachpreise in Abh\u00e4ngigkeit von Teilnehmerzahl, sowie Urkunden f\u00fcr die Erfolgreichsten; Weitere \u00dcberraschungen und Sonderpreise, auch f\u00fcr hintere Platzierungen.<br \/>\nEinen Sonderpreis gibt es f\u00fcr die beste Mannschaft (3 oder mehr Teilnehmer aus einem Verein)<\/span><\/p>\n<p><span style=\"font-size: medium;\"><u>6.Wertung der Ergebnisse:<\/u><\/span><br \/>\n<span style=\"font-size: small;\">1. Erreichte Punkte<br \/>\n2. Buchholzwertung<br \/>\n3. Sonneborn-Berger<\/span><\/p>\n<p><span style=\"font-size: medium;\"><u>7.Anmeldung:<\/u><\/span><br \/>\n<span style=\"font-size: small;\">Anmeldungen per E-Mail an info@narva-schach.de unter Angabe von Name, Vorname, Geburtstag, Verein und Rufnummer\/Mail.<br \/>\n\u00dcber die Teilnahme entscheidet die Reihenfolge der Anmeldung.<\/span><\/p>\n<p><span style=\"font-size: medium;\"><u>8.Spielort \/ Anfahrt:<\/u><\/span><br \/>\n<span style=\"font-size: small;\">\u201eRuDi \u2013 Nachbarschaftszentrum\u201c, Modersohnstr. 55, 10245 Berlin.<br \/>\nBequem mit der U- oder S-Bahn, Tram M 10 ( Warschauer Str. ) zu erreichen.<\/span><\/p>\n<p><span style=\"font-size: medium;\"><u>9.Speisen und Getr\u00e4nke:<\/u><\/span><br \/>\n<span style=\"font-size: small;\">Werden zu moderaten Preisen angeboten.<\/span><\/p>\n<p><span style=\"font-size: medium;\"><u>10.\u00dcberweisung Startgeld:<\/u><\/span><br \/>\n<span style=\"font-size: small;\">Kontoinhaber: SG NARVA E.V.<br \/>\nKreditinstitut: Berliner Sparkasse<br \/>\nIBAN: DE85100500006600756665<br \/>\nBIC: BELADEBEXXX <\/span><\/p>\n<p><a class=\"file\" title=\"Datei &quot;Ausschreibung KRT 2016.pdf&quot; der Kategorie &quot;KRT&quot; herunterladen\" href=\"http:\/\/www.narva-schach.de\/moziloCMS\/cms\/download.php?cat=12_KRT&amp;file=Ausschreibung%20KRT%202016.pdf\" target=\"_blank\" rel=\"noopener\">Ausschreibung als PDF<\/a><\/p>\n","protected":false},"excerpt":{"rendered":"<p>Kurt-Richter-Gedenkturnier 2016 (KRT) Teilnehmer Ergebnisse Ranglisten + DWZ 1.Rahmen: Das KRT ist ein offenes Turnier f\u00fcr maximal 50 Teilnehmer, das vom Berliner Schachverband unterst\u00fctzt wird. Es wird DWZ-gewertet. Wie immer famili\u00e4r, geringes Startgeld und gute preiswerte Verpflegung. 2.Modus: Gespielt werden &hellip; <a href=\"https:\/\/www.narva-schach.de\/wordpress\/kurt-richter-turnier\/2016-2\/\">Weiterlesen <span class=\"meta-nav\">&rarr;<\/span><\/a><\/p>\n","protected":false},"author":1,"featured_media":0,"parent":243,"menu_order":0,"comment_status":"closed","ping_status":"closed","template":"","meta":{"footnotes":""},"class_list":["post-188","page","type-page","status-publish","hentry"],"yoast_head":"<!-- This site is optimized with the Yoast SEO plugin v27.5 - https:\/\/yoast.com\/product\/yoast-seo-wordpress\/ -->\n<title>2016 &#8211; SG NARVA Berlin e.V. &#8211; Abteilung Schach<\/title>\n<meta name=\"robots\" content=\"index, follow, max-snippet:-1, max-image-preview:large, max-video-preview:-1\" \/>\n<link rel=\"canonical\" href=\"https:\/\/www.narva-schach.de\/wordpress\/kurt-richter-turnier\/2016-2\/\" \/>\n<meta property=\"og:locale\" content=\"de_DE\" \/>\n<meta property=\"og:type\" content=\"article\" \/>\n<meta property=\"og:title\" content=\"2016 &#8211; SG NARVA Berlin e.V. &#8211; Abteilung Schach\" \/>\n<meta property=\"og:description\" content=\"Kurt-Richter-Gedenkturnier 2016 (KRT) Teilnehmer Ergebnisse Ranglisten + DWZ 1.Rahmen: Das KRT ist ein offenes Turnier f\u00fcr maximal 50 Teilnehmer, das vom Berliner Schachverband unterst\u00fctzt wird. Es wird DWZ-gewertet. Wie immer famili\u00e4r, geringes Startgeld und gute preiswerte Verpflegung. 2.Modus: Gespielt werden &hellip; Weiterlesen &rarr;\" \/>\n<meta property=\"og:url\" content=\"https:\/\/www.narva-schach.de\/wordpress\/kurt-richter-turnier\/2016-2\/\" \/>\n<meta property=\"article:publisher\" content=\"http:\/\/www.facebook.com\/pages\/SG-NARVA-Berlin-eV-Abteilung-Schach\/214119148621903\" \/>\n<meta property=\"article:modified_time\" content=\"2018-10-25T04:38:00+00:00\" \/>\n<meta name=\"twitter:card\" content=\"summary_large_image\" \/>\n<meta name=\"twitter:label1\" content=\"Gesch\u00e4tzte Lesezeit\" \/>\n\t<meta name=\"twitter:data1\" content=\"1\u00a0Minute\" \/>\n<script type=\"application\/ld+json\" class=\"yoast-schema-graph\">{\"@context\":\"https:\\\/\\\/schema.org\",\"@graph\":[{\"@type\":\"WebPage\",\"@id\":\"https:\\\/\\\/www.narva-schach.de\\\/wordpress\\\/kurt-richter-turnier\\\/2016-2\\\/\",\"url\":\"https:\\\/\\\/www.narva-schach.de\\\/wordpress\\\/kurt-richter-turnier\\\/2016-2\\\/\",\"name\":\"2016 &#8211; SG NARVA Berlin e.V. &#8211; Abteilung Schach\",\"isPartOf\":{\"@id\":\"https:\\\/\\\/www.narva-schach.de\\\/wordpress\\\/#website\"},\"datePublished\":\"2016-05-25T07:09:47+00:00\",\"dateModified\":\"2018-10-25T04:38:00+00:00\",\"breadcrumb\":{\"@id\":\"https:\\\/\\\/www.narva-schach.de\\\/wordpress\\\/kurt-richter-turnier\\\/2016-2\\\/#breadcrumb\"},\"inLanguage\":\"de\",\"potentialAction\":[{\"@type\":\"ReadAction\",\"target\":[\"https:\\\/\\\/www.narva-schach.de\\\/wordpress\\\/kurt-richter-turnier\\\/2016-2\\\/\"]}]},{\"@type\":\"BreadcrumbList\",\"@id\":\"https:\\\/\\\/www.narva-schach.de\\\/wordpress\\\/kurt-richter-turnier\\\/2016-2\\\/#breadcrumb\",\"itemListElement\":[{\"@type\":\"ListItem\",\"position\":1,\"name\":\"Startseite\",\"item\":\"https:\\\/\\\/www.narva-schach.de\\\/wordpress\\\/\"},{\"@type\":\"ListItem\",\"position\":2,\"name\":\"Kurt-Richter-Gedenkturnier\",\"item\":\"https:\\\/\\\/www.narva-schach.de\\\/wordpress\\\/kurt-richter-turnier\\\/\"},{\"@type\":\"ListItem\",\"position\":3,\"name\":\"2016\"}]},{\"@type\":\"WebSite\",\"@id\":\"https:\\\/\\\/www.narva-schach.de\\\/wordpress\\\/#website\",\"url\":\"https:\\\/\\\/www.narva-schach.de\\\/wordpress\\\/\",\"name\":\"\",\"description\":\"\",\"publisher\":{\"@id\":\"https:\\\/\\\/www.narva-schach.de\\\/wordpress\\\/#organization\"},\"potentialAction\":[{\"@type\":\"SearchAction\",\"target\":{\"@type\":\"EntryPoint\",\"urlTemplate\":\"https:\\\/\\\/www.narva-schach.de\\\/wordpress\\\/?s={search_term_string}\"},\"query-input\":{\"@type\":\"PropertyValueSpecification\",\"valueRequired\":true,\"valueName\":\"search_term_string\"}}],\"inLanguage\":\"de\"},{\"@type\":\"Organization\",\"@id\":\"https:\\\/\\\/www.narva-schach.de\\\/wordpress\\\/#organization\",\"name\":\"SG NARVA Berlin e.V. Abteilung Schach\",\"url\":\"https:\\\/\\\/www.narva-schach.de\\\/wordpress\\\/\",\"logo\":{\"@type\":\"ImageObject\",\"inLanguage\":\"de\",\"@id\":\"https:\\\/\\\/www.narva-schach.de\\\/wordpress\\\/#\\\/schema\\\/logo\\\/image\\\/\",\"url\":\"http:\\\/\\\/www.narva-schach.de\\\/wordpress\\\/wp-content\\\/uploads\\\/2016\\\/03\\\/NARVA-Logo-gro\u00df.jpg\",\"contentUrl\":\"http:\\\/\\\/www.narva-schach.de\\\/wordpress\\\/wp-content\\\/uploads\\\/2016\\\/03\\\/NARVA-Logo-gro\u00df.jpg\",\"width\":480,\"height\":480,\"caption\":\"SG NARVA Berlin e.V. Abteilung Schach\"},\"image\":{\"@id\":\"https:\\\/\\\/www.narva-schach.de\\\/wordpress\\\/#\\\/schema\\\/logo\\\/image\\\/\"},\"sameAs\":[\"http:\\\/\\\/www.facebook.com\\\/pages\\\/SG-NARVA-Berlin-eV-Abteilung-Schach\\\/214119148621903\",\"https:\\\/\\\/www.instagram.com\\\/sgnarvaschach\\\/?ref=badge\"]}]}<\/script>\n<!-- \/ Yoast SEO plugin. -->","yoast_head_json":{"title":"2016 &#8211; SG NARVA Berlin e.V. &#8211; Abteilung Schach","robots":{"index":"index","follow":"follow","max-snippet":"max-snippet:-1","max-image-preview":"max-image-preview:large","max-video-preview":"max-video-preview:-1"},"canonical":"https:\/\/www.narva-schach.de\/wordpress\/kurt-richter-turnier\/2016-2\/","og_locale":"de_DE","og_type":"article","og_title":"2016 &#8211; SG NARVA Berlin e.V. &#8211; Abteilung Schach","og_description":"Kurt-Richter-Gedenkturnier 2016 (KRT) Teilnehmer Ergebnisse Ranglisten + DWZ 1.Rahmen: Das KRT ist ein offenes Turnier f\u00fcr maximal 50 Teilnehmer, das vom Berliner Schachverband unterst\u00fctzt wird. Es wird DWZ-gewertet. Wie immer famili\u00e4r, geringes Startgeld und gute preiswerte Verpflegung. 2.Modus: Gespielt werden &hellip; Weiterlesen &rarr;","og_url":"https:\/\/www.narva-schach.de\/wordpress\/kurt-richter-turnier\/2016-2\/","article_publisher":"http:\/\/www.facebook.com\/pages\/SG-NARVA-Berlin-eV-Abteilung-Schach\/214119148621903","article_modified_time":"2018-10-25T04:38:00+00:00","twitter_card":"summary_large_image","twitter_misc":{"Gesch\u00e4tzte Lesezeit":"1\u00a0Minute"},"schema":{"@context":"https:\/\/schema.org","@graph":[{"@type":"WebPage","@id":"https:\/\/www.narva-schach.de\/wordpress\/kurt-richter-turnier\/2016-2\/","url":"https:\/\/www.narva-schach.de\/wordpress\/kurt-richter-turnier\/2016-2\/","name":"2016 &#8211; SG NARVA Berlin e.V. &#8211; Abteilung Schach","isPartOf":{"@id":"https:\/\/www.narva-schach.de\/wordpress\/#website"},"datePublished":"2016-05-25T07:09:47+00:00","dateModified":"2018-10-25T04:38:00+00:00","breadcrumb":{"@id":"https:\/\/www.narva-schach.de\/wordpress\/kurt-richter-turnier\/2016-2\/#breadcrumb"},"inLanguage":"de","potentialAction":[{"@type":"ReadAction","target":["https:\/\/www.narva-schach.de\/wordpress\/kurt-richter-turnier\/2016-2\/"]}]},{"@type":"BreadcrumbList","@id":"https:\/\/www.narva-schach.de\/wordpress\/kurt-richter-turnier\/2016-2\/#breadcrumb","itemListElement":[{"@type":"ListItem","position":1,"name":"Startseite","item":"https:\/\/www.narva-schach.de\/wordpress\/"},{"@type":"ListItem","position":2,"name":"Kurt-Richter-Gedenkturnier","item":"https:\/\/www.narva-schach.de\/wordpress\/kurt-richter-turnier\/"},{"@type":"ListItem","position":3,"name":"2016"}]},{"@type":"WebSite","@id":"https:\/\/www.narva-schach.de\/wordpress\/#website","url":"https:\/\/www.narva-schach.de\/wordpress\/","name":"","description":"","publisher":{"@id":"https:\/\/www.narva-schach.de\/wordpress\/#organization"},"potentialAction":[{"@type":"SearchAction","target":{"@type":"EntryPoint","urlTemplate":"https:\/\/www.narva-schach.de\/wordpress\/?s={search_term_string}"},"query-input":{"@type":"PropertyValueSpecification","valueRequired":true,"valueName":"search_term_string"}}],"inLanguage":"de"},{"@type":"Organization","@id":"https:\/\/www.narva-schach.de\/wordpress\/#organization","name":"SG NARVA Berlin e.V. Abteilung Schach","url":"https:\/\/www.narva-schach.de\/wordpress\/","logo":{"@type":"ImageObject","inLanguage":"de","@id":"https:\/\/www.narva-schach.de\/wordpress\/#\/schema\/logo\/image\/","url":"http:\/\/www.narva-schach.de\/wordpress\/wp-content\/uploads\/2016\/03\/NARVA-Logo-gro\u00df.jpg","contentUrl":"http:\/\/www.narva-schach.de\/wordpress\/wp-content\/uploads\/2016\/03\/NARVA-Logo-gro\u00df.jpg","width":480,"height":480,"caption":"SG NARVA Berlin e.V. Abteilung Schach"},"image":{"@id":"https:\/\/www.narva-schach.de\/wordpress\/#\/schema\/logo\/image\/"},"sameAs":["http:\/\/www.facebook.com\/pages\/SG-NARVA-Berlin-eV-Abteilung-Schach\/214119148621903","https:\/\/www.instagram.com\/sgnarvaschach\/?ref=badge"]}]}},"_links":{"self":[{"href":"https:\/\/www.narva-schach.de\/wordpress\/wp-json\/wp\/v2\/pages\/188","targetHints":{"allow":["GET"]}}],"collection":[{"href":"https:\/\/www.narva-schach.de\/wordpress\/wp-json\/wp\/v2\/pages"}],"about":[{"href":"https:\/\/www.narva-schach.de\/wordpress\/wp-json\/wp\/v2\/types\/page"}],"author":[{"embeddable":true,"href":"https:\/\/www.narva-schach.de\/wordpress\/wp-json\/wp\/v2\/users\/1"}],"replies":[{"embeddable":true,"href":"https:\/\/www.narva-schach.de\/wordpress\/wp-json\/wp\/v2\/comments?post=188"}],"version-history":[{"count":6,"href":"https:\/\/www.narva-schach.de\/wordpress\/wp-json\/wp\/v2\/pages\/188\/revisions"}],"predecessor-version":[{"id":4961,"href":"https:\/\/www.narva-schach.de\/wordpress\/wp-json\/wp\/v2\/pages\/188\/revisions\/4961"}],"up":[{"embeddable":true,"href":"https:\/\/www.narva-schach.de\/wordpress\/wp-json\/wp\/v2\/pages\/243"}],"wp:attachment":[{"href":"https:\/\/www.narva-schach.de\/wordpress\/wp-json\/wp\/v2\/media?parent=188"}],"curies":[{"name":"wp","href":"https:\/\/api.w.org\/{rel}","templated":true}]}}