{"id":229,"date":"2016-05-25T11:08:42","date_gmt":"2016-05-25T09:08:42","guid":{"rendered":"http:\/\/www.narva-schach.de\/wordpress\/?page_id=229"},"modified":"2026-01-08T14:42:16","modified_gmt":"2026-01-08T13:42:16","slug":"bmm-termine","status":"publish","type":"page","link":"https:\/\/www.narva-schach.de\/wordpress\/termine\/bmm-termine\/","title":{"rendered":"BMM Termine"},"content":{"rendered":"<style><span data-mce-type=\"bookmark\" style=\"display: inline-block; width: 0px; overflow: hidden; line-height: 0;\" class=\"mce_SELRES_start\">\ufeff<\/span><span data-mce-type=\"bookmark\" style=\"display: inline-block; width: 0px; overflow: hidden; line-height: 0;\" class=\"mce_SELRES_start\">\ufeff<\/span><br \/> .t_container { position:relative;left:-50px; }<br \/> .smartphone .t_container { left:0px; }<br \/><\/style>\n<div class=\"t_container\" style=\"overflow: visible;\">\n<table class=\"clean footable\" style=\"width: 100%; height: 234px;\">\n<thead>\n<tr style=\"height: 18px;\">\n<th style=\"height: 18px; padding-left: 5px; padding-right: 5px; width: 7.5%;\" nowrap=\"nowrap\">Runde<\/th>\n<th style=\"height: 18px; padding-left: 5px; padding-right: 5px; width: 12.3438%;\">Datum<\/th>\n<th style=\"height: 18px; width: 35%;\">1.Mannschaft<\/th>\n<th style=\"height: 18px; width: 23.75%;\">2.Mannschaft<\/th>\n<th style=\"height: 18px; width: 21.0938%;\">3.Mannschaft<\/th>\n<\/tr>\n<\/thead>\n<tbody>\n<tr style=\"height: 24px;\">\n<td style=\"text-align: center; height: 24px; padding-left: 5px; padding-right: 5px; width: 7.5%;\"><span style=\"font-size: 10pt;\">1<\/span><\/td>\n<td style=\"text-align: center; height: 24px; padding-left: 5px; padding-right: 5px; width: 12.3438%;\"><span style=\"font-size: 10pt;\">12.10.2025 (H)<\/span><\/td>\n<td style=\"width: 35%; height: 24px; padding-left: 5px; padding-right: 5px;\" nowrap=\"nowrap\"><span style=\"font-size: 10pt; color: #ff0000;\">SC Weisse Dame 3<br \/>\n10 Uhr<\/span><\/td>\n<td style=\"width: 23.75%; height: 24px; padding-left: 5px; padding-right: 5px;\" nowrap=\"nowrap\"><span style=\"font-size: 10pt; color: #0000ff;\">SG Wei\u00dfensee<br \/>\n10 Uhr<\/span><\/td>\n<td style=\"width: 21.0938%; height: 24px; padding-left: 5px; padding-right: 5px;\" nowrap=\"nowrap\"><span style=\"font-size: 10pt; color: #008000;\">SC Weisse Dame 5<br \/>\n10 Uhr<\/span><\/td>\n<\/tr>\n<tr style=\"height: 24px;\">\n<td style=\"text-align: center; height: 24px; padding-left: 5px; padding-right: 5px; width: 7.5%;\"><span style=\"font-size: 10pt;\">2<\/span><\/td>\n<td style=\"text-align: center; height: 24px; padding-left: 5px; padding-right: 5px; width: 12.3438%;\"><span style=\"font-size: 10pt;\">09.11.2025 (A)<\/span><\/td>\n<td style=\"width: 35%; height: 24px; padding-left: 5px; padding-right: 5px;\" nowrap=\"nowrap\"><span style=\"font-size: 10pt; color: #ff0000;\">TSG Obersch\u00f6neweide 2<br \/>\n9 Uhr<\/span><\/td>\n<td style=\"width: 23.75%; height: 24px; padding-left: 5px; padding-right: 5px;\"><span style=\"font-size: 10pt; color: #0000ff;\">TSG Obersch\u00f6neweide 5<br \/>\n9 Uhr<\/span><\/td>\n<td style=\"width: 21.0938%; height: 24px; padding-left: 5px; padding-right: 5px;\" nowrap=\"nowrap\"><span style=\"font-size: 10pt; color: #008000;\">SC Kreuzberg 10<br \/>\n10 Uhr<\/span><\/td>\n<\/tr>\n<tr style=\"height: 24px;\">\n<td style=\"text-align: center; height: 24px; padding-left: 5px; padding-right: 5px; width: 7.5%;\"><span style=\"font-size: 10pt;\">3<\/span><\/td>\n<td style=\"text-align: center; height: 24px; padding-left: 5px; padding-right: 5px; width: 12.3438%;\"><span style=\"font-size: 10pt;\">23.11.2025 (H)<\/span><\/td>\n<td style=\"width: 35%; height: 24px; padding-left: 5px; padding-right: 5px;\" nowrap=\"nowrap\"><span style=\"font-size: 10pt; color: #ff0000;\">SV Friesen Lichtenberg<br \/>\n10 Uhr<\/span><\/td>\n<td style=\"width: 23.75%; height: 24px; padding-left: 5px; padding-right: 5px;\" nowrap=\"nowrap\"><span style=\"font-size: 10pt; color: #0000ff;\">SV Lasker<br \/>\n10 Uhr<\/span><\/td>\n<td style=\"width: 21.0938%; height: 24px; padding-left: 5px; padding-right: 5px;\" nowrap=\"nowrap\"><span style=\"font-size: 10pt; color: #008000;\">SG Eintracht\/Rochade 4<br \/>\n10 Uhr<\/span><\/td>\n<\/tr>\n<tr style=\"height: 24px;\">\n<td style=\"text-align: center; height: 24px; padding-left: 5px; padding-right: 5px; width: 7.5%;\"><span style=\"font-size: 10pt;\">4<\/span><\/td>\n<td style=\"text-align: center; height: 24px; padding-left: 5px; padding-right: 5px; width: 12.3438%;\"><span style=\"font-size: 10pt;\">11.01.2026 (A)<\/span><\/td>\n<td style=\"width: 35%; height: 24px; padding-left: 5px; padding-right: 5px;\"><span style=\"font-size: 10pt; color: #ff0000;\">TuS Makkabi<br \/>\n9 Uhr<\/span><\/td>\n<td style=\"width: 23.75%; height: 24px; padding-left: 5px; padding-right: 5px;\" nowrap=\"nowrap\"><span style=\"font-size: 10pt; color: #0000ff;\">SSV Rotation 2<br \/>\n10 Uhr<\/span><\/td>\n<td style=\"width: 21.0938%; height: 24px; padding-left: 5px; padding-right: 5px;\" nowrap=\"nowrap\"><span style=\"font-size: 10pt; color: #008000;\">TuS Makkabi 3<br \/>\n9 Uhr<\/span><\/td>\n<\/tr>\n<tr style=\"height: 24px;\">\n<td style=\"text-align: center; height: 24px; padding-left: 5px; padding-right: 5px; width: 7.5%;\"><span style=\"font-size: 10pt;\">5<\/span><\/td>\n<td style=\"text-align: center; height: 24px; padding-left: 5px; padding-right: 5px; width: 12.3438%;\"><span style=\"font-size: 10pt;\">25.01.2026 (H)<\/span><\/td>\n<td style=\"width: 35%; height: 24px; padding-left: 5px; padding-right: 5px;\"><span style=\"font-size: 10pt; color: #ff0000;\">Sfr Friedrichshagen<br \/>\n10 Uhr<\/span><\/td>\n<td style=\"width: 23.75%; height: 24px; padding-left: 5px; padding-right: 5px;\"><span style=\"font-size: 10pt; color: #0000ff;\">BSG 1827 Eckbauer 2<br \/>\n10 Uhr<\/span><\/td>\n<td style=\"width: 21.0938%; height: 24px; padding-left: 5px; padding-right: 5px;\" nowrap=\"nowrap\"><span style=\"font-size: 10pt; color: #008000;\">BSG 1827 Eckbauer 3<br \/>\n10 Uhr<\/span><\/td>\n<\/tr>\n<tr style=\"height: 24px;\">\n<td style=\"text-align: center; height: 24px; padding-left: 5px; padding-right: 5px; width: 7.5%;\"><span style=\"font-size: 10pt;\">6<\/span><\/td>\n<td style=\"text-align: center; height: 24px; padding-left: 5px; padding-right: 5px; width: 12.3438%;\"><span style=\"font-size: 10pt;\">22.02.2026 (A)<\/span><\/td>\n<td style=\"width: 35%; height: 24px; padding-left: 5px; padding-right: 5px;\"><span style=\"font-size: 10pt; color: #ff0000;\">SV K\u00f6nigsj\u00e4ger S\u00fcd-West<br \/>\n9 Uhr<\/span><\/td>\n<td style=\"width: 23.75%; height: 24px; padding-left: 5px; padding-right: 5px;\" nowrap=\"nowrap\"><span style=\"font-size: 10pt; color: #0000ff;\">TSV Mariendorf<br \/>\n9 Uhr<\/span><\/td>\n<td style=\"width: 21.0938%; height: 24px; padding-left: 5px; padding-right: 5px;\"><span style=\"font-size: 10pt; color: #008000;\">TSG Obersch\u00f6neweide 9<br \/>\n9 Uhr<\/span><\/td>\n<\/tr>\n<tr style=\"height: 24px;\">\n<td style=\"text-align: center; height: 24px; padding-left: 5px; padding-right: 5px; width: 7.5%;\"><span style=\"font-size: 10pt;\">7<\/span><\/td>\n<td style=\"text-align: center; height: 24px; padding-left: 5px; padding-right: 5px; width: 12.3438%;\"><span style=\"font-size: 10pt;\">08.03.2026 (H)<\/span><\/td>\n<td style=\"width: 35%; height: 24px; padding-left: 5px; padding-right: 5px;\"><span style=\"font-size: 10pt; color: #ff0000;\">SC Kreuzberg 4<br \/>\n10 Uhr<\/span><\/td>\n<td style=\"width: 23.75%; height: 24px; padding-left: 5px; padding-right: 5px;\"><span style=\"font-size: 10pt; color: #0000ff;\">SC Kreuzberg 5<br \/>\n10 Uhr<\/span><\/td>\n<td style=\"width: 21.0938%; height: 24px; padding-left: 5px; padding-right: 5px;\" nowrap=\"nowrap\"><span style=\"font-size: 10pt; color: #008000;\"><em>spielfrei<\/em><\/span><\/td>\n<\/tr>\n<tr style=\"height: 24px;\">\n<td style=\"text-align: center; height: 24px; padding-left: 5px; padding-right: 5px; width: 7.5%;\"><span style=\"font-size: 10pt;\">8<\/span><\/td>\n<td style=\"text-align: center; height: 24px; padding-left: 5px; padding-right: 5px; width: 12.3438%;\"><span style=\"font-size: 10pt;\">22.03.2026 (A)<\/span><\/td>\n<td style=\"width: 35%; height: 24px; padding-left: 5px; padding-right: 5px;\"><span style=\"font-size: 10pt; color: #ff0000;\">SV Empor Berlin<br \/>\n10 Uhr<\/span><\/td>\n<td style=\"width: 23.75%; height: 24px; padding-left: 5px; padding-right: 5px;\" nowrap=\"nowrap\"><span style=\"font-size: 10pt; color: #0000ff;\">TSG Fredersdorf<br \/>\n9 Uhr<\/span><\/td>\n<td style=\"width: 21.0938%; height: 24px; padding-left: 5px; padding-right: 5px;\"><span style=\"font-size: 10pt; color: #008000;\">TSG Fredersdorf 2<br \/>\n9 Uhr<\/span><\/td>\n<\/tr>\n<tr style=\"height: 24px;\">\n<td style=\"text-align: center; height: 24px; padding-left: 5px; padding-right: 5px; width: 7.5%;\"><span style=\"font-size: 10pt;\">9<\/span><\/td>\n<td style=\"text-align: center; height: 24px; padding-left: 5px; padding-right: 5px; width: 12.3438%;\"><span style=\"font-size: 10pt;\">19.04.2026 (H)<\/span><\/td>\n<td style=\"width: 35%; height: 24px; padding-left: 5px; padding-right: 5px;\" nowrap=\"nowrap\"><span style=\"font-size: 10pt; color: #ff0000;\">SC Schwarz-Wei\u00df Lichtenrade<br \/>\n9 Uhr<\/span><\/td>\n<td style=\"width: 23.75%; height: 24px; padding-left: 5px; padding-right: 5px;\" nowrap=\"nowrap\"><span style=\"font-size: 10pt; color: #0000ff;\">SC Schwarz-Wei\u00df Lichtenrade 2<br \/>\n9 Uhr<\/span><\/td>\n<td style=\"width: 21.0938%; height: 24px; padding-left: 5px; padding-right: 5px;\" nowrap=\"nowrap\"><span style=\"font-size: 10pt; color: #008000;\">SC Schwarz-Wei\u00df Lichtenrade 5<br \/>\n9 Uhr<\/span><\/td>\n<\/tr>\n<\/tbody>\n<\/table>\n<\/div>\n","protected":false},"excerpt":{"rendered":"<p>Runde Datum 1.Mannschaft 2.Mannschaft 3.Mannschaft 1 12.10.2025 (H) SC Weisse Dame 3 10 Uhr SG Wei\u00dfensee 10 Uhr SC Weisse Dame 5 10 Uhr 2 09.11.2025 (A) TSG Obersch\u00f6neweide 2 9 Uhr TSG Obersch\u00f6neweide 5 9 Uhr SC Kreuzberg 10 &hellip; <a href=\"https:\/\/www.narva-schach.de\/wordpress\/termine\/bmm-termine\/\">Weiterlesen <span class=\"meta-nav\">&rarr;<\/span><\/a><\/p>\n","protected":false},"author":1,"featured_media":0,"parent":174,"menu_order":0,"comment_status":"closed","ping_status":"closed","template":"onecolumn-page.php","meta":{"footnotes":""},"class_list":["post-229","page","type-page","status-publish","hentry"],"yoast_head":"<!-- This site is optimized with the Yoast SEO plugin v27.3 - https:\/\/yoast.com\/product\/yoast-seo-wordpress\/ -->\n<title>BMM Termine &#8211; SG NARVA Berlin e.V. &#8211; Abteilung Schach<\/title>\n<meta name=\"robots\" content=\"index, follow, max-snippet:-1, max-image-preview:large, max-video-preview:-1\" \/>\n<link rel=\"canonical\" href=\"https:\/\/www.narva-schach.de\/wordpress\/termine\/bmm-termine\/\" \/>\n<meta property=\"og:locale\" content=\"de_DE\" \/>\n<meta property=\"og:type\" content=\"article\" \/>\n<meta property=\"og:title\" content=\"BMM Termine &#8211; SG NARVA Berlin e.V. &#8211; Abteilung Schach\" \/>\n<meta property=\"og:description\" content=\"Runde Datum 1.Mannschaft 2.Mannschaft 3.Mannschaft 1 12.10.2025 (H) SC Weisse Dame 3 10 Uhr SG Wei\u00dfensee 10 Uhr SC Weisse Dame 5 10 Uhr 2 09.11.2025 (A) TSG Obersch\u00f6neweide 2 9 Uhr TSG Obersch\u00f6neweide 5 9 Uhr SC Kreuzberg 10 &hellip; Weiterlesen &rarr;\" \/>\n<meta property=\"og:url\" content=\"https:\/\/www.narva-schach.de\/wordpress\/termine\/bmm-termine\/\" \/>\n<meta property=\"article:publisher\" content=\"http:\/\/www.facebook.com\/pages\/SG-NARVA-Berlin-eV-Abteilung-Schach\/214119148621903\" \/>\n<meta property=\"article:modified_time\" content=\"2026-01-08T13:42:16+00:00\" \/>\n<meta name=\"twitter:card\" content=\"summary_large_image\" \/>\n<meta name=\"twitter:label1\" content=\"Gesch\u00e4tzte Lesezeit\" \/>\n\t<meta name=\"twitter:data1\" content=\"1\u00a0Minute\" \/>\n<script type=\"application\/ld+json\" class=\"yoast-schema-graph\">{\"@context\":\"https:\\\/\\\/schema.org\",\"@graph\":[{\"@type\":\"WebPage\",\"@id\":\"https:\\\/\\\/www.narva-schach.de\\\/wordpress\\\/termine\\\/bmm-termine\\\/\",\"url\":\"https:\\\/\\\/www.narva-schach.de\\\/wordpress\\\/termine\\\/bmm-termine\\\/\",\"name\":\"BMM Termine &#8211; SG NARVA Berlin e.V. &#8211; Abteilung Schach\",\"isPartOf\":{\"@id\":\"https:\\\/\\\/www.narva-schach.de\\\/wordpress\\\/#website\"},\"datePublished\":\"2016-05-25T09:08:42+00:00\",\"dateModified\":\"2026-01-08T13:42:16+00:00\",\"breadcrumb\":{\"@id\":\"https:\\\/\\\/www.narva-schach.de\\\/wordpress\\\/termine\\\/bmm-termine\\\/#breadcrumb\"},\"inLanguage\":\"de\",\"potentialAction\":[{\"@type\":\"ReadAction\",\"target\":[\"https:\\\/\\\/www.narva-schach.de\\\/wordpress\\\/termine\\\/bmm-termine\\\/\"]}]},{\"@type\":\"BreadcrumbList\",\"@id\":\"https:\\\/\\\/www.narva-schach.de\\\/wordpress\\\/termine\\\/bmm-termine\\\/#breadcrumb\",\"itemListElement\":[{\"@type\":\"ListItem\",\"position\":1,\"name\":\"Startseite\",\"item\":\"https:\\\/\\\/www.narva-schach.de\\\/wordpress\\\/\"},{\"@type\":\"ListItem\",\"position\":2,\"name\":\"Termine\",\"item\":\"https:\\\/\\\/www.narva-schach.de\\\/wordpress\\\/termine\\\/\"},{\"@type\":\"ListItem\",\"position\":3,\"name\":\"BMM Termine\"}]},{\"@type\":\"WebSite\",\"@id\":\"https:\\\/\\\/www.narva-schach.de\\\/wordpress\\\/#website\",\"url\":\"https:\\\/\\\/www.narva-schach.de\\\/wordpress\\\/\",\"name\":\"\",\"description\":\"\",\"publisher\":{\"@id\":\"https:\\\/\\\/www.narva-schach.de\\\/wordpress\\\/#organization\"},\"potentialAction\":[{\"@type\":\"SearchAction\",\"target\":{\"@type\":\"EntryPoint\",\"urlTemplate\":\"https:\\\/\\\/www.narva-schach.de\\\/wordpress\\\/?s={search_term_string}\"},\"query-input\":{\"@type\":\"PropertyValueSpecification\",\"valueRequired\":true,\"valueName\":\"search_term_string\"}}],\"inLanguage\":\"de\"},{\"@type\":\"Organization\",\"@id\":\"https:\\\/\\\/www.narva-schach.de\\\/wordpress\\\/#organization\",\"name\":\"SG NARVA Berlin e.V. Abteilung Schach\",\"url\":\"https:\\\/\\\/www.narva-schach.de\\\/wordpress\\\/\",\"logo\":{\"@type\":\"ImageObject\",\"inLanguage\":\"de\",\"@id\":\"https:\\\/\\\/www.narva-schach.de\\\/wordpress\\\/#\\\/schema\\\/logo\\\/image\\\/\",\"url\":\"http:\\\/\\\/www.narva-schach.de\\\/wordpress\\\/wp-content\\\/uploads\\\/2016\\\/03\\\/NARVA-Logo-gro\u00df.jpg\",\"contentUrl\":\"http:\\\/\\\/www.narva-schach.de\\\/wordpress\\\/wp-content\\\/uploads\\\/2016\\\/03\\\/NARVA-Logo-gro\u00df.jpg\",\"width\":480,\"height\":480,\"caption\":\"SG NARVA Berlin e.V. Abteilung Schach\"},\"image\":{\"@id\":\"https:\\\/\\\/www.narva-schach.de\\\/wordpress\\\/#\\\/schema\\\/logo\\\/image\\\/\"},\"sameAs\":[\"http:\\\/\\\/www.facebook.com\\\/pages\\\/SG-NARVA-Berlin-eV-Abteilung-Schach\\\/214119148621903\",\"https:\\\/\\\/www.instagram.com\\\/sgnarvaschach\\\/?ref=badge\"]}]}<\/script>\n<!-- \/ Yoast SEO plugin. -->","yoast_head_json":{"title":"BMM Termine &#8211; SG NARVA Berlin e.V. &#8211; Abteilung Schach","robots":{"index":"index","follow":"follow","max-snippet":"max-snippet:-1","max-image-preview":"max-image-preview:large","max-video-preview":"max-video-preview:-1"},"canonical":"https:\/\/www.narva-schach.de\/wordpress\/termine\/bmm-termine\/","og_locale":"de_DE","og_type":"article","og_title":"BMM Termine &#8211; SG NARVA Berlin e.V. &#8211; Abteilung Schach","og_description":"Runde Datum 1.Mannschaft 2.Mannschaft 3.Mannschaft 1 12.10.2025 (H) SC Weisse Dame 3 10 Uhr SG Wei\u00dfensee 10 Uhr SC Weisse Dame 5 10 Uhr 2 09.11.2025 (A) TSG Obersch\u00f6neweide 2 9 Uhr TSG Obersch\u00f6neweide 5 9 Uhr SC Kreuzberg 10 &hellip; Weiterlesen &rarr;","og_url":"https:\/\/www.narva-schach.de\/wordpress\/termine\/bmm-termine\/","article_publisher":"http:\/\/www.facebook.com\/pages\/SG-NARVA-Berlin-eV-Abteilung-Schach\/214119148621903","article_modified_time":"2026-01-08T13:42:16+00:00","twitter_card":"summary_large_image","twitter_misc":{"Gesch\u00e4tzte Lesezeit":"1\u00a0Minute"},"schema":{"@context":"https:\/\/schema.org","@graph":[{"@type":"WebPage","@id":"https:\/\/www.narva-schach.de\/wordpress\/termine\/bmm-termine\/","url":"https:\/\/www.narva-schach.de\/wordpress\/termine\/bmm-termine\/","name":"BMM Termine &#8211; SG NARVA Berlin e.V. &#8211; Abteilung Schach","isPartOf":{"@id":"https:\/\/www.narva-schach.de\/wordpress\/#website"},"datePublished":"2016-05-25T09:08:42+00:00","dateModified":"2026-01-08T13:42:16+00:00","breadcrumb":{"@id":"https:\/\/www.narva-schach.de\/wordpress\/termine\/bmm-termine\/#breadcrumb"},"inLanguage":"de","potentialAction":[{"@type":"ReadAction","target":["https:\/\/www.narva-schach.de\/wordpress\/termine\/bmm-termine\/"]}]},{"@type":"BreadcrumbList","@id":"https:\/\/www.narva-schach.de\/wordpress\/termine\/bmm-termine\/#breadcrumb","itemListElement":[{"@type":"ListItem","position":1,"name":"Startseite","item":"https:\/\/www.narva-schach.de\/wordpress\/"},{"@type":"ListItem","position":2,"name":"Termine","item":"https:\/\/www.narva-schach.de\/wordpress\/termine\/"},{"@type":"ListItem","position":3,"name":"BMM Termine"}]},{"@type":"WebSite","@id":"https:\/\/www.narva-schach.de\/wordpress\/#website","url":"https:\/\/www.narva-schach.de\/wordpress\/","name":"","description":"","publisher":{"@id":"https:\/\/www.narva-schach.de\/wordpress\/#organization"},"potentialAction":[{"@type":"SearchAction","target":{"@type":"EntryPoint","urlTemplate":"https:\/\/www.narva-schach.de\/wordpress\/?s={search_term_string}"},"query-input":{"@type":"PropertyValueSpecification","valueRequired":true,"valueName":"search_term_string"}}],"inLanguage":"de"},{"@type":"Organization","@id":"https:\/\/www.narva-schach.de\/wordpress\/#organization","name":"SG NARVA Berlin e.V. Abteilung Schach","url":"https:\/\/www.narva-schach.de\/wordpress\/","logo":{"@type":"ImageObject","inLanguage":"de","@id":"https:\/\/www.narva-schach.de\/wordpress\/#\/schema\/logo\/image\/","url":"http:\/\/www.narva-schach.de\/wordpress\/wp-content\/uploads\/2016\/03\/NARVA-Logo-gro\u00df.jpg","contentUrl":"http:\/\/www.narva-schach.de\/wordpress\/wp-content\/uploads\/2016\/03\/NARVA-Logo-gro\u00df.jpg","width":480,"height":480,"caption":"SG NARVA Berlin e.V. Abteilung Schach"},"image":{"@id":"https:\/\/www.narva-schach.de\/wordpress\/#\/schema\/logo\/image\/"},"sameAs":["http:\/\/www.facebook.com\/pages\/SG-NARVA-Berlin-eV-Abteilung-Schach\/214119148621903","https:\/\/www.instagram.com\/sgnarvaschach\/?ref=badge"]}]}},"_links":{"self":[{"href":"https:\/\/www.narva-schach.de\/wordpress\/wp-json\/wp\/v2\/pages\/229","targetHints":{"allow":["GET"]}}],"collection":[{"href":"https:\/\/www.narva-schach.de\/wordpress\/wp-json\/wp\/v2\/pages"}],"about":[{"href":"https:\/\/www.narva-schach.de\/wordpress\/wp-json\/wp\/v2\/types\/page"}],"author":[{"embeddable":true,"href":"https:\/\/www.narva-schach.de\/wordpress\/wp-json\/wp\/v2\/users\/1"}],"replies":[{"embeddable":true,"href":"https:\/\/www.narva-schach.de\/wordpress\/wp-json\/wp\/v2\/comments?post=229"}],"version-history":[{"count":65,"href":"https:\/\/www.narva-schach.de\/wordpress\/wp-json\/wp\/v2\/pages\/229\/revisions"}],"predecessor-version":[{"id":14569,"href":"https:\/\/www.narva-schach.de\/wordpress\/wp-json\/wp\/v2\/pages\/229\/revisions\/14569"}],"up":[{"embeddable":true,"href":"https:\/\/www.narva-schach.de\/wordpress\/wp-json\/wp\/v2\/pages\/174"}],"wp:attachment":[{"href":"https:\/\/www.narva-schach.de\/wordpress\/wp-json\/wp\/v2\/media?parent=229"}],"curies":[{"name":"wp","href":"https:\/\/api.w.org\/{rel}","templated":true}]}}