{"id":248,"date":"2016-05-25T11:51:28","date_gmt":"2016-05-25T09:51:28","guid":{"rendered":"http:\/\/www.narva-schach.de\/wordpress\/?page_id=248"},"modified":"2023-07-04T14:41:36","modified_gmt":"2023-07-04T12:41:36","slug":"bpmm","status":"publish","type":"page","link":"https:\/\/www.narva-schach.de\/wordpress\/mannschaften\/bpmm\/","title":{"rendered":"BPMM"},"content":{"rendered":"<h1>Pokal-Mannschaftsmeisterschaft 2023<\/h1>\n<h2>18.03. &#8211; 25.06.2023<\/h2>\n<h3 id=\"a2\" class=\"heading3\"><strong>Vorrunde am Samstag, den 18.03.2023<\/strong><\/h3>\n<p>&#8211; NARVA mit Freilos<\/p>\n<h3><strong>Achtelfinale am Samstag, den 03.06.2023<\/strong><\/h3>\n<p><b class=\"contentbold\"><\/b> &#8211; Schachcaf\u00e9 &#8222;en passant&#8220; (Sch\u00f6nhauser Allee 58, 10437 Berlin)<\/p>\n<p><strong>Gegner: TSG Obersch\u00f6neweide<\/strong><\/p>\n<table class=\"clean swiss\">\n<tbody>\n<tr class=\"row1\">\n<th class=\"row1 col1 text\">Tisch<\/th>\n<th class=\"row1 col2 name\">Mannschaft<\/th>\n<th class=\"row1 col3 elo\">TWZ<\/th>\n<th class=\"row1 col4 name\">Mannschaft<\/th>\n<th class=\"row1 col5 elo\">TWZ<\/th>\n<th class=\"row1 col6 elo\">Erg.<\/th>\n<th class=\"row1 col7 text\"><\/th>\n<th class=\"row1 col8 elo\">Erg.<\/th>\n<\/tr>\n<tr class=\"row14\">\n<td class=\"row14 col1 text\">3<\/td>\n<td class=\"row14 col2 name\"><strong>TSG Obersch\u00f6neweide<\/strong><\/td>\n<td class=\"row14 col3 elo\">2038<\/td>\n<td class=\"row14 col4 name\"><strong>SG Narva Berlin<\/strong><\/td>\n<td class=\"row14 col5 elo\">1466<\/td>\n<td class=\"row14 col6 elo\"><strong>3<\/strong><\/td>\n<td class=\"row14 col7 text\"><strong>:<\/strong><\/td>\n<td class=\"row14 col8 elo\"><strong>1<\/strong><\/td>\n<\/tr>\n<tr class=\"row15\">\n<td class=\"row15 col1 text\">1<\/td>\n<td class=\"row15 col2 name\">Sch\u00f6wel,Matthias<\/td>\n<td class=\"row15 col3 elo\">2175<\/td>\n<td class=\"row15 col4 name\">Eichst\u00e4dt,Torsten<\/td>\n<td class=\"row15 col5 elo\">1284<\/td>\n<td class=\"row15 col6 elo\">1<\/td>\n<td class=\"row15 col7 text\">:<\/td>\n<td class=\"row15 col8 elo\">0<\/td>\n<\/tr>\n<tr class=\"row16\">\n<td class=\"row16 col1 text\">2<\/td>\n<td class=\"row16 col2 name\">Postler,Reinhard<\/td>\n<td class=\"row16 col3 elo\">2181<\/td>\n<td class=\"row16 col4 name\">Schenk,Jonatan<\/td>\n<td class=\"row16 col5 elo\">1791<\/td>\n<td class=\"row16 col6 elo\">\u00bd<\/td>\n<td class=\"row16 col7 text\">:<\/td>\n<td class=\"row16 col8 elo\">\u00bd<\/td>\n<\/tr>\n<tr class=\"row17\">\n<td class=\"row17 col1 text\">3<\/td>\n<td class=\"row17 col2 name\">Mankel,Luca<\/td>\n<td class=\"row17 col3 elo\">2058<\/td>\n<td class=\"row17 col4 name\">Mietzelfeldt,Gerhard<\/td>\n<td class=\"row17 col5 elo\">1588<\/td>\n<td class=\"row17 col6 elo\">\u00bd<\/td>\n<td class=\"row17 col7 text\">:<\/td>\n<td class=\"row17 col8 elo\">\u00bd<\/td>\n<\/tr>\n<tr class=\"row18\">\n<td class=\"row18 col1 text\">4<\/td>\n<td class=\"row18 col2 name\">Eisenmann,Philipp<\/td>\n<td class=\"row18 col3 elo\">1737<\/td>\n<td class=\"row18 col4 name\">Herrscher,Michael<\/td>\n<td class=\"row18 col5 elo\"><\/td>\n<td class=\"row18 col6 elo\">1<\/td>\n<td class=\"row18 col7 text\">:<\/td>\n<td class=\"row18 col8 elo\">0<\/td>\n<\/tr>\n<\/tbody>\n<\/table>\n<p><a href=\"https:\/\/www.narva-schach.de\/wordpress\/2023\/06\/04\/bpmm-2023\/\">Bericht auf der Newsseite<\/a><br \/>\n<a href=\"https:\/\/www.berlinerschachverband.de\/chronik-2023\/articles\/berliner-pokal-mannschafts-meisterschaft-2023.html\" target=\"_blank\" rel=\"noopener\">Turnierseite<\/a><\/p>\n","protected":false},"excerpt":{"rendered":"<p>Pokal-Mannschaftsmeisterschaft 2023 18.03. &#8211; 25.06.2023 Vorrunde am Samstag, den 18.03.2023 &#8211; NARVA mit Freilos Achtelfinale am Samstag, den 03.06.2023 &#8211; Schachcaf\u00e9 &#8222;en passant&#8220; (Sch\u00f6nhauser Allee 58, 10437 Berlin) Gegner: TSG Obersch\u00f6neweide Tisch Mannschaft TWZ Mannschaft TWZ Erg. Erg. 3 TSG &hellip; <a href=\"https:\/\/www.narva-schach.de\/wordpress\/mannschaften\/bpmm\/\">Weiterlesen <span class=\"meta-nav\">&rarr;<\/span><\/a><\/p>\n","protected":false},"author":1,"featured_media":0,"parent":54,"menu_order":0,"comment_status":"closed","ping_status":"closed","template":"","meta":{"footnotes":""},"class_list":["post-248","page","type-page","status-publish","hentry"],"yoast_head":"<!-- This site is optimized with the Yoast SEO plugin v27.3 - https:\/\/yoast.com\/product\/yoast-seo-wordpress\/ -->\n<title>BPMM &#8211; SG NARVA Berlin e.V. &#8211; Abteilung Schach<\/title>\n<meta name=\"robots\" content=\"index, follow, max-snippet:-1, max-image-preview:large, max-video-preview:-1\" \/>\n<link rel=\"canonical\" href=\"https:\/\/www.narva-schach.de\/wordpress\/mannschaften\/bpmm\/\" \/>\n<meta property=\"og:locale\" content=\"de_DE\" \/>\n<meta property=\"og:type\" content=\"article\" \/>\n<meta property=\"og:title\" content=\"BPMM &#8211; SG NARVA Berlin e.V. &#8211; Abteilung Schach\" \/>\n<meta property=\"og:description\" content=\"Pokal-Mannschaftsmeisterschaft 2023 18.03. &#8211; 25.06.2023 Vorrunde am Samstag, den 18.03.2023 &#8211; NARVA mit Freilos Achtelfinale am Samstag, den 03.06.2023 &#8211; Schachcaf\u00e9 &#8222;en passant&#8220; (Sch\u00f6nhauser Allee 58, 10437 Berlin) Gegner: TSG Obersch\u00f6neweide Tisch Mannschaft TWZ Mannschaft TWZ Erg. Erg. 3 TSG &hellip; Weiterlesen &rarr;\" \/>\n<meta property=\"og:url\" content=\"https:\/\/www.narva-schach.de\/wordpress\/mannschaften\/bpmm\/\" \/>\n<meta property=\"article:publisher\" content=\"http:\/\/www.facebook.com\/pages\/SG-NARVA-Berlin-eV-Abteilung-Schach\/214119148621903\" \/>\n<meta property=\"article:modified_time\" content=\"2023-07-04T12:41:36+00:00\" \/>\n<meta name=\"twitter:card\" content=\"summary_large_image\" \/>\n<meta name=\"twitter:label1\" content=\"Gesch\u00e4tzte Lesezeit\" \/>\n\t<meta name=\"twitter:data1\" content=\"1\u00a0Minute\" \/>\n<script type=\"application\/ld+json\" class=\"yoast-schema-graph\">{\"@context\":\"https:\\\/\\\/schema.org\",\"@graph\":[{\"@type\":\"WebPage\",\"@id\":\"https:\\\/\\\/www.narva-schach.de\\\/wordpress\\\/mannschaften\\\/bpmm\\\/\",\"url\":\"https:\\\/\\\/www.narva-schach.de\\\/wordpress\\\/mannschaften\\\/bpmm\\\/\",\"name\":\"BPMM &#8211; SG NARVA Berlin e.V. &#8211; Abteilung Schach\",\"isPartOf\":{\"@id\":\"https:\\\/\\\/www.narva-schach.de\\\/wordpress\\\/#website\"},\"datePublished\":\"2016-05-25T09:51:28+00:00\",\"dateModified\":\"2023-07-04T12:41:36+00:00\",\"breadcrumb\":{\"@id\":\"https:\\\/\\\/www.narva-schach.de\\\/wordpress\\\/mannschaften\\\/bpmm\\\/#breadcrumb\"},\"inLanguage\":\"de\",\"potentialAction\":[{\"@type\":\"ReadAction\",\"target\":[\"https:\\\/\\\/www.narva-schach.de\\\/wordpress\\\/mannschaften\\\/bpmm\\\/\"]}]},{\"@type\":\"BreadcrumbList\",\"@id\":\"https:\\\/\\\/www.narva-schach.de\\\/wordpress\\\/mannschaften\\\/bpmm\\\/#breadcrumb\",\"itemListElement\":[{\"@type\":\"ListItem\",\"position\":1,\"name\":\"Startseite\",\"item\":\"https:\\\/\\\/www.narva-schach.de\\\/wordpress\\\/\"},{\"@type\":\"ListItem\",\"position\":2,\"name\":\"Mannschaften\",\"item\":\"https:\\\/\\\/www.narva-schach.de\\\/wordpress\\\/mannschaften\\\/\"},{\"@type\":\"ListItem\",\"position\":3,\"name\":\"BPMM\"}]},{\"@type\":\"WebSite\",\"@id\":\"https:\\\/\\\/www.narva-schach.de\\\/wordpress\\\/#website\",\"url\":\"https:\\\/\\\/www.narva-schach.de\\\/wordpress\\\/\",\"name\":\"\",\"description\":\"\",\"publisher\":{\"@id\":\"https:\\\/\\\/www.narva-schach.de\\\/wordpress\\\/#organization\"},\"potentialAction\":[{\"@type\":\"SearchAction\",\"target\":{\"@type\":\"EntryPoint\",\"urlTemplate\":\"https:\\\/\\\/www.narva-schach.de\\\/wordpress\\\/?s={search_term_string}\"},\"query-input\":{\"@type\":\"PropertyValueSpecification\",\"valueRequired\":true,\"valueName\":\"search_term_string\"}}],\"inLanguage\":\"de\"},{\"@type\":\"Organization\",\"@id\":\"https:\\\/\\\/www.narva-schach.de\\\/wordpress\\\/#organization\",\"name\":\"SG NARVA Berlin e.V. Abteilung Schach\",\"url\":\"https:\\\/\\\/www.narva-schach.de\\\/wordpress\\\/\",\"logo\":{\"@type\":\"ImageObject\",\"inLanguage\":\"de\",\"@id\":\"https:\\\/\\\/www.narva-schach.de\\\/wordpress\\\/#\\\/schema\\\/logo\\\/image\\\/\",\"url\":\"http:\\\/\\\/www.narva-schach.de\\\/wordpress\\\/wp-content\\\/uploads\\\/2016\\\/03\\\/NARVA-Logo-gro\u00df.jpg\",\"contentUrl\":\"http:\\\/\\\/www.narva-schach.de\\\/wordpress\\\/wp-content\\\/uploads\\\/2016\\\/03\\\/NARVA-Logo-gro\u00df.jpg\",\"width\":480,\"height\":480,\"caption\":\"SG NARVA Berlin e.V. Abteilung Schach\"},\"image\":{\"@id\":\"https:\\\/\\\/www.narva-schach.de\\\/wordpress\\\/#\\\/schema\\\/logo\\\/image\\\/\"},\"sameAs\":[\"http:\\\/\\\/www.facebook.com\\\/pages\\\/SG-NARVA-Berlin-eV-Abteilung-Schach\\\/214119148621903\",\"https:\\\/\\\/www.instagram.com\\\/sgnarvaschach\\\/?ref=badge\"]}]}<\/script>\n<!-- \/ Yoast SEO plugin. -->","yoast_head_json":{"title":"BPMM &#8211; SG NARVA Berlin e.V. &#8211; Abteilung Schach","robots":{"index":"index","follow":"follow","max-snippet":"max-snippet:-1","max-image-preview":"max-image-preview:large","max-video-preview":"max-video-preview:-1"},"canonical":"https:\/\/www.narva-schach.de\/wordpress\/mannschaften\/bpmm\/","og_locale":"de_DE","og_type":"article","og_title":"BPMM &#8211; SG NARVA Berlin e.V. &#8211; Abteilung Schach","og_description":"Pokal-Mannschaftsmeisterschaft 2023 18.03. &#8211; 25.06.2023 Vorrunde am Samstag, den 18.03.2023 &#8211; NARVA mit Freilos Achtelfinale am Samstag, den 03.06.2023 &#8211; Schachcaf\u00e9 &#8222;en passant&#8220; (Sch\u00f6nhauser Allee 58, 10437 Berlin) Gegner: TSG Obersch\u00f6neweide Tisch Mannschaft TWZ Mannschaft TWZ Erg. Erg. 3 TSG &hellip; Weiterlesen &rarr;","og_url":"https:\/\/www.narva-schach.de\/wordpress\/mannschaften\/bpmm\/","article_publisher":"http:\/\/www.facebook.com\/pages\/SG-NARVA-Berlin-eV-Abteilung-Schach\/214119148621903","article_modified_time":"2023-07-04T12:41:36+00:00","twitter_card":"summary_large_image","twitter_misc":{"Gesch\u00e4tzte Lesezeit":"1\u00a0Minute"},"schema":{"@context":"https:\/\/schema.org","@graph":[{"@type":"WebPage","@id":"https:\/\/www.narva-schach.de\/wordpress\/mannschaften\/bpmm\/","url":"https:\/\/www.narva-schach.de\/wordpress\/mannschaften\/bpmm\/","name":"BPMM &#8211; SG NARVA Berlin e.V. &#8211; Abteilung Schach","isPartOf":{"@id":"https:\/\/www.narva-schach.de\/wordpress\/#website"},"datePublished":"2016-05-25T09:51:28+00:00","dateModified":"2023-07-04T12:41:36+00:00","breadcrumb":{"@id":"https:\/\/www.narva-schach.de\/wordpress\/mannschaften\/bpmm\/#breadcrumb"},"inLanguage":"de","potentialAction":[{"@type":"ReadAction","target":["https:\/\/www.narva-schach.de\/wordpress\/mannschaften\/bpmm\/"]}]},{"@type":"BreadcrumbList","@id":"https:\/\/www.narva-schach.de\/wordpress\/mannschaften\/bpmm\/#breadcrumb","itemListElement":[{"@type":"ListItem","position":1,"name":"Startseite","item":"https:\/\/www.narva-schach.de\/wordpress\/"},{"@type":"ListItem","position":2,"name":"Mannschaften","item":"https:\/\/www.narva-schach.de\/wordpress\/mannschaften\/"},{"@type":"ListItem","position":3,"name":"BPMM"}]},{"@type":"WebSite","@id":"https:\/\/www.narva-schach.de\/wordpress\/#website","url":"https:\/\/www.narva-schach.de\/wordpress\/","name":"","description":"","publisher":{"@id":"https:\/\/www.narva-schach.de\/wordpress\/#organization"},"potentialAction":[{"@type":"SearchAction","target":{"@type":"EntryPoint","urlTemplate":"https:\/\/www.narva-schach.de\/wordpress\/?s={search_term_string}"},"query-input":{"@type":"PropertyValueSpecification","valueRequired":true,"valueName":"search_term_string"}}],"inLanguage":"de"},{"@type":"Organization","@id":"https:\/\/www.narva-schach.de\/wordpress\/#organization","name":"SG NARVA Berlin e.V. Abteilung Schach","url":"https:\/\/www.narva-schach.de\/wordpress\/","logo":{"@type":"ImageObject","inLanguage":"de","@id":"https:\/\/www.narva-schach.de\/wordpress\/#\/schema\/logo\/image\/","url":"http:\/\/www.narva-schach.de\/wordpress\/wp-content\/uploads\/2016\/03\/NARVA-Logo-gro\u00df.jpg","contentUrl":"http:\/\/www.narva-schach.de\/wordpress\/wp-content\/uploads\/2016\/03\/NARVA-Logo-gro\u00df.jpg","width":480,"height":480,"caption":"SG NARVA Berlin e.V. Abteilung Schach"},"image":{"@id":"https:\/\/www.narva-schach.de\/wordpress\/#\/schema\/logo\/image\/"},"sameAs":["http:\/\/www.facebook.com\/pages\/SG-NARVA-Berlin-eV-Abteilung-Schach\/214119148621903","https:\/\/www.instagram.com\/sgnarvaschach\/?ref=badge"]}]}},"_links":{"self":[{"href":"https:\/\/www.narva-schach.de\/wordpress\/wp-json\/wp\/v2\/pages\/248","targetHints":{"allow":["GET"]}}],"collection":[{"href":"https:\/\/www.narva-schach.de\/wordpress\/wp-json\/wp\/v2\/pages"}],"about":[{"href":"https:\/\/www.narva-schach.de\/wordpress\/wp-json\/wp\/v2\/types\/page"}],"author":[{"embeddable":true,"href":"https:\/\/www.narva-schach.de\/wordpress\/wp-json\/wp\/v2\/users\/1"}],"replies":[{"embeddable":true,"href":"https:\/\/www.narva-schach.de\/wordpress\/wp-json\/wp\/v2\/comments?post=248"}],"version-history":[{"count":17,"href":"https:\/\/www.narva-schach.de\/wordpress\/wp-json\/wp\/v2\/pages\/248\/revisions"}],"predecessor-version":[{"id":11172,"href":"https:\/\/www.narva-schach.de\/wordpress\/wp-json\/wp\/v2\/pages\/248\/revisions\/11172"}],"up":[{"embeddable":true,"href":"https:\/\/www.narva-schach.de\/wordpress\/wp-json\/wp\/v2\/pages\/54"}],"wp:attachment":[{"href":"https:\/\/www.narva-schach.de\/wordpress\/wp-json\/wp\/v2\/media?parent=248"}],"curies":[{"name":"wp","href":"https:\/\/api.w.org\/{rel}","templated":true}]}}