{"id":2898,"date":"2017-09-10T16:40:10","date_gmt":"2017-09-10T14:40:10","guid":{"rendered":"http:\/\/www.narva-schach.de\/wordpress\/?page_id=2898"},"modified":"2020-04-26T16:54:58","modified_gmt":"2020-04-26T14:54:58","slug":"online-chessmail-de","status":"publish","type":"page","link":"https:\/\/www.narva-schach.de\/wordpress\/turniere\/online-chessmail-de\/","title":{"rendered":"Online Schach"},"content":{"rendered":"<p><strong>Die online Aktivit\u00e4ten von NARVA:<\/strong><\/p>\n<p><a href=\"https:\/\/lichess.org\/\"><img loading=\"lazy\" decoding=\"async\" class=\"alignleft wp-image-7023 size-thumbnail\" src=\"http:\/\/www.narva-schach.de\/wordpress\/wp-content\/uploads\/2020\/03\/Lichess-840x560-150x150.png\" alt=\"\" width=\"150\" height=\"150\" srcset=\"https:\/\/www.narva-schach.de\/wordpress\/wp-content\/uploads\/2020\/03\/Lichess-840x560-150x150.png 150w, https:\/\/www.narva-schach.de\/wordpress\/wp-content\/uploads\/2020\/03\/Lichess-840x560-144x144.png 144w\" sizes=\"auto, (max-width: 150px) 100vw, 150px\" \/><\/a><strong>LICHESS.ORG<\/strong><br \/>\nLink zum Team:\u00a0<a href=\"https:\/\/lichess.org\/team\/sg-narva-berlin-ev-abteilung-schach\" target=\"_blank\" rel=\"noopener\">https:\/\/lichess.org\/team\/sg-narva-berlin-ev-abteilung-schach<\/a><\/p>\n<p>SG NARVA Berlin e.V. Abteilung Schach; zu finden unter \u201eGemeinschaft\u201c und dann per Suchfunktion unter \u201eAlle Teams\u201c suchen. Da k\u00f6nnt ihr beitreten, ich muss es dann noch best\u00e4tigen.<br \/>\nVorher m\u00fcsst ihr allerdings einen Account bei Lichess.org erstellen: Das ist kostenlos und die Installation einer Client-Software ist nicht notwendig; Lichess l\u00e4uft im Browser.<br \/>\nlichess.org ist vor allem zum Blitz, Bullet, Quarant\u00e4ne Liga. Gibt aber auch Trainingsaufgaben und andere Schachvarianten wie 960 oder Horde.<\/p>\n<p><a href=\"http:\/\/www.chessmail.de\/club\/SG_NARVA_Berlin_e.V.\"><img loading=\"lazy\" decoding=\"async\" class=\"wp-image-2958 size-full alignleft\" src=\"http:\/\/www.narva-schach.de\/wordpress\/wp-content\/uploads\/2017\/09\/chessmail.jpg\" alt=\"\" width=\"179\" height=\"48\" \/><\/a><\/p>\n<p><strong>CHESSMAIL.DE<\/strong><br \/>\nLink zum Team:\u00a0<a href=\"http:\/\/www.chessmail.de\/club\/SG_NARVA_Berlin_e.V.\" target=\"_blank\" rel=\"noopener\">http:\/\/www.chessmail.de\/club\/SG_NARVA_Berlin_e.V.<\/a><\/p>\n<p>chessmail.de sind eher lange Partien wie beim Fernschach. Dort kann man die Bedenkzeit von 24h bis zu 30 Tagen pro Zug einstellen.<\/p>\n<p><a href=\"http:\/\/www.narva-schach.de\/wordpress\/wp-content\/uploads\/2020\/04\/chess_com.jpg\"><img loading=\"lazy\" decoding=\"async\" class=\"alignleft wp-image-7151\" src=\"http:\/\/www.narva-schach.de\/wordpress\/wp-content\/uploads\/2020\/04\/chess_com.jpg\" alt=\"\" width=\"200\" height=\"62\" \/><\/a><\/p>\n<p><strong>CHESS.COM<\/strong><br \/>\nLink zum Team:\u00a0<a href=\"https:\/\/www.chess.com\/club\/sg-narva-berlin\" target=\"_blank\" rel=\"noopener\">https:\/\/www.chess.com\/club\/sg-narva-berlin<\/a><\/p>\n<p>chess.com ist eine weitere freie Plattform zum online spielen. In einer Basisversion sind auch hier die Registrierung und Spiel kostenlos. F\u00fcr mehr Funktionen, z. B. Turniere erstellen, ist ein Premium Account Voraussetzung.<\/p>\n<p><a href=\"http:\/\/www.narva-schach.de\/wordpress\/wp-content\/uploads\/2020\/04\/PlaychessLogo.png\"><img loading=\"lazy\" decoding=\"async\" class=\"size-full wp-image-7152 alignleft\" src=\"http:\/\/www.narva-schach.de\/wordpress\/wp-content\/uploads\/2020\/04\/PlaychessLogo.png\" alt=\"\" width=\"141\" height=\"141\" \/><\/a><\/p>\n<p><strong>PLAY CHESSBASE.COM<\/strong><br \/>\nLink zum Team:\u00a0<a href=\"https:\/\/play.chessbase.com\/de\/Play?room=narva-schach\" target=\"_blank\" rel=\"noopener\">https:\/\/play.chessbase.com\/de\/Play?room=narva-schach<\/a><\/p>\n<p>bei ChessBase.com gibt es auch Vereinsr\u00e4ume. In diesem Raum k\u00f6nnen die Spieler untereinander spielen, es k\u00f6nnen Turniere stattfinden, Online-Training abgehalten werden und sogar Simultans stattfinden. Der Mindest-Server-Rang f\u00fcr einen Turnierleiter ist \u201eL\u00e4ufer\u201c, \u00fcblicherweise ben\u00f6tigt man hierf\u00fcr wohl 30 Servertage (habe ich so schnell nicht zusammen).<br \/>\nBei ChessBase kann man auch einfach sich verabreden und Partien mit beliebiger Bedenkzeit gegeneinander spielen. Dazu ben\u00f6tigt man auch keine Anmeldung. Das geht dann so:<br \/>\n<a href=\"http:\/\/www.narva-schach.de\/wordpress\/2020\/04\/07\/online-angebote-bei-narva\/#more-7054\">Weiterlesen \u2192<\/a><\/p>\n","protected":false},"excerpt":{"rendered":"<p>Die online Aktivit\u00e4ten von NARVA: LICHESS.ORG Link zum Team:\u00a0https:\/\/lichess.org\/team\/sg-narva-berlin-ev-abteilung-schach SG NARVA Berlin e.V. Abteilung Schach; zu finden unter \u201eGemeinschaft\u201c und dann per Suchfunktion unter \u201eAlle Teams\u201c suchen. Da k\u00f6nnt ihr beitreten, ich muss es dann noch best\u00e4tigen. Vorher m\u00fcsst ihr &hellip; <a href=\"https:\/\/www.narva-schach.de\/wordpress\/turniere\/online-chessmail-de\/\">Weiterlesen <span class=\"meta-nav\">&rarr;<\/span><\/a><\/p>\n","protected":false},"author":1,"featured_media":0,"parent":74,"menu_order":0,"comment_status":"closed","ping_status":"closed","template":"","meta":{"footnotes":""},"class_list":["post-2898","page","type-page","status-publish","hentry"],"yoast_head":"<!-- This site is optimized with the Yoast SEO plugin v27.3 - https:\/\/yoast.com\/product\/yoast-seo-wordpress\/ -->\n<title>Online Schach &#8211; SG NARVA Berlin e.V. &#8211; Abteilung Schach<\/title>\n<meta name=\"robots\" content=\"index, follow, max-snippet:-1, max-image-preview:large, max-video-preview:-1\" \/>\n<link rel=\"canonical\" href=\"https:\/\/www.narva-schach.de\/wordpress\/turniere\/online-chessmail-de\/\" \/>\n<meta property=\"og:locale\" content=\"de_DE\" \/>\n<meta property=\"og:type\" content=\"article\" \/>\n<meta property=\"og:title\" content=\"Online Schach &#8211; SG NARVA Berlin e.V. &#8211; Abteilung Schach\" \/>\n<meta property=\"og:description\" content=\"Die online Aktivit\u00e4ten von NARVA: LICHESS.ORG Link zum Team:\u00a0https:\/\/lichess.org\/team\/sg-narva-berlin-ev-abteilung-schach SG NARVA Berlin e.V. Abteilung Schach; zu finden unter \u201eGemeinschaft\u201c und dann per Suchfunktion unter \u201eAlle Teams\u201c suchen. Da k\u00f6nnt ihr beitreten, ich muss es dann noch best\u00e4tigen. Vorher m\u00fcsst ihr &hellip; Weiterlesen &rarr;\" \/>\n<meta property=\"og:url\" content=\"https:\/\/www.narva-schach.de\/wordpress\/turniere\/online-chessmail-de\/\" \/>\n<meta property=\"article:publisher\" content=\"http:\/\/www.facebook.com\/pages\/SG-NARVA-Berlin-eV-Abteilung-Schach\/214119148621903\" \/>\n<meta property=\"article:modified_time\" content=\"2020-04-26T14:54:58+00:00\" \/>\n<meta property=\"og:image\" content=\"http:\/\/www.narva-schach.de\/wordpress\/wp-content\/uploads\/2020\/03\/Lichess-840x560-150x150.png\" \/>\n<meta name=\"twitter:card\" content=\"summary_large_image\" \/>\n<meta name=\"twitter:label1\" content=\"Gesch\u00e4tzte Lesezeit\" \/>\n\t<meta name=\"twitter:data1\" content=\"1\u00a0Minute\" \/>\n<script type=\"application\/ld+json\" class=\"yoast-schema-graph\">{\"@context\":\"https:\\\/\\\/schema.org\",\"@graph\":[{\"@type\":\"WebPage\",\"@id\":\"https:\\\/\\\/www.narva-schach.de\\\/wordpress\\\/turniere\\\/online-chessmail-de\\\/\",\"url\":\"https:\\\/\\\/www.narva-schach.de\\\/wordpress\\\/turniere\\\/online-chessmail-de\\\/\",\"name\":\"Online Schach &#8211; SG NARVA Berlin e.V. &#8211; Abteilung Schach\",\"isPartOf\":{\"@id\":\"https:\\\/\\\/www.narva-schach.de\\\/wordpress\\\/#website\"},\"primaryImageOfPage\":{\"@id\":\"https:\\\/\\\/www.narva-schach.de\\\/wordpress\\\/turniere\\\/online-chessmail-de\\\/#primaryimage\"},\"image\":{\"@id\":\"https:\\\/\\\/www.narva-schach.de\\\/wordpress\\\/turniere\\\/online-chessmail-de\\\/#primaryimage\"},\"thumbnailUrl\":\"http:\\\/\\\/www.narva-schach.de\\\/wordpress\\\/wp-content\\\/uploads\\\/2020\\\/03\\\/Lichess-840x560-150x150.png\",\"datePublished\":\"2017-09-10T14:40:10+00:00\",\"dateModified\":\"2020-04-26T14:54:58+00:00\",\"breadcrumb\":{\"@id\":\"https:\\\/\\\/www.narva-schach.de\\\/wordpress\\\/turniere\\\/online-chessmail-de\\\/#breadcrumb\"},\"inLanguage\":\"de\",\"potentialAction\":[{\"@type\":\"ReadAction\",\"target\":[\"https:\\\/\\\/www.narva-schach.de\\\/wordpress\\\/turniere\\\/online-chessmail-de\\\/\"]}]},{\"@type\":\"ImageObject\",\"inLanguage\":\"de\",\"@id\":\"https:\\\/\\\/www.narva-schach.de\\\/wordpress\\\/turniere\\\/online-chessmail-de\\\/#primaryimage\",\"url\":\"http:\\\/\\\/www.narva-schach.de\\\/wordpress\\\/wp-content\\\/uploads\\\/2020\\\/03\\\/Lichess-840x560-150x150.png\",\"contentUrl\":\"http:\\\/\\\/www.narva-schach.de\\\/wordpress\\\/wp-content\\\/uploads\\\/2020\\\/03\\\/Lichess-840x560-150x150.png\"},{\"@type\":\"BreadcrumbList\",\"@id\":\"https:\\\/\\\/www.narva-schach.de\\\/wordpress\\\/turniere\\\/online-chessmail-de\\\/#breadcrumb\",\"itemListElement\":[{\"@type\":\"ListItem\",\"position\":1,\"name\":\"Startseite\",\"item\":\"https:\\\/\\\/www.narva-schach.de\\\/wordpress\\\/\"},{\"@type\":\"ListItem\",\"position\":2,\"name\":\"Turniere\",\"item\":\"https:\\\/\\\/www.narva-schach.de\\\/wordpress\\\/turniere\\\/\"},{\"@type\":\"ListItem\",\"position\":3,\"name\":\"Online Schach\"}]},{\"@type\":\"WebSite\",\"@id\":\"https:\\\/\\\/www.narva-schach.de\\\/wordpress\\\/#website\",\"url\":\"https:\\\/\\\/www.narva-schach.de\\\/wordpress\\\/\",\"name\":\"\",\"description\":\"\",\"publisher\":{\"@id\":\"https:\\\/\\\/www.narva-schach.de\\\/wordpress\\\/#organization\"},\"potentialAction\":[{\"@type\":\"SearchAction\",\"target\":{\"@type\":\"EntryPoint\",\"urlTemplate\":\"https:\\\/\\\/www.narva-schach.de\\\/wordpress\\\/?s={search_term_string}\"},\"query-input\":{\"@type\":\"PropertyValueSpecification\",\"valueRequired\":true,\"valueName\":\"search_term_string\"}}],\"inLanguage\":\"de\"},{\"@type\":\"Organization\",\"@id\":\"https:\\\/\\\/www.narva-schach.de\\\/wordpress\\\/#organization\",\"name\":\"SG NARVA Berlin e.V. Abteilung Schach\",\"url\":\"https:\\\/\\\/www.narva-schach.de\\\/wordpress\\\/\",\"logo\":{\"@type\":\"ImageObject\",\"inLanguage\":\"de\",\"@id\":\"https:\\\/\\\/www.narva-schach.de\\\/wordpress\\\/#\\\/schema\\\/logo\\\/image\\\/\",\"url\":\"http:\\\/\\\/www.narva-schach.de\\\/wordpress\\\/wp-content\\\/uploads\\\/2016\\\/03\\\/NARVA-Logo-gro\u00df.jpg\",\"contentUrl\":\"http:\\\/\\\/www.narva-schach.de\\\/wordpress\\\/wp-content\\\/uploads\\\/2016\\\/03\\\/NARVA-Logo-gro\u00df.jpg\",\"width\":480,\"height\":480,\"caption\":\"SG NARVA Berlin e.V. Abteilung Schach\"},\"image\":{\"@id\":\"https:\\\/\\\/www.narva-schach.de\\\/wordpress\\\/#\\\/schema\\\/logo\\\/image\\\/\"},\"sameAs\":[\"http:\\\/\\\/www.facebook.com\\\/pages\\\/SG-NARVA-Berlin-eV-Abteilung-Schach\\\/214119148621903\",\"https:\\\/\\\/www.instagram.com\\\/sgnarvaschach\\\/?ref=badge\"]}]}<\/script>\n<!-- \/ Yoast SEO plugin. -->","yoast_head_json":{"title":"Online Schach &#8211; SG NARVA Berlin e.V. &#8211; Abteilung Schach","robots":{"index":"index","follow":"follow","max-snippet":"max-snippet:-1","max-image-preview":"max-image-preview:large","max-video-preview":"max-video-preview:-1"},"canonical":"https:\/\/www.narva-schach.de\/wordpress\/turniere\/online-chessmail-de\/","og_locale":"de_DE","og_type":"article","og_title":"Online Schach &#8211; SG NARVA Berlin e.V. &#8211; Abteilung Schach","og_description":"Die online Aktivit\u00e4ten von NARVA: LICHESS.ORG Link zum Team:\u00a0https:\/\/lichess.org\/team\/sg-narva-berlin-ev-abteilung-schach SG NARVA Berlin e.V. Abteilung Schach; zu finden unter \u201eGemeinschaft\u201c und dann per Suchfunktion unter \u201eAlle Teams\u201c suchen. Da k\u00f6nnt ihr beitreten, ich muss es dann noch best\u00e4tigen. Vorher m\u00fcsst ihr &hellip; Weiterlesen &rarr;","og_url":"https:\/\/www.narva-schach.de\/wordpress\/turniere\/online-chessmail-de\/","article_publisher":"http:\/\/www.facebook.com\/pages\/SG-NARVA-Berlin-eV-Abteilung-Schach\/214119148621903","article_modified_time":"2020-04-26T14:54:58+00:00","og_image":[{"url":"http:\/\/www.narva-schach.de\/wordpress\/wp-content\/uploads\/2020\/03\/Lichess-840x560-150x150.png","type":"","width":"","height":""}],"twitter_card":"summary_large_image","twitter_misc":{"Gesch\u00e4tzte Lesezeit":"1\u00a0Minute"},"schema":{"@context":"https:\/\/schema.org","@graph":[{"@type":"WebPage","@id":"https:\/\/www.narva-schach.de\/wordpress\/turniere\/online-chessmail-de\/","url":"https:\/\/www.narva-schach.de\/wordpress\/turniere\/online-chessmail-de\/","name":"Online Schach &#8211; SG NARVA Berlin e.V. &#8211; Abteilung Schach","isPartOf":{"@id":"https:\/\/www.narva-schach.de\/wordpress\/#website"},"primaryImageOfPage":{"@id":"https:\/\/www.narva-schach.de\/wordpress\/turniere\/online-chessmail-de\/#primaryimage"},"image":{"@id":"https:\/\/www.narva-schach.de\/wordpress\/turniere\/online-chessmail-de\/#primaryimage"},"thumbnailUrl":"http:\/\/www.narva-schach.de\/wordpress\/wp-content\/uploads\/2020\/03\/Lichess-840x560-150x150.png","datePublished":"2017-09-10T14:40:10+00:00","dateModified":"2020-04-26T14:54:58+00:00","breadcrumb":{"@id":"https:\/\/www.narva-schach.de\/wordpress\/turniere\/online-chessmail-de\/#breadcrumb"},"inLanguage":"de","potentialAction":[{"@type":"ReadAction","target":["https:\/\/www.narva-schach.de\/wordpress\/turniere\/online-chessmail-de\/"]}]},{"@type":"ImageObject","inLanguage":"de","@id":"https:\/\/www.narva-schach.de\/wordpress\/turniere\/online-chessmail-de\/#primaryimage","url":"http:\/\/www.narva-schach.de\/wordpress\/wp-content\/uploads\/2020\/03\/Lichess-840x560-150x150.png","contentUrl":"http:\/\/www.narva-schach.de\/wordpress\/wp-content\/uploads\/2020\/03\/Lichess-840x560-150x150.png"},{"@type":"BreadcrumbList","@id":"https:\/\/www.narva-schach.de\/wordpress\/turniere\/online-chessmail-de\/#breadcrumb","itemListElement":[{"@type":"ListItem","position":1,"name":"Startseite","item":"https:\/\/www.narva-schach.de\/wordpress\/"},{"@type":"ListItem","position":2,"name":"Turniere","item":"https:\/\/www.narva-schach.de\/wordpress\/turniere\/"},{"@type":"ListItem","position":3,"name":"Online Schach"}]},{"@type":"WebSite","@id":"https:\/\/www.narva-schach.de\/wordpress\/#website","url":"https:\/\/www.narva-schach.de\/wordpress\/","name":"","description":"","publisher":{"@id":"https:\/\/www.narva-schach.de\/wordpress\/#organization"},"potentialAction":[{"@type":"SearchAction","target":{"@type":"EntryPoint","urlTemplate":"https:\/\/www.narva-schach.de\/wordpress\/?s={search_term_string}"},"query-input":{"@type":"PropertyValueSpecification","valueRequired":true,"valueName":"search_term_string"}}],"inLanguage":"de"},{"@type":"Organization","@id":"https:\/\/www.narva-schach.de\/wordpress\/#organization","name":"SG NARVA Berlin e.V. Abteilung Schach","url":"https:\/\/www.narva-schach.de\/wordpress\/","logo":{"@type":"ImageObject","inLanguage":"de","@id":"https:\/\/www.narva-schach.de\/wordpress\/#\/schema\/logo\/image\/","url":"http:\/\/www.narva-schach.de\/wordpress\/wp-content\/uploads\/2016\/03\/NARVA-Logo-gro\u00df.jpg","contentUrl":"http:\/\/www.narva-schach.de\/wordpress\/wp-content\/uploads\/2016\/03\/NARVA-Logo-gro\u00df.jpg","width":480,"height":480,"caption":"SG NARVA Berlin e.V. Abteilung Schach"},"image":{"@id":"https:\/\/www.narva-schach.de\/wordpress\/#\/schema\/logo\/image\/"},"sameAs":["http:\/\/www.facebook.com\/pages\/SG-NARVA-Berlin-eV-Abteilung-Schach\/214119148621903","https:\/\/www.instagram.com\/sgnarvaschach\/?ref=badge"]}]}},"_links":{"self":[{"href":"https:\/\/www.narva-schach.de\/wordpress\/wp-json\/wp\/v2\/pages\/2898","targetHints":{"allow":["GET"]}}],"collection":[{"href":"https:\/\/www.narva-schach.de\/wordpress\/wp-json\/wp\/v2\/pages"}],"about":[{"href":"https:\/\/www.narva-schach.de\/wordpress\/wp-json\/wp\/v2\/types\/page"}],"author":[{"embeddable":true,"href":"https:\/\/www.narva-schach.de\/wordpress\/wp-json\/wp\/v2\/users\/1"}],"replies":[{"embeddable":true,"href":"https:\/\/www.narva-schach.de\/wordpress\/wp-json\/wp\/v2\/comments?post=2898"}],"version-history":[{"count":8,"href":"https:\/\/www.narva-schach.de\/wordpress\/wp-json\/wp\/v2\/pages\/2898\/revisions"}],"predecessor-version":[{"id":7153,"href":"https:\/\/www.narva-schach.de\/wordpress\/wp-json\/wp\/v2\/pages\/2898\/revisions\/7153"}],"up":[{"embeddable":true,"href":"https:\/\/www.narva-schach.de\/wordpress\/wp-json\/wp\/v2\/pages\/74"}],"wp:attachment":[{"href":"https:\/\/www.narva-schach.de\/wordpress\/wp-json\/wp\/v2\/media?parent=2898"}],"curies":[{"name":"wp","href":"https:\/\/api.w.org\/{rel}","templated":true}]}}