{"id":679,"date":"2016-06-11T10:49:14","date_gmt":"2016-06-11T08:49:14","guid":{"rendered":"http:\/\/www.narva-schach.de\/wordpress\/?page_id=679"},"modified":"2016-11-05T22:57:14","modified_gmt":"2016-11-05T21:57:14","slug":"schnellschach-open-2016","status":"publish","type":"page","link":"https:\/\/www.narva-schach.de\/wordpress\/schnellschach-open\/schnellschach-open-2016\/","title":{"rendered":"Schnellschach Open 2016"},"content":{"rendered":"<p><a href=\"http:\/\/www.narva-schach.de\/wordpress\/schnellschach-open\/schnellschach-open-2016\/ergebnisse-runden\/\">Rangliste<\/a><\/p>\n<p><a href=\"http:\/\/www.narva-schach.de\/wordpress\/schnellschach-open\/schnellschach-open-2016\/ergebnisse-runden-2\/\">Ergebnisse<\/a><\/p>\n<p>Heute fand zum 9. mal unser <strong>Schnellschach Open<\/strong> statt. Nach der Pause im letzten Jahr also die R\u00fcckkehr. Auch dieses mal mit DWZ Beschr\u00e4nkung auf U2000.<\/p>\n<p>Au\u00dferdem gab es in Gedenken an unseren k\u00fcrzlich verstorbenen Siegfried Loitz den Titel Gedenkturnier.<\/p>\n<p>Mit 30 Teilnehmern war die Kapazit\u00e4t ausgesch\u00f6pft. An der Spitze der Setzliste ging es eng zu, es gab 7 Spieler mit DWZ 1900. Ganz vorn stand Peter Hintze vom SC Zugzwang mit 1999.<\/p>\n<p><strong>NARVA<\/strong> stellte mit gleich 7 Teilnehmern einen Rekord, Rouven, Rudolf, Hans-Dieter, Alexander, Gerhard, Jonatan und Nicole traten an.<\/p>\n<p>Zu Beginn erinnerte ich noch an unseren Siegfried Loitz und la\u00df auszugsweise die Erinnerungen von G\u00fcnter Idaczek vor. Auch er kannte ihn abseits vom Schach:<\/p>\n<p><em>&#8222;Eine kurze Episode aus meinem Hochschulleben:<\/em><br \/>\n<em> Zumal ich bei Siegfried Loitz seinerzeit Arbeitsrecht hatte 1987\/88\/89 (!) an meiner Hochschule, f\u00fchle ich mich verpflichtet zur Teilnahme&#8230;<\/em><br \/>\n<em> Vergn\u00fcglich durfte ich mich am Schachbrett f\u00fcr die Note &#8222;3&#8220; aus der m\u00fcndlichen Pr\u00fcfung &lt;r\u00e4chen&gt; (&#8230; er warf mir Faulheit vor, als er die Note begr\u00fcndete! Ich w\u00fcrde mich mit der kleinen &#8222;1&#8220; des kleinen Mannes begn\u00fcgen &#8230; so war er &#8211; direkte und deutliche Worte waren seine Marke): Ich konnte ihn zweimal schlagen am Brett.<\/em><\/p>\n<p><em>1x schlug ich ihn als &#8222;Eckt\u00fcrmer&#8220; in der BMM (ca. 1992-95) und 1x nach der Wende im Schnellschach bei euch &#8230; Er k\u00e4mpfte immer wie ein L\u00f6we, aber unterlag. Ich werde den &#8222;Wei\u00dfen&#8220; Loitz &#8211; vor dem alle Studenten ordentlichen &#8222;Schiss&#8220; hatten &#8211; in guter Erinnerung behalten. Er war relativ fair in meiner Pr\u00fcfung, eine Respektsperson und als Sportsmann absolut makellos. Fachlich beherrschte er das &#8222;langweilige&#8220; Arbeitsrecht der DDR wohl wie kein Zweiter an der HS. Ein Mann mit Prinzipien und klaren Vorstellungen. Im Spiel war er etwas statisch, positionell bedacht, aber auch taktisch nicht ungef\u00e4hrlich.<\/em><br \/>\n<em> Ruhe in Frieden, Siegfried Loitz!&#8220;<\/em><\/p>\n<p>Nun zum Turnierverlauf:<\/p>\n<p>Bis Runde 5 hatte sich Peter Hintze an der Spitze schon leicht abgesetzt, gab er bis dahin doch nur einen halben Punkt ab. In Runde 6 verlor er dann jedoch gegen Thomas Mahling von Mattnetz und so wurde es spannend. Vor der 7. und letzten Runde hatten dann 5 Spieler 4,5 Punkte und auch dahinter lagen 4 Spieler mit 4 Punkten.<\/p>\n<p>Im Finale setzte sich <strong>Peter Hintze<\/strong> dann aber doch durch und gewann mit 5,5 Punkten zum 2. mal unser Open nach 2008. Auf <strong>Platz 2<\/strong> folgte <strong>Thomas Mahling<\/strong> mit ebenfalls 5,5 Punkten aber schlechterer Wertung. <strong>Platz 3<\/strong> ging an <strong>Matthias Hahlbohm<\/strong> als Bester mit 5 Punkten.<\/p>\n<p>Mit <strong>Platz 4<\/strong> und ebenfalls 5 Punkten gelang <strong>Dr.Hans-Dieter Maetzing<\/strong> ein starkes Turnier und der Gewinn der Wertung <strong>\u00dc60<\/strong>. Der Preis f\u00fcr den besten NARVA Spieler ging dann an den auf Platz 8 folgenden <strong>Rudolf Lange<\/strong>. Auch <strong>Rouven Arnold<\/strong> und <strong>Jonatan Schenk<\/strong> tummelten sich unter den ersten 12!<\/p>\n<p>Bester U18 Spieler wurde der 7 j\u00e4hrige <strong>Nikolai Nitsche<\/strong> vom SV Empor Berlin, immerhin amtierender U8 Deutscher Meister 2016!<\/p>\n<p>Den Rating Preis nach DWZ ging an <strong>Mike Kasper<\/strong> von Mattnetz.<\/p>\n<p>Alle Ergebnisse hier: <a href=\"http:\/\/www.narva-schach.de\/wordpress\/schnellschach-open\/schnellschach-open-2016\/\">Turnierseite<\/a><\/p>\n<div id=\"attachment_1610\" style=\"width: 650px\" class=\"wp-caption aligncenter\"><a href=\"http:\/\/www.narva-schach.de\/wordpress\/wp-content\/uploads\/2016\/11\/20161105_111414.jpg\"><img loading=\"lazy\" decoding=\"async\" aria-describedby=\"caption-attachment-1610\" class=\"wp-image-1610 size-large\" src=\"http:\/\/www.narva-schach.de\/wordpress\/wp-content\/uploads\/2016\/11\/20161105_111414-1024x576.jpg\" alt=\"20161105_111414\" width=\"640\" height=\"360\" srcset=\"https:\/\/www.narva-schach.de\/wordpress\/wp-content\/uploads\/2016\/11\/20161105_111414-1024x576.jpg 1024w, https:\/\/www.narva-schach.de\/wordpress\/wp-content\/uploads\/2016\/11\/20161105_111414-300x169.jpg 300w, https:\/\/www.narva-schach.de\/wordpress\/wp-content\/uploads\/2016\/11\/20161105_111414-768x432.jpg 768w\" sizes=\"auto, (max-width: 640px) 100vw, 640px\" \/><\/a><p id=\"caption-attachment-1610\" class=\"wp-caption-text\">Runde 1: die ersten Vereinsduelle<\/p><\/div>\n<div id=\"attachment_1609\" style=\"width: 650px\" class=\"wp-caption aligncenter\"><a href=\"http:\/\/www.narva-schach.de\/wordpress\/wp-content\/uploads\/2016\/11\/20161105_111428.jpg\"><img loading=\"lazy\" decoding=\"async\" aria-describedby=\"caption-attachment-1609\" class=\"wp-image-1609 size-large\" src=\"http:\/\/www.narva-schach.de\/wordpress\/wp-content\/uploads\/2016\/11\/20161105_111428-1024x576.jpg\" alt=\"20161105_111428\" width=\"640\" height=\"360\" srcset=\"https:\/\/www.narva-schach.de\/wordpress\/wp-content\/uploads\/2016\/11\/20161105_111428-1024x576.jpg 1024w, https:\/\/www.narva-schach.de\/wordpress\/wp-content\/uploads\/2016\/11\/20161105_111428-300x169.jpg 300w, https:\/\/www.narva-schach.de\/wordpress\/wp-content\/uploads\/2016\/11\/20161105_111428-768x432.jpg 768w\" sizes=\"auto, (max-width: 640px) 100vw, 640px\" \/><\/a><p id=\"caption-attachment-1609\" class=\"wp-caption-text\">Die vorderen Bretter<\/p><\/div>\n<div id=\"attachment_1607\" style=\"width: 650px\" class=\"wp-caption aligncenter\"><a href=\"http:\/\/www.narva-schach.de\/wordpress\/wp-content\/uploads\/2016\/11\/20161105_132223.jpg\"><img loading=\"lazy\" decoding=\"async\" aria-describedby=\"caption-attachment-1607\" class=\"wp-image-1607 size-large\" src=\"http:\/\/www.narva-schach.de\/wordpress\/wp-content\/uploads\/2016\/11\/20161105_132223-1024x576.jpg\" alt=\"20161105_132223\" width=\"640\" height=\"360\" srcset=\"https:\/\/www.narva-schach.de\/wordpress\/wp-content\/uploads\/2016\/11\/20161105_132223-1024x576.jpg 1024w, https:\/\/www.narva-schach.de\/wordpress\/wp-content\/uploads\/2016\/11\/20161105_132223-300x169.jpg 300w, https:\/\/www.narva-schach.de\/wordpress\/wp-content\/uploads\/2016\/11\/20161105_132223-768x432.jpg 768w\" sizes=\"auto, (max-width: 640px) 100vw, 640px\" \/><\/a><p id=\"caption-attachment-1607\" class=\"wp-caption-text\">Rudolf und Hans-Dieter haben sich nach vorne gespielt<\/p><\/div>\n<div id=\"attachment_1606\" style=\"width: 650px\" class=\"wp-caption aligncenter\"><a href=\"http:\/\/www.narva-schach.de\/wordpress\/wp-content\/uploads\/2016\/11\/20161105_132239.jpg\"><img loading=\"lazy\" decoding=\"async\" aria-describedby=\"caption-attachment-1606\" class=\"wp-image-1606 size-large\" src=\"http:\/\/www.narva-schach.de\/wordpress\/wp-content\/uploads\/2016\/11\/20161105_132239-1024x576.jpg\" alt=\"20161105_132239\" width=\"640\" height=\"360\" srcset=\"https:\/\/www.narva-schach.de\/wordpress\/wp-content\/uploads\/2016\/11\/20161105_132239-1024x576.jpg 1024w, https:\/\/www.narva-schach.de\/wordpress\/wp-content\/uploads\/2016\/11\/20161105_132239-300x169.jpg 300w, https:\/\/www.narva-schach.de\/wordpress\/wp-content\/uploads\/2016\/11\/20161105_132239-768x432.jpg 768w\" sizes=\"auto, (max-width: 640px) 100vw, 640px\" \/><\/a><p id=\"caption-attachment-1606\" class=\"wp-caption-text\">Rouven k\u00e4mpft gegen den Nachwuchs&#8230;&#8230;<\/p><\/div>\n<div id=\"attachment_1604\" style=\"width: 650px\" class=\"wp-caption aligncenter\"><a href=\"http:\/\/www.narva-schach.de\/wordpress\/wp-content\/uploads\/2016\/11\/20161105_132742.jpg\"><img loading=\"lazy\" decoding=\"async\" aria-describedby=\"caption-attachment-1604\" class=\"wp-image-1604 size-large\" src=\"http:\/\/www.narva-schach.de\/wordpress\/wp-content\/uploads\/2016\/11\/20161105_132742-1024x576.jpg\" alt=\"20161105_132742\" width=\"640\" height=\"360\" srcset=\"https:\/\/www.narva-schach.de\/wordpress\/wp-content\/uploads\/2016\/11\/20161105_132742-1024x576.jpg 1024w, https:\/\/www.narva-schach.de\/wordpress\/wp-content\/uploads\/2016\/11\/20161105_132742-300x169.jpg 300w, https:\/\/www.narva-schach.de\/wordpress\/wp-content\/uploads\/2016\/11\/20161105_132742-768x432.jpg 768w\" sizes=\"auto, (max-width: 640px) 100vw, 640px\" \/><\/a><p id=\"caption-attachment-1604\" class=\"wp-caption-text\">&#8230;.und steht auf Abriss (gewinnt aber am Ende trotzdem noch)<\/p><\/div>\n<div id=\"attachment_1603\" style=\"width: 650px\" class=\"wp-caption aligncenter\"><a href=\"http:\/\/www.narva-schach.de\/wordpress\/wp-content\/uploads\/2016\/11\/20161105_151727.jpg\"><img loading=\"lazy\" decoding=\"async\" aria-describedby=\"caption-attachment-1603\" class=\"wp-image-1603 size-large\" src=\"http:\/\/www.narva-schach.de\/wordpress\/wp-content\/uploads\/2016\/11\/20161105_151727-1024x576.jpg\" alt=\"20161105_151727\" width=\"640\" height=\"360\" srcset=\"https:\/\/www.narva-schach.de\/wordpress\/wp-content\/uploads\/2016\/11\/20161105_151727-1024x576.jpg 1024w, https:\/\/www.narva-schach.de\/wordpress\/wp-content\/uploads\/2016\/11\/20161105_151727-300x169.jpg 300w, https:\/\/www.narva-schach.de\/wordpress\/wp-content\/uploads\/2016\/11\/20161105_151727-768x432.jpg 768w\" sizes=\"auto, (max-width: 640px) 100vw, 640px\" \/><\/a><p id=\"caption-attachment-1603\" class=\"wp-caption-text\">In der letzten Runde gegen Wolfgang Fiedler<\/p><\/div>\n<p><a href=\"http:\/\/www.narva-schach.de\/wordpress\/wp-content\/uploads\/2016\/11\/20161105_111439.jpg\"><img loading=\"lazy\" decoding=\"async\" class=\"aligncenter wp-image-1608 size-large\" src=\"http:\/\/www.narva-schach.de\/wordpress\/wp-content\/uploads\/2016\/11\/20161105_111439-1024x576.jpg\" alt=\"20161105_111439\" width=\"640\" height=\"360\" srcset=\"https:\/\/www.narva-schach.de\/wordpress\/wp-content\/uploads\/2016\/11\/20161105_111439-1024x576.jpg 1024w, https:\/\/www.narva-schach.de\/wordpress\/wp-content\/uploads\/2016\/11\/20161105_111439-300x169.jpg 300w, https:\/\/www.narva-schach.de\/wordpress\/wp-content\/uploads\/2016\/11\/20161105_111439-768x432.jpg 768w\" sizes=\"auto, (max-width: 640px) 100vw, 640px\" \/><\/a> <a href=\"http:\/\/www.narva-schach.de\/wordpress\/wp-content\/uploads\/2016\/11\/20161105_132250.jpg\"><img loading=\"lazy\" decoding=\"async\" class=\"aligncenter wp-image-1605 size-large\" src=\"http:\/\/www.narva-schach.de\/wordpress\/wp-content\/uploads\/2016\/11\/20161105_132250-1024x576.jpg\" alt=\"20161105_132250\" width=\"640\" height=\"360\" srcset=\"https:\/\/www.narva-schach.de\/wordpress\/wp-content\/uploads\/2016\/11\/20161105_132250-1024x576.jpg 1024w, https:\/\/www.narva-schach.de\/wordpress\/wp-content\/uploads\/2016\/11\/20161105_132250-300x169.jpg 300w, https:\/\/www.narva-schach.de\/wordpress\/wp-content\/uploads\/2016\/11\/20161105_132250-768x432.jpg 768w\" sizes=\"auto, (max-width: 640px) 100vw, 640px\" \/><\/a> <a href=\"http:\/\/www.narva-schach.de\/wordpress\/wp-content\/uploads\/2016\/11\/20161105_151754.jpg\"><img loading=\"lazy\" decoding=\"async\" class=\"aligncenter wp-image-1602 size-large\" src=\"http:\/\/www.narva-schach.de\/wordpress\/wp-content\/uploads\/2016\/11\/20161105_151754-1024x576.jpg\" alt=\"20161105_151754\" width=\"640\" height=\"360\" srcset=\"https:\/\/www.narva-schach.de\/wordpress\/wp-content\/uploads\/2016\/11\/20161105_151754-1024x576.jpg 1024w, https:\/\/www.narva-schach.de\/wordpress\/wp-content\/uploads\/2016\/11\/20161105_151754-300x169.jpg 300w, https:\/\/www.narva-schach.de\/wordpress\/wp-content\/uploads\/2016\/11\/20161105_151754-768x432.jpg 768w\" sizes=\"auto, (max-width: 640px) 100vw, 640px\" \/><\/a> <a href=\"http:\/\/www.narva-schach.de\/wordpress\/wp-content\/uploads\/2016\/11\/20161105_151804.jpg\"><img loading=\"lazy\" decoding=\"async\" class=\"aligncenter wp-image-1601 size-large\" src=\"http:\/\/www.narva-schach.de\/wordpress\/wp-content\/uploads\/2016\/11\/20161105_151804-1024x576.jpg\" alt=\"20161105_151804\" width=\"640\" height=\"360\" srcset=\"https:\/\/www.narva-schach.de\/wordpress\/wp-content\/uploads\/2016\/11\/20161105_151804-1024x576.jpg 1024w, https:\/\/www.narva-schach.de\/wordpress\/wp-content\/uploads\/2016\/11\/20161105_151804-300x169.jpg 300w, https:\/\/www.narva-schach.de\/wordpress\/wp-content\/uploads\/2016\/11\/20161105_151804-768x432.jpg 768w\" sizes=\"auto, (max-width: 640px) 100vw, 640px\" \/><\/a> <a href=\"http:\/\/www.narva-schach.de\/wordpress\/wp-content\/uploads\/2016\/11\/20161105_151810.jpg\"><img loading=\"lazy\" decoding=\"async\" class=\"aligncenter wp-image-1600 size-large\" src=\"http:\/\/www.narva-schach.de\/wordpress\/wp-content\/uploads\/2016\/11\/20161105_151810-1024x576.jpg\" alt=\"20161105_151810\" width=\"640\" height=\"360\" srcset=\"https:\/\/www.narva-schach.de\/wordpress\/wp-content\/uploads\/2016\/11\/20161105_151810-1024x576.jpg 1024w, https:\/\/www.narva-schach.de\/wordpress\/wp-content\/uploads\/2016\/11\/20161105_151810-300x169.jpg 300w, https:\/\/www.narva-schach.de\/wordpress\/wp-content\/uploads\/2016\/11\/20161105_151810-768x432.jpg 768w\" sizes=\"auto, (max-width: 640px) 100vw, 640px\" \/><\/a> <a href=\"http:\/\/www.narva-schach.de\/wordpress\/wp-content\/uploads\/2016\/11\/20161105_151852.jpg\"><img loading=\"lazy\" decoding=\"async\" class=\"aligncenter wp-image-1599 size-large\" src=\"http:\/\/www.narva-schach.de\/wordpress\/wp-content\/uploads\/2016\/11\/20161105_151852-1024x576.jpg\" alt=\"20161105_151852\" width=\"640\" height=\"360\" srcset=\"https:\/\/www.narva-schach.de\/wordpress\/wp-content\/uploads\/2016\/11\/20161105_151852-1024x576.jpg 1024w, https:\/\/www.narva-schach.de\/wordpress\/wp-content\/uploads\/2016\/11\/20161105_151852-300x169.jpg 300w, https:\/\/www.narva-schach.de\/wordpress\/wp-content\/uploads\/2016\/11\/20161105_151852-768x432.jpg 768w\" sizes=\"auto, (max-width: 640px) 100vw, 640px\" \/><\/a> <a href=\"http:\/\/www.narva-schach.de\/wordpress\/wp-content\/uploads\/2016\/11\/20161105_151859.jpg\"><img loading=\"lazy\" decoding=\"async\" class=\"aligncenter wp-image-1598 size-large\" src=\"http:\/\/www.narva-schach.de\/wordpress\/wp-content\/uploads\/2016\/11\/20161105_151859-1024x576.jpg\" alt=\"20161105_151859\" width=\"640\" height=\"360\" srcset=\"https:\/\/www.narva-schach.de\/wordpress\/wp-content\/uploads\/2016\/11\/20161105_151859-1024x576.jpg 1024w, https:\/\/www.narva-schach.de\/wordpress\/wp-content\/uploads\/2016\/11\/20161105_151859-300x169.jpg 300w, https:\/\/www.narva-schach.de\/wordpress\/wp-content\/uploads\/2016\/11\/20161105_151859-768x432.jpg 768w\" sizes=\"auto, (max-width: 640px) 100vw, 640px\" \/><\/a><\/p>\n","protected":false},"excerpt":{"rendered":"<p>Rangliste Ergebnisse Heute fand zum 9. mal unser Schnellschach Open statt. Nach der Pause im letzten Jahr also die R\u00fcckkehr. Auch dieses mal mit DWZ Beschr\u00e4nkung auf U2000. Au\u00dferdem gab es in Gedenken an unseren k\u00fcrzlich verstorbenen Siegfried Loitz den &hellip; <a href=\"https:\/\/www.narva-schach.de\/wordpress\/schnellschach-open\/schnellschach-open-2016\/\">Weiterlesen <span class=\"meta-nav\">&rarr;<\/span><\/a><\/p>\n","protected":false},"author":1,"featured_media":0,"parent":128,"menu_order":0,"comment_status":"closed","ping_status":"closed","template":"","meta":{"footnotes":""},"class_list":["post-679","page","type-page","status-publish","hentry"],"yoast_head":"<!-- This site is optimized with the Yoast SEO plugin v27.3 - https:\/\/yoast.com\/product\/yoast-seo-wordpress\/ -->\n<title>Schnellschach Open 2016 &#8211; SG NARVA Berlin e.V. &#8211; Abteilung Schach<\/title>\n<meta name=\"robots\" content=\"index, follow, max-snippet:-1, max-image-preview:large, max-video-preview:-1\" \/>\n<link rel=\"canonical\" href=\"https:\/\/www.narva-schach.de\/wordpress\/schnellschach-open\/schnellschach-open-2016\/\" \/>\n<meta property=\"og:locale\" content=\"de_DE\" \/>\n<meta property=\"og:type\" content=\"article\" \/>\n<meta property=\"og:title\" content=\"Schnellschach Open 2016 &#8211; SG NARVA Berlin e.V. &#8211; Abteilung Schach\" \/>\n<meta property=\"og:description\" content=\"Rangliste Ergebnisse Heute fand zum 9. mal unser Schnellschach Open statt. Nach der Pause im letzten Jahr also die R\u00fcckkehr. Auch dieses mal mit DWZ Beschr\u00e4nkung auf U2000. Au\u00dferdem gab es in Gedenken an unseren k\u00fcrzlich verstorbenen Siegfried Loitz den &hellip; Weiterlesen &rarr;\" \/>\n<meta property=\"og:url\" content=\"https:\/\/www.narva-schach.de\/wordpress\/schnellschach-open\/schnellschach-open-2016\/\" \/>\n<meta property=\"article:publisher\" content=\"http:\/\/www.facebook.com\/pages\/SG-NARVA-Berlin-eV-Abteilung-Schach\/214119148621903\" \/>\n<meta property=\"article:modified_time\" content=\"2016-11-05T21:57:14+00:00\" \/>\n<meta property=\"og:image\" content=\"http:\/\/www.narva-schach.de\/wordpress\/wp-content\/uploads\/2016\/11\/20161105_111414-1024x576.jpg\" \/>\n<meta name=\"twitter:card\" content=\"summary_large_image\" \/>\n<meta name=\"twitter:label1\" content=\"Gesch\u00e4tzte Lesezeit\" \/>\n\t<meta name=\"twitter:data1\" content=\"3\u00a0Minuten\" \/>\n<script type=\"application\/ld+json\" class=\"yoast-schema-graph\">{\"@context\":\"https:\\\/\\\/schema.org\",\"@graph\":[{\"@type\":\"WebPage\",\"@id\":\"https:\\\/\\\/www.narva-schach.de\\\/wordpress\\\/schnellschach-open\\\/schnellschach-open-2016\\\/\",\"url\":\"https:\\\/\\\/www.narva-schach.de\\\/wordpress\\\/schnellschach-open\\\/schnellschach-open-2016\\\/\",\"name\":\"Schnellschach Open 2016 &#8211; SG NARVA Berlin e.V. &#8211; Abteilung Schach\",\"isPartOf\":{\"@id\":\"https:\\\/\\\/www.narva-schach.de\\\/wordpress\\\/#website\"},\"primaryImageOfPage\":{\"@id\":\"https:\\\/\\\/www.narva-schach.de\\\/wordpress\\\/schnellschach-open\\\/schnellschach-open-2016\\\/#primaryimage\"},\"image\":{\"@id\":\"https:\\\/\\\/www.narva-schach.de\\\/wordpress\\\/schnellschach-open\\\/schnellschach-open-2016\\\/#primaryimage\"},\"thumbnailUrl\":\"http:\\\/\\\/www.narva-schach.de\\\/wordpress\\\/wp-content\\\/uploads\\\/2016\\\/11\\\/20161105_111414-1024x576.jpg\",\"datePublished\":\"2016-06-11T08:49:14+00:00\",\"dateModified\":\"2016-11-05T21:57:14+00:00\",\"breadcrumb\":{\"@id\":\"https:\\\/\\\/www.narva-schach.de\\\/wordpress\\\/schnellschach-open\\\/schnellschach-open-2016\\\/#breadcrumb\"},\"inLanguage\":\"de\",\"potentialAction\":[{\"@type\":\"ReadAction\",\"target\":[\"https:\\\/\\\/www.narva-schach.de\\\/wordpress\\\/schnellschach-open\\\/schnellschach-open-2016\\\/\"]}]},{\"@type\":\"ImageObject\",\"inLanguage\":\"de\",\"@id\":\"https:\\\/\\\/www.narva-schach.de\\\/wordpress\\\/schnellschach-open\\\/schnellschach-open-2016\\\/#primaryimage\",\"url\":\"http:\\\/\\\/www.narva-schach.de\\\/wordpress\\\/wp-content\\\/uploads\\\/2016\\\/11\\\/20161105_111414-1024x576.jpg\",\"contentUrl\":\"http:\\\/\\\/www.narva-schach.de\\\/wordpress\\\/wp-content\\\/uploads\\\/2016\\\/11\\\/20161105_111414-1024x576.jpg\"},{\"@type\":\"BreadcrumbList\",\"@id\":\"https:\\\/\\\/www.narva-schach.de\\\/wordpress\\\/schnellschach-open\\\/schnellschach-open-2016\\\/#breadcrumb\",\"itemListElement\":[{\"@type\":\"ListItem\",\"position\":1,\"name\":\"Startseite\",\"item\":\"https:\\\/\\\/www.narva-schach.de\\\/wordpress\\\/\"},{\"@type\":\"ListItem\",\"position\":2,\"name\":\"Schnellschach Open\",\"item\":\"https:\\\/\\\/www.narva-schach.de\\\/wordpress\\\/schnellschach-open\\\/\"},{\"@type\":\"ListItem\",\"position\":3,\"name\":\"Schnellschach Open 2016\"}]},{\"@type\":\"WebSite\",\"@id\":\"https:\\\/\\\/www.narva-schach.de\\\/wordpress\\\/#website\",\"url\":\"https:\\\/\\\/www.narva-schach.de\\\/wordpress\\\/\",\"name\":\"\",\"description\":\"\",\"publisher\":{\"@id\":\"https:\\\/\\\/www.narva-schach.de\\\/wordpress\\\/#organization\"},\"potentialAction\":[{\"@type\":\"SearchAction\",\"target\":{\"@type\":\"EntryPoint\",\"urlTemplate\":\"https:\\\/\\\/www.narva-schach.de\\\/wordpress\\\/?s={search_term_string}\"},\"query-input\":{\"@type\":\"PropertyValueSpecification\",\"valueRequired\":true,\"valueName\":\"search_term_string\"}}],\"inLanguage\":\"de\"},{\"@type\":\"Organization\",\"@id\":\"https:\\\/\\\/www.narva-schach.de\\\/wordpress\\\/#organization\",\"name\":\"SG NARVA Berlin e.V. Abteilung Schach\",\"url\":\"https:\\\/\\\/www.narva-schach.de\\\/wordpress\\\/\",\"logo\":{\"@type\":\"ImageObject\",\"inLanguage\":\"de\",\"@id\":\"https:\\\/\\\/www.narva-schach.de\\\/wordpress\\\/#\\\/schema\\\/logo\\\/image\\\/\",\"url\":\"http:\\\/\\\/www.narva-schach.de\\\/wordpress\\\/wp-content\\\/uploads\\\/2016\\\/03\\\/NARVA-Logo-gro\u00df.jpg\",\"contentUrl\":\"http:\\\/\\\/www.narva-schach.de\\\/wordpress\\\/wp-content\\\/uploads\\\/2016\\\/03\\\/NARVA-Logo-gro\u00df.jpg\",\"width\":480,\"height\":480,\"caption\":\"SG NARVA Berlin e.V. Abteilung Schach\"},\"image\":{\"@id\":\"https:\\\/\\\/www.narva-schach.de\\\/wordpress\\\/#\\\/schema\\\/logo\\\/image\\\/\"},\"sameAs\":[\"http:\\\/\\\/www.facebook.com\\\/pages\\\/SG-NARVA-Berlin-eV-Abteilung-Schach\\\/214119148621903\",\"https:\\\/\\\/www.instagram.com\\\/sgnarvaschach\\\/?ref=badge\"]}]}<\/script>\n<!-- \/ Yoast SEO plugin. -->","yoast_head_json":{"title":"Schnellschach Open 2016 &#8211; SG NARVA Berlin e.V. &#8211; Abteilung Schach","robots":{"index":"index","follow":"follow","max-snippet":"max-snippet:-1","max-image-preview":"max-image-preview:large","max-video-preview":"max-video-preview:-1"},"canonical":"https:\/\/www.narva-schach.de\/wordpress\/schnellschach-open\/schnellschach-open-2016\/","og_locale":"de_DE","og_type":"article","og_title":"Schnellschach Open 2016 &#8211; SG NARVA Berlin e.V. &#8211; Abteilung Schach","og_description":"Rangliste Ergebnisse Heute fand zum 9. mal unser Schnellschach Open statt. Nach der Pause im letzten Jahr also die R\u00fcckkehr. Auch dieses mal mit DWZ Beschr\u00e4nkung auf U2000. Au\u00dferdem gab es in Gedenken an unseren k\u00fcrzlich verstorbenen Siegfried Loitz den &hellip; Weiterlesen &rarr;","og_url":"https:\/\/www.narva-schach.de\/wordpress\/schnellschach-open\/schnellschach-open-2016\/","article_publisher":"http:\/\/www.facebook.com\/pages\/SG-NARVA-Berlin-eV-Abteilung-Schach\/214119148621903","article_modified_time":"2016-11-05T21:57:14+00:00","og_image":[{"url":"http:\/\/www.narva-schach.de\/wordpress\/wp-content\/uploads\/2016\/11\/20161105_111414-1024x576.jpg","type":"","width":"","height":""}],"twitter_card":"summary_large_image","twitter_misc":{"Gesch\u00e4tzte Lesezeit":"3\u00a0Minuten"},"schema":{"@context":"https:\/\/schema.org","@graph":[{"@type":"WebPage","@id":"https:\/\/www.narva-schach.de\/wordpress\/schnellschach-open\/schnellschach-open-2016\/","url":"https:\/\/www.narva-schach.de\/wordpress\/schnellschach-open\/schnellschach-open-2016\/","name":"Schnellschach Open 2016 &#8211; SG NARVA Berlin e.V. &#8211; Abteilung Schach","isPartOf":{"@id":"https:\/\/www.narva-schach.de\/wordpress\/#website"},"primaryImageOfPage":{"@id":"https:\/\/www.narva-schach.de\/wordpress\/schnellschach-open\/schnellschach-open-2016\/#primaryimage"},"image":{"@id":"https:\/\/www.narva-schach.de\/wordpress\/schnellschach-open\/schnellschach-open-2016\/#primaryimage"},"thumbnailUrl":"http:\/\/www.narva-schach.de\/wordpress\/wp-content\/uploads\/2016\/11\/20161105_111414-1024x576.jpg","datePublished":"2016-06-11T08:49:14+00:00","dateModified":"2016-11-05T21:57:14+00:00","breadcrumb":{"@id":"https:\/\/www.narva-schach.de\/wordpress\/schnellschach-open\/schnellschach-open-2016\/#breadcrumb"},"inLanguage":"de","potentialAction":[{"@type":"ReadAction","target":["https:\/\/www.narva-schach.de\/wordpress\/schnellschach-open\/schnellschach-open-2016\/"]}]},{"@type":"ImageObject","inLanguage":"de","@id":"https:\/\/www.narva-schach.de\/wordpress\/schnellschach-open\/schnellschach-open-2016\/#primaryimage","url":"http:\/\/www.narva-schach.de\/wordpress\/wp-content\/uploads\/2016\/11\/20161105_111414-1024x576.jpg","contentUrl":"http:\/\/www.narva-schach.de\/wordpress\/wp-content\/uploads\/2016\/11\/20161105_111414-1024x576.jpg"},{"@type":"BreadcrumbList","@id":"https:\/\/www.narva-schach.de\/wordpress\/schnellschach-open\/schnellschach-open-2016\/#breadcrumb","itemListElement":[{"@type":"ListItem","position":1,"name":"Startseite","item":"https:\/\/www.narva-schach.de\/wordpress\/"},{"@type":"ListItem","position":2,"name":"Schnellschach Open","item":"https:\/\/www.narva-schach.de\/wordpress\/schnellschach-open\/"},{"@type":"ListItem","position":3,"name":"Schnellschach Open 2016"}]},{"@type":"WebSite","@id":"https:\/\/www.narva-schach.de\/wordpress\/#website","url":"https:\/\/www.narva-schach.de\/wordpress\/","name":"","description":"","publisher":{"@id":"https:\/\/www.narva-schach.de\/wordpress\/#organization"},"potentialAction":[{"@type":"SearchAction","target":{"@type":"EntryPoint","urlTemplate":"https:\/\/www.narva-schach.de\/wordpress\/?s={search_term_string}"},"query-input":{"@type":"PropertyValueSpecification","valueRequired":true,"valueName":"search_term_string"}}],"inLanguage":"de"},{"@type":"Organization","@id":"https:\/\/www.narva-schach.de\/wordpress\/#organization","name":"SG NARVA Berlin e.V. Abteilung Schach","url":"https:\/\/www.narva-schach.de\/wordpress\/","logo":{"@type":"ImageObject","inLanguage":"de","@id":"https:\/\/www.narva-schach.de\/wordpress\/#\/schema\/logo\/image\/","url":"http:\/\/www.narva-schach.de\/wordpress\/wp-content\/uploads\/2016\/03\/NARVA-Logo-gro\u00df.jpg","contentUrl":"http:\/\/www.narva-schach.de\/wordpress\/wp-content\/uploads\/2016\/03\/NARVA-Logo-gro\u00df.jpg","width":480,"height":480,"caption":"SG NARVA Berlin e.V. Abteilung Schach"},"image":{"@id":"https:\/\/www.narva-schach.de\/wordpress\/#\/schema\/logo\/image\/"},"sameAs":["http:\/\/www.facebook.com\/pages\/SG-NARVA-Berlin-eV-Abteilung-Schach\/214119148621903","https:\/\/www.instagram.com\/sgnarvaschach\/?ref=badge"]}]}},"_links":{"self":[{"href":"https:\/\/www.narva-schach.de\/wordpress\/wp-json\/wp\/v2\/pages\/679","targetHints":{"allow":["GET"]}}],"collection":[{"href":"https:\/\/www.narva-schach.de\/wordpress\/wp-json\/wp\/v2\/pages"}],"about":[{"href":"https:\/\/www.narva-schach.de\/wordpress\/wp-json\/wp\/v2\/types\/page"}],"author":[{"embeddable":true,"href":"https:\/\/www.narva-schach.de\/wordpress\/wp-json\/wp\/v2\/users\/1"}],"replies":[{"embeddable":true,"href":"https:\/\/www.narva-schach.de\/wordpress\/wp-json\/wp\/v2\/comments?post=679"}],"version-history":[{"count":18,"href":"https:\/\/www.narva-schach.de\/wordpress\/wp-json\/wp\/v2\/pages\/679\/revisions"}],"predecessor-version":[{"id":1614,"href":"https:\/\/www.narva-schach.de\/wordpress\/wp-json\/wp\/v2\/pages\/679\/revisions\/1614"}],"up":[{"embeddable":true,"href":"https:\/\/www.narva-schach.de\/wordpress\/wp-json\/wp\/v2\/pages\/128"}],"wp:attachment":[{"href":"https:\/\/www.narva-schach.de\/wordpress\/wp-json\/wp\/v2\/media?parent=679"}],"curies":[{"name":"wp","href":"https:\/\/api.w.org\/{rel}","templated":true}]}}