{"id":800,"date":"2016-06-16T10:16:06","date_gmt":"2016-06-16T08:16:06","guid":{"rendered":"http:\/\/www.narva-schach.de\/wordpress\/?page_id=800"},"modified":"2016-06-16T10:45:49","modified_gmt":"2016-06-16T08:45:49","slug":"bpmm-2015","status":"publish","type":"page","link":"https:\/\/www.narva-schach.de\/wordpress\/chronik\/bpmm-archiv\/bpmm-2015\/","title":{"rendered":"BPMM 2015"},"content":{"rendered":"<h3 id=\"a2\" class=\"heading3\">Vorrunde am Samstag, den 21.02.2015<\/h3>\n<p>&#8211; fand nicht statt &#8211;&gt; <a class=\"link\" title=\"Externe Adresse &quot;http:\/\/www.berlinerschachverband.de\/entry\/bpmm-2016-verlaengerte-anmeldefrist-bis-zum-2802.html&quot; aufrufen\" href=\"http:\/\/www.berlinerschachverband.de\/entry\/vorrunde-bpmm-2015-faellt-aus.html\" target=\"_blank\">Link<\/a><\/p>\n<h3>Hauptrunde am Samstag, den 14.03.2015<\/h3>\n<p>&#8211; SF Berlin 1903: B\u00fclowstr. 94, 10783 Berlin<\/p>\n<p><iframe loading=\"lazy\" src=\"https:\/\/www.narva-schach.de\/dateien\/bpmm2015.html\" width=\"550\" height=\"200\"> \/&gt;<\/iframe><\/p>\n<h2><span style=\"text-decoration: underline;\">Bericht von Rochade:<\/span><\/h2>\n<p>&#8222;<i class=\"contentitalic\">In der Hauptrunde des Berliner Mannschaftspokals konnte Rochade die n\u00e4chste Runde erreichen. Narva wurde mit 2,5:1,5 bezwungen. F\u00fcr Rochade spielten: an Brett 1: Jaeger (mit Wei\u00df 1:0), 2: Mock (mit S 1:0), 3: Rollwitz (mit S 0:1) 4: Dr. Mayer (mit W 1\/2). Der Spielverlauf lie\u00df Rochade nicht unbedingt als Sieger erwarten. Nachdem an Brett 4 ein deutlicher Vorteil vergeben wurde, gab es dort ein Remis. Etwas sp\u00e4ter folgte an 3 eine Null, w\u00e4hrend an den ersten beiden Brettern die Stellungen zu diesem Zeitpunkt drohten, Remis zu werden. Doch mit einem Einsteller von Narva an Brett 2 &#8211; bei knapper werdender Zeit &#8211; wendete sich das Blatt zugunsten von Rochade, das am Ende auch den Punkt an Brett 1 holte. Das Los &#8211; der Computer &#8211; konnte im Achtelfinale einen Brocken bereit halten. Zugelost wurden Rochade aber als &#8222;Gast&#8220; &#8211; gespielt wird im Schachcafe en passant &#8211; einem der beiden &#8222;Lucky Loser&#8220;, Neuenhagen, das in der Hauptrunde 4:0 gegen Chemie Wei\u00dfensee unterging. Chancen auf das Viertelfinale sind damit durchaus vorhanden.&#8220;<\/i> &#8211; <a class=\"link\" title=\"Externe Adresse &quot;http:\/\/www.rochade-berlin.de\/aktuell\/info.html&quot; aufrufen\" href=\"http:\/\/www.rochade-berlin.de\/aktuell\/info.html\" target=\"_blank\">Link<\/a><\/p>\n<p><a class=\"link\" title=\"Externe Adresse &quot;http:\/\/www.berlinerschachverband.de\/bpmm2016.html&quot; aufrufen\" href=\"http:\/\/www.berlinerschachverband.de\/bpmm2016.html\" target=\"_blank\">Turnierseite<\/a><\/p>\n","protected":false},"excerpt":{"rendered":"<p>Vorrunde am Samstag, den 21.02.2015 &#8211; fand nicht statt &#8211;&gt; Link Hauptrunde am Samstag, den 14.03.2015 &#8211; SF Berlin 1903: B\u00fclowstr. 94, 10783 Berlin \/&gt; Bericht von Rochade: &#8222;In der Hauptrunde des Berliner Mannschaftspokals konnte Rochade die n\u00e4chste Runde erreichen. &hellip; <a href=\"https:\/\/www.narva-schach.de\/wordpress\/chronik\/bpmm-archiv\/bpmm-2015\/\">Weiterlesen <span class=\"meta-nav\">&rarr;<\/span><\/a><\/p>\n","protected":false},"author":1,"featured_media":0,"parent":331,"menu_order":0,"comment_status":"closed","ping_status":"closed","template":"","meta":{"footnotes":""},"class_list":["post-800","page","type-page","status-publish","hentry"],"yoast_head":"<!-- This site is optimized with the Yoast SEO plugin v27.3 - https:\/\/yoast.com\/product\/yoast-seo-wordpress\/ -->\n<title>BPMM 2015 &#8211; SG NARVA Berlin e.V. &#8211; Abteilung Schach<\/title>\n<meta name=\"robots\" content=\"index, follow, max-snippet:-1, max-image-preview:large, max-video-preview:-1\" \/>\n<link rel=\"canonical\" href=\"https:\/\/www.narva-schach.de\/wordpress\/chronik\/bpmm-archiv\/bpmm-2015\/\" \/>\n<meta property=\"og:locale\" content=\"de_DE\" \/>\n<meta property=\"og:type\" content=\"article\" \/>\n<meta property=\"og:title\" content=\"BPMM 2015 &#8211; SG NARVA Berlin e.V. &#8211; Abteilung Schach\" \/>\n<meta property=\"og:description\" content=\"Vorrunde am Samstag, den 21.02.2015 &#8211; fand nicht statt &#8211;&gt; Link Hauptrunde am Samstag, den 14.03.2015 &#8211; SF Berlin 1903: B\u00fclowstr. 94, 10783 Berlin \/&gt; Bericht von Rochade: &#8222;In der Hauptrunde des Berliner Mannschaftspokals konnte Rochade die n\u00e4chste Runde erreichen. &hellip; Weiterlesen &rarr;\" \/>\n<meta property=\"og:url\" content=\"https:\/\/www.narva-schach.de\/wordpress\/chronik\/bpmm-archiv\/bpmm-2015\/\" \/>\n<meta property=\"article:publisher\" content=\"http:\/\/www.facebook.com\/pages\/SG-NARVA-Berlin-eV-Abteilung-Schach\/214119148621903\" \/>\n<meta property=\"article:modified_time\" content=\"2016-06-16T08:45:49+00:00\" \/>\n<meta name=\"twitter:card\" content=\"summary_large_image\" \/>\n<meta name=\"twitter:label1\" content=\"Gesch\u00e4tzte Lesezeit\" \/>\n\t<meta name=\"twitter:data1\" content=\"1\u00a0Minute\" \/>\n<script type=\"application\/ld+json\" class=\"yoast-schema-graph\">{\"@context\":\"https:\\\/\\\/schema.org\",\"@graph\":[{\"@type\":\"WebPage\",\"@id\":\"https:\\\/\\\/www.narva-schach.de\\\/wordpress\\\/chronik\\\/bpmm-archiv\\\/bpmm-2015\\\/\",\"url\":\"https:\\\/\\\/www.narva-schach.de\\\/wordpress\\\/chronik\\\/bpmm-archiv\\\/bpmm-2015\\\/\",\"name\":\"BPMM 2015 &#8211; SG NARVA Berlin e.V. &#8211; Abteilung Schach\",\"isPartOf\":{\"@id\":\"https:\\\/\\\/www.narva-schach.de\\\/wordpress\\\/#website\"},\"datePublished\":\"2016-06-16T08:16:06+00:00\",\"dateModified\":\"2016-06-16T08:45:49+00:00\",\"breadcrumb\":{\"@id\":\"https:\\\/\\\/www.narva-schach.de\\\/wordpress\\\/chronik\\\/bpmm-archiv\\\/bpmm-2015\\\/#breadcrumb\"},\"inLanguage\":\"de\",\"potentialAction\":[{\"@type\":\"ReadAction\",\"target\":[\"https:\\\/\\\/www.narva-schach.de\\\/wordpress\\\/chronik\\\/bpmm-archiv\\\/bpmm-2015\\\/\"]}]},{\"@type\":\"BreadcrumbList\",\"@id\":\"https:\\\/\\\/www.narva-schach.de\\\/wordpress\\\/chronik\\\/bpmm-archiv\\\/bpmm-2015\\\/#breadcrumb\",\"itemListElement\":[{\"@type\":\"ListItem\",\"position\":1,\"name\":\"Startseite\",\"item\":\"https:\\\/\\\/www.narva-schach.de\\\/wordpress\\\/\"},{\"@type\":\"ListItem\",\"position\":2,\"name\":\"Chronik\",\"item\":\"https:\\\/\\\/www.narva-schach.de\\\/wordpress\\\/chronik\\\/\"},{\"@type\":\"ListItem\",\"position\":3,\"name\":\"BPMM Archiv\",\"item\":\"https:\\\/\\\/www.narva-schach.de\\\/wordpress\\\/chronik\\\/bpmm-archiv\\\/\"},{\"@type\":\"ListItem\",\"position\":4,\"name\":\"BPMM 2015\"}]},{\"@type\":\"WebSite\",\"@id\":\"https:\\\/\\\/www.narva-schach.de\\\/wordpress\\\/#website\",\"url\":\"https:\\\/\\\/www.narva-schach.de\\\/wordpress\\\/\",\"name\":\"\",\"description\":\"\",\"publisher\":{\"@id\":\"https:\\\/\\\/www.narva-schach.de\\\/wordpress\\\/#organization\"},\"potentialAction\":[{\"@type\":\"SearchAction\",\"target\":{\"@type\":\"EntryPoint\",\"urlTemplate\":\"https:\\\/\\\/www.narva-schach.de\\\/wordpress\\\/?s={search_term_string}\"},\"query-input\":{\"@type\":\"PropertyValueSpecification\",\"valueRequired\":true,\"valueName\":\"search_term_string\"}}],\"inLanguage\":\"de\"},{\"@type\":\"Organization\",\"@id\":\"https:\\\/\\\/www.narva-schach.de\\\/wordpress\\\/#organization\",\"name\":\"SG NARVA Berlin e.V. Abteilung Schach\",\"url\":\"https:\\\/\\\/www.narva-schach.de\\\/wordpress\\\/\",\"logo\":{\"@type\":\"ImageObject\",\"inLanguage\":\"de\",\"@id\":\"https:\\\/\\\/www.narva-schach.de\\\/wordpress\\\/#\\\/schema\\\/logo\\\/image\\\/\",\"url\":\"http:\\\/\\\/www.narva-schach.de\\\/wordpress\\\/wp-content\\\/uploads\\\/2016\\\/03\\\/NARVA-Logo-gro\u00df.jpg\",\"contentUrl\":\"http:\\\/\\\/www.narva-schach.de\\\/wordpress\\\/wp-content\\\/uploads\\\/2016\\\/03\\\/NARVA-Logo-gro\u00df.jpg\",\"width\":480,\"height\":480,\"caption\":\"SG NARVA Berlin e.V. Abteilung Schach\"},\"image\":{\"@id\":\"https:\\\/\\\/www.narva-schach.de\\\/wordpress\\\/#\\\/schema\\\/logo\\\/image\\\/\"},\"sameAs\":[\"http:\\\/\\\/www.facebook.com\\\/pages\\\/SG-NARVA-Berlin-eV-Abteilung-Schach\\\/214119148621903\",\"https:\\\/\\\/www.instagram.com\\\/sgnarvaschach\\\/?ref=badge\"]}]}<\/script>\n<!-- \/ Yoast SEO plugin. -->","yoast_head_json":{"title":"BPMM 2015 &#8211; SG NARVA Berlin e.V. &#8211; Abteilung Schach","robots":{"index":"index","follow":"follow","max-snippet":"max-snippet:-1","max-image-preview":"max-image-preview:large","max-video-preview":"max-video-preview:-1"},"canonical":"https:\/\/www.narva-schach.de\/wordpress\/chronik\/bpmm-archiv\/bpmm-2015\/","og_locale":"de_DE","og_type":"article","og_title":"BPMM 2015 &#8211; SG NARVA Berlin e.V. &#8211; Abteilung Schach","og_description":"Vorrunde am Samstag, den 21.02.2015 &#8211; fand nicht statt &#8211;&gt; Link Hauptrunde am Samstag, den 14.03.2015 &#8211; SF Berlin 1903: B\u00fclowstr. 94, 10783 Berlin \/&gt; Bericht von Rochade: &#8222;In der Hauptrunde des Berliner Mannschaftspokals konnte Rochade die n\u00e4chste Runde erreichen. &hellip; Weiterlesen &rarr;","og_url":"https:\/\/www.narva-schach.de\/wordpress\/chronik\/bpmm-archiv\/bpmm-2015\/","article_publisher":"http:\/\/www.facebook.com\/pages\/SG-NARVA-Berlin-eV-Abteilung-Schach\/214119148621903","article_modified_time":"2016-06-16T08:45:49+00:00","twitter_card":"summary_large_image","twitter_misc":{"Gesch\u00e4tzte Lesezeit":"1\u00a0Minute"},"schema":{"@context":"https:\/\/schema.org","@graph":[{"@type":"WebPage","@id":"https:\/\/www.narva-schach.de\/wordpress\/chronik\/bpmm-archiv\/bpmm-2015\/","url":"https:\/\/www.narva-schach.de\/wordpress\/chronik\/bpmm-archiv\/bpmm-2015\/","name":"BPMM 2015 &#8211; SG NARVA Berlin e.V. &#8211; Abteilung Schach","isPartOf":{"@id":"https:\/\/www.narva-schach.de\/wordpress\/#website"},"datePublished":"2016-06-16T08:16:06+00:00","dateModified":"2016-06-16T08:45:49+00:00","breadcrumb":{"@id":"https:\/\/www.narva-schach.de\/wordpress\/chronik\/bpmm-archiv\/bpmm-2015\/#breadcrumb"},"inLanguage":"de","potentialAction":[{"@type":"ReadAction","target":["https:\/\/www.narva-schach.de\/wordpress\/chronik\/bpmm-archiv\/bpmm-2015\/"]}]},{"@type":"BreadcrumbList","@id":"https:\/\/www.narva-schach.de\/wordpress\/chronik\/bpmm-archiv\/bpmm-2015\/#breadcrumb","itemListElement":[{"@type":"ListItem","position":1,"name":"Startseite","item":"https:\/\/www.narva-schach.de\/wordpress\/"},{"@type":"ListItem","position":2,"name":"Chronik","item":"https:\/\/www.narva-schach.de\/wordpress\/chronik\/"},{"@type":"ListItem","position":3,"name":"BPMM Archiv","item":"https:\/\/www.narva-schach.de\/wordpress\/chronik\/bpmm-archiv\/"},{"@type":"ListItem","position":4,"name":"BPMM 2015"}]},{"@type":"WebSite","@id":"https:\/\/www.narva-schach.de\/wordpress\/#website","url":"https:\/\/www.narva-schach.de\/wordpress\/","name":"","description":"","publisher":{"@id":"https:\/\/www.narva-schach.de\/wordpress\/#organization"},"potentialAction":[{"@type":"SearchAction","target":{"@type":"EntryPoint","urlTemplate":"https:\/\/www.narva-schach.de\/wordpress\/?s={search_term_string}"},"query-input":{"@type":"PropertyValueSpecification","valueRequired":true,"valueName":"search_term_string"}}],"inLanguage":"de"},{"@type":"Organization","@id":"https:\/\/www.narva-schach.de\/wordpress\/#organization","name":"SG NARVA Berlin e.V. Abteilung Schach","url":"https:\/\/www.narva-schach.de\/wordpress\/","logo":{"@type":"ImageObject","inLanguage":"de","@id":"https:\/\/www.narva-schach.de\/wordpress\/#\/schema\/logo\/image\/","url":"http:\/\/www.narva-schach.de\/wordpress\/wp-content\/uploads\/2016\/03\/NARVA-Logo-gro\u00df.jpg","contentUrl":"http:\/\/www.narva-schach.de\/wordpress\/wp-content\/uploads\/2016\/03\/NARVA-Logo-gro\u00df.jpg","width":480,"height":480,"caption":"SG NARVA Berlin e.V. Abteilung Schach"},"image":{"@id":"https:\/\/www.narva-schach.de\/wordpress\/#\/schema\/logo\/image\/"},"sameAs":["http:\/\/www.facebook.com\/pages\/SG-NARVA-Berlin-eV-Abteilung-Schach\/214119148621903","https:\/\/www.instagram.com\/sgnarvaschach\/?ref=badge"]}]}},"_links":{"self":[{"href":"https:\/\/www.narva-schach.de\/wordpress\/wp-json\/wp\/v2\/pages\/800","targetHints":{"allow":["GET"]}}],"collection":[{"href":"https:\/\/www.narva-schach.de\/wordpress\/wp-json\/wp\/v2\/pages"}],"about":[{"href":"https:\/\/www.narva-schach.de\/wordpress\/wp-json\/wp\/v2\/types\/page"}],"author":[{"embeddable":true,"href":"https:\/\/www.narva-schach.de\/wordpress\/wp-json\/wp\/v2\/users\/1"}],"replies":[{"embeddable":true,"href":"https:\/\/www.narva-schach.de\/wordpress\/wp-json\/wp\/v2\/comments?post=800"}],"version-history":[{"count":3,"href":"https:\/\/www.narva-schach.de\/wordpress\/wp-json\/wp\/v2\/pages\/800\/revisions"}],"predecessor-version":[{"id":812,"href":"https:\/\/www.narva-schach.de\/wordpress\/wp-json\/wp\/v2\/pages\/800\/revisions\/812"}],"up":[{"embeddable":true,"href":"https:\/\/www.narva-schach.de\/wordpress\/wp-json\/wp\/v2\/pages\/331"}],"wp:attachment":[{"href":"https:\/\/www.narva-schach.de\/wordpress\/wp-json\/wp\/v2\/media?parent=800"}],"curies":[{"name":"wp","href":"https:\/\/api.w.org\/{rel}","templated":true}]}}