{"id":802,"date":"2016-06-16T10:16:18","date_gmt":"2016-06-16T08:16:18","guid":{"rendered":"http:\/\/www.narva-schach.de\/wordpress\/?page_id=802"},"modified":"2016-06-16T11:41:16","modified_gmt":"2016-06-16T09:41:16","slug":"bpmm-2014","status":"publish","type":"page","link":"https:\/\/www.narva-schach.de\/wordpress\/chronik\/bpmm-archiv\/bpmm-2014\/","title":{"rendered":"BPMM 2014"},"content":{"rendered":"<h3>Hauptrunde am Samstag, den 15.03.2014<\/h3>\n<p>&#8211; im Schachcaf\u00e9 &#8222;en passant&#8220;<\/p>\n<p><iframe loading=\"lazy\" src=\"https:\/\/www.narva-schach.de\/dateien\/bpmm2014r1.html\" width=\"550\" height=\"200\"> \/&gt;<\/iframe><\/p>\n<h3>Achtelfinale am Samstag, den 05.04.2014<\/h3>\n<p>&#8211; beim SC Kreuzberg<\/p>\n<p><iframe loading=\"lazy\" src=\"https:\/\/www.narva-schach.de\/dateien\/bpmm2014r2.html\" width=\"550\" height=\"200\"> \/&gt;<\/iframe><\/p>\n<h3>Viertelfinale am Sonntag, den 04.05.2014<\/h3>\n<p>&#8211; beim SC Kreuzberg<\/p>\n<p><iframe loading=\"lazy\" src=\"https:\/\/www.narva-schach.de\/dateien\/bpmm2014r3.html\" width=\"600\" height=\"200\"> \/&gt;<\/iframe><\/p>\n<h2><strong><span style=\"text-decoration: underline;\">Berichte<\/span><\/strong><\/h2>\n<h2 id=\"a9\" class=\"heading2\"><span style=\"text-decoration: underline;\"><strong>Pokal aus f\u00fcr NARVA<\/strong><\/span><\/h2>\n<p>Gegen die <b class=\"contentbold\">SF Berlin 1903<\/b> war im Viertelfinale am Sonntag, den 04.05.2014, das &#8222;Abenteuer&#8220; <b class=\"contentbold\">Berliner Pokal-Mannschaftsmeisterschaft 2014<\/b> beendet. Die 0:4 Schlappe konnte verhindert werden, da Ole an Brett 4 einen halben Punkt holte.<\/p>\n<p>Trotzdem haben wir uns Super verkauft und ich freue mich schon auf unsere n\u00e4chsten Auftritte.<br \/>\nDazu noch an Danke an die erfolgreichen K\u00e4mpfer:<br \/>\n<strong>Rouven Arnold <\/strong><br \/>\n<strong>Hilmar Petzold <\/strong><br \/>\n<strong>Florian J\u00fcrgens <\/strong><br \/>\n<strong>Dr.Hans-Dieter Maetzing <\/strong><br \/>\n<strong>Rudolf Lange <\/strong><br \/>\n<strong>Jens-Ole Schmitt<\/strong><\/p>\n<p>Thomas Mothes (Webmaster)<\/p>\n<h2 id=\"a10\" class=\"heading2\"><span style=\"text-decoration: underline;\"><strong>NARVA weiter im Pokal-Rausch!!<\/strong><\/span><\/h2>\n<p>Unsere erste Teilnahme an der <b class=\"contentbold\">Berliner Pokal-Mannschaftsmeisterschaft<\/b> ist weiter von Erfolg!!<br \/>\nHeute stand das Achtelfinale in den &#8222;Hallen&#8220; des SC Kreuzberg an. Unser Gegner war <b class=\"contentbold\">SV K\u00f6nigsj\u00e4ger S\u00fcd-West<\/b>. Diese brachten Erwartungsgem\u00e4\u00df starke Spieler mit:<\/p>\n<p>Brett 1 Veit Godoj (DWZ 1957)<br \/>\nBrett 2 Wilfried Malcher (2071)<br \/>\nBrett 3 Hans-Peter Richter (1914)<br \/>\nBrett 4 Sven Sch\u00fcle (1849)<\/p>\n<p>Wir spielten wieder mit <strong>Rudolf<\/strong> an Brett 1, dann kam an Brett 2 dieses mal <strong>Florian<\/strong> zum Einsatz, an Brett 3 und 4 wieder <strong>Rouven<\/strong> und <strong>Hilmar<\/strong>.<\/p>\n<p><img loading=\"lazy\" decoding=\"async\" class=\"aligncenter size-large wp-image-818\" src=\"http:\/\/www.narva-schach.de\/wordpress\/wp-content\/uploads\/2016\/06\/IMAG0263-1024x580.jpg\" alt=\"IMAG0263\" width=\"640\" height=\"363\" srcset=\"https:\/\/www.narva-schach.de\/wordpress\/wp-content\/uploads\/2016\/06\/IMAG0263-1024x580.jpg 1024w, https:\/\/www.narva-schach.de\/wordpress\/wp-content\/uploads\/2016\/06\/IMAG0263-300x170.jpg 300w, https:\/\/www.narva-schach.de\/wordpress\/wp-content\/uploads\/2016\/06\/IMAG0263-768x435.jpg 768w, https:\/\/www.narva-schach.de\/wordpress\/wp-content\/uploads\/2016\/06\/IMAG0263.jpg 1152w\" sizes=\"auto, (max-width: 640px) 100vw, 640px\" \/><\/p>\n<p>Als El Presidente nach der Arbeit am Spielort eintraf, stand es bereits 2:1 f\u00fcr NARVA und nur Rouven spielte noch &#8211; mit Mehrbauern.<br \/>\nKurz darauf gab es die Punkteteilung an Brett 3 und somit den <strong>2,5:1,5<\/strong> Erfolg!!<\/p>\n<p><img loading=\"lazy\" decoding=\"async\" class=\"aligncenter size-full wp-image-817\" src=\"http:\/\/www.narva-schach.de\/wordpress\/wp-content\/uploads\/2016\/06\/IMAG0264.jpg\" alt=\"IMAG0264\" width=\"362\" height=\"640\" srcset=\"https:\/\/www.narva-schach.de\/wordpress\/wp-content\/uploads\/2016\/06\/IMAG0264.jpg 362w, https:\/\/www.narva-schach.de\/wordpress\/wp-content\/uploads\/2016\/06\/IMAG0264-170x300.jpg 170w\" sizes=\"auto, (max-width: 362px) 100vw, 362px\" \/><\/p>\n<p><img loading=\"lazy\" decoding=\"async\" class=\"aligncenter size-large wp-image-816\" src=\"http:\/\/www.narva-schach.de\/wordpress\/wp-content\/uploads\/2016\/06\/IMAG0265-1024x580.jpg\" alt=\"IMAG0265\" width=\"640\" height=\"363\" srcset=\"https:\/\/www.narva-schach.de\/wordpress\/wp-content\/uploads\/2016\/06\/IMAG0265-1024x580.jpg 1024w, https:\/\/www.narva-schach.de\/wordpress\/wp-content\/uploads\/2016\/06\/IMAG0265-300x170.jpg 300w, https:\/\/www.narva-schach.de\/wordpress\/wp-content\/uploads\/2016\/06\/IMAG0265-768x435.jpg 768w, https:\/\/www.narva-schach.de\/wordpress\/wp-content\/uploads\/2016\/06\/IMAG0265.jpg 1152w\" sizes=\"auto, (max-width: 640px) 100vw, 640px\" \/><\/p>\n<p>Nun geht es am 04. Mai 2014 ins Viertelfinale!! Wir sind also unter den 8 besten Vereinen in Berlin!<\/p>\n<p>Hier noch die 4 Pokal-Helden von Heute:<\/p>\n<p><img loading=\"lazy\" decoding=\"async\" class=\"aligncenter size-large wp-image-815\" src=\"http:\/\/www.narva-schach.de\/wordpress\/wp-content\/uploads\/2016\/06\/IMAG0266-1024x580.jpg\" alt=\"IMAG0266\" width=\"640\" height=\"363\" srcset=\"https:\/\/www.narva-schach.de\/wordpress\/wp-content\/uploads\/2016\/06\/IMAG0266-1024x580.jpg 1024w, https:\/\/www.narva-schach.de\/wordpress\/wp-content\/uploads\/2016\/06\/IMAG0266-300x170.jpg 300w, https:\/\/www.narva-schach.de\/wordpress\/wp-content\/uploads\/2016\/06\/IMAG0266-768x435.jpg 768w, https:\/\/www.narva-schach.de\/wordpress\/wp-content\/uploads\/2016\/06\/IMAG0266.jpg 1152w\" sizes=\"auto, (max-width: 640px) 100vw, 640px\" \/><\/p>\n<p><a class=\"link\" title=\"Externe Adresse &quot;http:\/\/www.berlinerschachverband.de\/bpmm2016.html&quot; aufrufen\" href=\"https:\/\/www.koenigsjaeger.de\/wordpress\/2014\/04\/05\/pokal-k-o-gegen-narva\/\" target=\"_blank\">Bericht vom Gegner<\/a><\/p>\n<h2 id=\"a11\" class=\"heading2\"><span style=\"text-decoration: underline;\"><strong>NARVA zieht ins Achtelfinale ein!<\/strong><\/span><\/h2>\n<p>Heute fand die 1.Runde zur <b class=\"contentbold\">Berliner Pokal-Mannschaftsmeisterschaft 2014<\/b> statt. Gespielt wurde jeweils an 4 Brettern.<br \/>\n<b class=\"contentbold\">NARVA<\/b> nahm zum ersten mal daran teil (?) und konnte gleich ins Achtelfinale einziehen! Mit einem <b class=\"contentbold\">3:1<\/b> Erfolg gegen <b class=\"contentbold\">BSG 1827 Eckbauer<\/b> d\u00fcrfen wir nun am 05.04. im Achtelfinale antreten.<br \/>\nDen Sieg f\u00fcr uns brachten:<br \/>\n<strong>Brett 1: Rudolf &#8211; Stefan Rohrbach (DWZ 1843) \u00bd <\/strong><br \/>\n<strong>Brett 2: Hans-Dieter &#8211; Dr.Felix Schnell (DWZ 1885) \u00bd <\/strong><br \/>\n<strong>Brett 3: Rouven &#8211; Reinhard Baier (DWZ 1902) 1 <\/strong><br \/>\n<strong>Brett 4: Hilmar &#8211; Marcel R\u00f6hrig (DWZ 1586) 1<\/strong><\/p>\n<p>Danke Jungs und Herzlichen Gl\u00fcckwunsch!!<\/p>\n<p><img loading=\"lazy\" decoding=\"async\" class=\"aligncenter size-large wp-image-821\" src=\"http:\/\/www.narva-schach.de\/wordpress\/wp-content\/uploads\/2016\/06\/IMG_2926-1024x683.jpg\" alt=\"IMG_2926\" width=\"640\" height=\"427\" srcset=\"https:\/\/www.narva-schach.de\/wordpress\/wp-content\/uploads\/2016\/06\/IMG_2926-1024x683.jpg 1024w, https:\/\/www.narva-schach.de\/wordpress\/wp-content\/uploads\/2016\/06\/IMG_2926-300x200.jpg 300w, https:\/\/www.narva-schach.de\/wordpress\/wp-content\/uploads\/2016\/06\/IMG_2926-768x512.jpg 768w\" sizes=\"auto, (max-width: 640px) 100vw, 640px\" \/><\/p>\n<p><img loading=\"lazy\" decoding=\"async\" class=\"aligncenter size-large wp-image-820\" src=\"http:\/\/www.narva-schach.de\/wordpress\/wp-content\/uploads\/2016\/06\/IMG_2924-1024x683.jpg\" alt=\"IMG_2924\" width=\"640\" height=\"427\" srcset=\"https:\/\/www.narva-schach.de\/wordpress\/wp-content\/uploads\/2016\/06\/IMG_2924-1024x683.jpg 1024w, https:\/\/www.narva-schach.de\/wordpress\/wp-content\/uploads\/2016\/06\/IMG_2924-300x200.jpg 300w, https:\/\/www.narva-schach.de\/wordpress\/wp-content\/uploads\/2016\/06\/IMG_2924-768x512.jpg 768w\" sizes=\"auto, (max-width: 640px) 100vw, 640px\" \/><\/p>\n<p><a class=\"link\" title=\"Externe Adresse &quot;https:\/\/www.facebook.com\/media\/set\/?set=a.731981523502327.1073741837.214119148621903&amp;type=1&quot; aufrufen\" href=\"https:\/\/www.facebook.com\/media\/set\/?set=a.731981523502327.1073741837.214119148621903&amp;type=1\" target=\"_blank\">weitere Fotos von mir<\/a><\/p>\n","protected":false},"excerpt":{"rendered":"<p>Hauptrunde am Samstag, den 15.03.2014 &#8211; im Schachcaf\u00e9 &#8222;en passant&#8220; \/&gt; Achtelfinale am Samstag, den 05.04.2014 &#8211; beim SC Kreuzberg \/&gt; Viertelfinale am Sonntag, den 04.05.2014 &#8211; beim SC Kreuzberg \/&gt; Berichte Pokal aus f\u00fcr NARVA Gegen die SF Berlin &hellip; <a href=\"https:\/\/www.narva-schach.de\/wordpress\/chronik\/bpmm-archiv\/bpmm-2014\/\">Weiterlesen <span class=\"meta-nav\">&rarr;<\/span><\/a><\/p>\n","protected":false},"author":1,"featured_media":0,"parent":331,"menu_order":0,"comment_status":"closed","ping_status":"closed","template":"","meta":{"footnotes":""},"class_list":["post-802","page","type-page","status-publish","hentry"],"yoast_head":"<!-- This site is optimized with the Yoast SEO plugin v27.3 - https:\/\/yoast.com\/product\/yoast-seo-wordpress\/ -->\n<title>BPMM 2014 &#8211; SG NARVA Berlin e.V. &#8211; Abteilung Schach<\/title>\n<meta name=\"robots\" content=\"index, follow, max-snippet:-1, max-image-preview:large, max-video-preview:-1\" \/>\n<link rel=\"canonical\" href=\"https:\/\/www.narva-schach.de\/wordpress\/chronik\/bpmm-archiv\/bpmm-2014\/\" \/>\n<meta property=\"og:locale\" content=\"de_DE\" \/>\n<meta property=\"og:type\" content=\"article\" \/>\n<meta property=\"og:title\" content=\"BPMM 2014 &#8211; SG NARVA Berlin e.V. &#8211; Abteilung Schach\" \/>\n<meta property=\"og:description\" content=\"Hauptrunde am Samstag, den 15.03.2014 &#8211; im Schachcaf\u00e9 &#8222;en passant&#8220; \/&gt; Achtelfinale am Samstag, den 05.04.2014 &#8211; beim SC Kreuzberg \/&gt; Viertelfinale am Sonntag, den 04.05.2014 &#8211; beim SC Kreuzberg \/&gt; Berichte Pokal aus f\u00fcr NARVA Gegen die SF Berlin &hellip; Weiterlesen &rarr;\" \/>\n<meta property=\"og:url\" content=\"https:\/\/www.narva-schach.de\/wordpress\/chronik\/bpmm-archiv\/bpmm-2014\/\" \/>\n<meta property=\"article:publisher\" content=\"http:\/\/www.facebook.com\/pages\/SG-NARVA-Berlin-eV-Abteilung-Schach\/214119148621903\" \/>\n<meta property=\"article:modified_time\" content=\"2016-06-16T09:41:16+00:00\" \/>\n<meta property=\"og:image\" content=\"http:\/\/www.narva-schach.de\/wordpress\/wp-content\/uploads\/2016\/06\/IMAG0263-1024x580.jpg\" \/>\n<meta name=\"twitter:card\" content=\"summary_large_image\" \/>\n<meta name=\"twitter:label1\" content=\"Gesch\u00e4tzte Lesezeit\" \/>\n\t<meta name=\"twitter:data1\" content=\"2\u00a0Minuten\" \/>\n<script type=\"application\/ld+json\" class=\"yoast-schema-graph\">{\"@context\":\"https:\\\/\\\/schema.org\",\"@graph\":[{\"@type\":\"WebPage\",\"@id\":\"https:\\\/\\\/www.narva-schach.de\\\/wordpress\\\/chronik\\\/bpmm-archiv\\\/bpmm-2014\\\/\",\"url\":\"https:\\\/\\\/www.narva-schach.de\\\/wordpress\\\/chronik\\\/bpmm-archiv\\\/bpmm-2014\\\/\",\"name\":\"BPMM 2014 &#8211; SG NARVA Berlin e.V. &#8211; Abteilung Schach\",\"isPartOf\":{\"@id\":\"https:\\\/\\\/www.narva-schach.de\\\/wordpress\\\/#website\"},\"primaryImageOfPage\":{\"@id\":\"https:\\\/\\\/www.narva-schach.de\\\/wordpress\\\/chronik\\\/bpmm-archiv\\\/bpmm-2014\\\/#primaryimage\"},\"image\":{\"@id\":\"https:\\\/\\\/www.narva-schach.de\\\/wordpress\\\/chronik\\\/bpmm-archiv\\\/bpmm-2014\\\/#primaryimage\"},\"thumbnailUrl\":\"http:\\\/\\\/www.narva-schach.de\\\/wordpress\\\/wp-content\\\/uploads\\\/2016\\\/06\\\/IMAG0263-1024x580.jpg\",\"datePublished\":\"2016-06-16T08:16:18+00:00\",\"dateModified\":\"2016-06-16T09:41:16+00:00\",\"breadcrumb\":{\"@id\":\"https:\\\/\\\/www.narva-schach.de\\\/wordpress\\\/chronik\\\/bpmm-archiv\\\/bpmm-2014\\\/#breadcrumb\"},\"inLanguage\":\"de\",\"potentialAction\":[{\"@type\":\"ReadAction\",\"target\":[\"https:\\\/\\\/www.narva-schach.de\\\/wordpress\\\/chronik\\\/bpmm-archiv\\\/bpmm-2014\\\/\"]}]},{\"@type\":\"ImageObject\",\"inLanguage\":\"de\",\"@id\":\"https:\\\/\\\/www.narva-schach.de\\\/wordpress\\\/chronik\\\/bpmm-archiv\\\/bpmm-2014\\\/#primaryimage\",\"url\":\"http:\\\/\\\/www.narva-schach.de\\\/wordpress\\\/wp-content\\\/uploads\\\/2016\\\/06\\\/IMAG0263-1024x580.jpg\",\"contentUrl\":\"http:\\\/\\\/www.narva-schach.de\\\/wordpress\\\/wp-content\\\/uploads\\\/2016\\\/06\\\/IMAG0263-1024x580.jpg\"},{\"@type\":\"BreadcrumbList\",\"@id\":\"https:\\\/\\\/www.narva-schach.de\\\/wordpress\\\/chronik\\\/bpmm-archiv\\\/bpmm-2014\\\/#breadcrumb\",\"itemListElement\":[{\"@type\":\"ListItem\",\"position\":1,\"name\":\"Startseite\",\"item\":\"https:\\\/\\\/www.narva-schach.de\\\/wordpress\\\/\"},{\"@type\":\"ListItem\",\"position\":2,\"name\":\"Chronik\",\"item\":\"https:\\\/\\\/www.narva-schach.de\\\/wordpress\\\/chronik\\\/\"},{\"@type\":\"ListItem\",\"position\":3,\"name\":\"BPMM Archiv\",\"item\":\"https:\\\/\\\/www.narva-schach.de\\\/wordpress\\\/chronik\\\/bpmm-archiv\\\/\"},{\"@type\":\"ListItem\",\"position\":4,\"name\":\"BPMM 2014\"}]},{\"@type\":\"WebSite\",\"@id\":\"https:\\\/\\\/www.narva-schach.de\\\/wordpress\\\/#website\",\"url\":\"https:\\\/\\\/www.narva-schach.de\\\/wordpress\\\/\",\"name\":\"\",\"description\":\"\",\"publisher\":{\"@id\":\"https:\\\/\\\/www.narva-schach.de\\\/wordpress\\\/#organization\"},\"potentialAction\":[{\"@type\":\"SearchAction\",\"target\":{\"@type\":\"EntryPoint\",\"urlTemplate\":\"https:\\\/\\\/www.narva-schach.de\\\/wordpress\\\/?s={search_term_string}\"},\"query-input\":{\"@type\":\"PropertyValueSpecification\",\"valueRequired\":true,\"valueName\":\"search_term_string\"}}],\"inLanguage\":\"de\"},{\"@type\":\"Organization\",\"@id\":\"https:\\\/\\\/www.narva-schach.de\\\/wordpress\\\/#organization\",\"name\":\"SG NARVA Berlin e.V. Abteilung Schach\",\"url\":\"https:\\\/\\\/www.narva-schach.de\\\/wordpress\\\/\",\"logo\":{\"@type\":\"ImageObject\",\"inLanguage\":\"de\",\"@id\":\"https:\\\/\\\/www.narva-schach.de\\\/wordpress\\\/#\\\/schema\\\/logo\\\/image\\\/\",\"url\":\"http:\\\/\\\/www.narva-schach.de\\\/wordpress\\\/wp-content\\\/uploads\\\/2016\\\/03\\\/NARVA-Logo-gro\u00df.jpg\",\"contentUrl\":\"http:\\\/\\\/www.narva-schach.de\\\/wordpress\\\/wp-content\\\/uploads\\\/2016\\\/03\\\/NARVA-Logo-gro\u00df.jpg\",\"width\":480,\"height\":480,\"caption\":\"SG NARVA Berlin e.V. Abteilung Schach\"},\"image\":{\"@id\":\"https:\\\/\\\/www.narva-schach.de\\\/wordpress\\\/#\\\/schema\\\/logo\\\/image\\\/\"},\"sameAs\":[\"http:\\\/\\\/www.facebook.com\\\/pages\\\/SG-NARVA-Berlin-eV-Abteilung-Schach\\\/214119148621903\",\"https:\\\/\\\/www.instagram.com\\\/sgnarvaschach\\\/?ref=badge\"]}]}<\/script>\n<!-- \/ Yoast SEO plugin. -->","yoast_head_json":{"title":"BPMM 2014 &#8211; SG NARVA Berlin e.V. &#8211; Abteilung Schach","robots":{"index":"index","follow":"follow","max-snippet":"max-snippet:-1","max-image-preview":"max-image-preview:large","max-video-preview":"max-video-preview:-1"},"canonical":"https:\/\/www.narva-schach.de\/wordpress\/chronik\/bpmm-archiv\/bpmm-2014\/","og_locale":"de_DE","og_type":"article","og_title":"BPMM 2014 &#8211; SG NARVA Berlin e.V. &#8211; Abteilung Schach","og_description":"Hauptrunde am Samstag, den 15.03.2014 &#8211; im Schachcaf\u00e9 &#8222;en passant&#8220; \/&gt; Achtelfinale am Samstag, den 05.04.2014 &#8211; beim SC Kreuzberg \/&gt; Viertelfinale am Sonntag, den 04.05.2014 &#8211; beim SC Kreuzberg \/&gt; Berichte Pokal aus f\u00fcr NARVA Gegen die SF Berlin &hellip; Weiterlesen &rarr;","og_url":"https:\/\/www.narva-schach.de\/wordpress\/chronik\/bpmm-archiv\/bpmm-2014\/","article_publisher":"http:\/\/www.facebook.com\/pages\/SG-NARVA-Berlin-eV-Abteilung-Schach\/214119148621903","article_modified_time":"2016-06-16T09:41:16+00:00","og_image":[{"url":"http:\/\/www.narva-schach.de\/wordpress\/wp-content\/uploads\/2016\/06\/IMAG0263-1024x580.jpg","type":"","width":"","height":""}],"twitter_card":"summary_large_image","twitter_misc":{"Gesch\u00e4tzte Lesezeit":"2\u00a0Minuten"},"schema":{"@context":"https:\/\/schema.org","@graph":[{"@type":"WebPage","@id":"https:\/\/www.narva-schach.de\/wordpress\/chronik\/bpmm-archiv\/bpmm-2014\/","url":"https:\/\/www.narva-schach.de\/wordpress\/chronik\/bpmm-archiv\/bpmm-2014\/","name":"BPMM 2014 &#8211; SG NARVA Berlin e.V. &#8211; Abteilung Schach","isPartOf":{"@id":"https:\/\/www.narva-schach.de\/wordpress\/#website"},"primaryImageOfPage":{"@id":"https:\/\/www.narva-schach.de\/wordpress\/chronik\/bpmm-archiv\/bpmm-2014\/#primaryimage"},"image":{"@id":"https:\/\/www.narva-schach.de\/wordpress\/chronik\/bpmm-archiv\/bpmm-2014\/#primaryimage"},"thumbnailUrl":"http:\/\/www.narva-schach.de\/wordpress\/wp-content\/uploads\/2016\/06\/IMAG0263-1024x580.jpg","datePublished":"2016-06-16T08:16:18+00:00","dateModified":"2016-06-16T09:41:16+00:00","breadcrumb":{"@id":"https:\/\/www.narva-schach.de\/wordpress\/chronik\/bpmm-archiv\/bpmm-2014\/#breadcrumb"},"inLanguage":"de","potentialAction":[{"@type":"ReadAction","target":["https:\/\/www.narva-schach.de\/wordpress\/chronik\/bpmm-archiv\/bpmm-2014\/"]}]},{"@type":"ImageObject","inLanguage":"de","@id":"https:\/\/www.narva-schach.de\/wordpress\/chronik\/bpmm-archiv\/bpmm-2014\/#primaryimage","url":"http:\/\/www.narva-schach.de\/wordpress\/wp-content\/uploads\/2016\/06\/IMAG0263-1024x580.jpg","contentUrl":"http:\/\/www.narva-schach.de\/wordpress\/wp-content\/uploads\/2016\/06\/IMAG0263-1024x580.jpg"},{"@type":"BreadcrumbList","@id":"https:\/\/www.narva-schach.de\/wordpress\/chronik\/bpmm-archiv\/bpmm-2014\/#breadcrumb","itemListElement":[{"@type":"ListItem","position":1,"name":"Startseite","item":"https:\/\/www.narva-schach.de\/wordpress\/"},{"@type":"ListItem","position":2,"name":"Chronik","item":"https:\/\/www.narva-schach.de\/wordpress\/chronik\/"},{"@type":"ListItem","position":3,"name":"BPMM Archiv","item":"https:\/\/www.narva-schach.de\/wordpress\/chronik\/bpmm-archiv\/"},{"@type":"ListItem","position":4,"name":"BPMM 2014"}]},{"@type":"WebSite","@id":"https:\/\/www.narva-schach.de\/wordpress\/#website","url":"https:\/\/www.narva-schach.de\/wordpress\/","name":"","description":"","publisher":{"@id":"https:\/\/www.narva-schach.de\/wordpress\/#organization"},"potentialAction":[{"@type":"SearchAction","target":{"@type":"EntryPoint","urlTemplate":"https:\/\/www.narva-schach.de\/wordpress\/?s={search_term_string}"},"query-input":{"@type":"PropertyValueSpecification","valueRequired":true,"valueName":"search_term_string"}}],"inLanguage":"de"},{"@type":"Organization","@id":"https:\/\/www.narva-schach.de\/wordpress\/#organization","name":"SG NARVA Berlin e.V. Abteilung Schach","url":"https:\/\/www.narva-schach.de\/wordpress\/","logo":{"@type":"ImageObject","inLanguage":"de","@id":"https:\/\/www.narva-schach.de\/wordpress\/#\/schema\/logo\/image\/","url":"http:\/\/www.narva-schach.de\/wordpress\/wp-content\/uploads\/2016\/03\/NARVA-Logo-gro\u00df.jpg","contentUrl":"http:\/\/www.narva-schach.de\/wordpress\/wp-content\/uploads\/2016\/03\/NARVA-Logo-gro\u00df.jpg","width":480,"height":480,"caption":"SG NARVA Berlin e.V. Abteilung Schach"},"image":{"@id":"https:\/\/www.narva-schach.de\/wordpress\/#\/schema\/logo\/image\/"},"sameAs":["http:\/\/www.facebook.com\/pages\/SG-NARVA-Berlin-eV-Abteilung-Schach\/214119148621903","https:\/\/www.instagram.com\/sgnarvaschach\/?ref=badge"]}]}},"_links":{"self":[{"href":"https:\/\/www.narva-schach.de\/wordpress\/wp-json\/wp\/v2\/pages\/802","targetHints":{"allow":["GET"]}}],"collection":[{"href":"https:\/\/www.narva-schach.de\/wordpress\/wp-json\/wp\/v2\/pages"}],"about":[{"href":"https:\/\/www.narva-schach.de\/wordpress\/wp-json\/wp\/v2\/types\/page"}],"author":[{"embeddable":true,"href":"https:\/\/www.narva-schach.de\/wordpress\/wp-json\/wp\/v2\/users\/1"}],"replies":[{"embeddable":true,"href":"https:\/\/www.narva-schach.de\/wordpress\/wp-json\/wp\/v2\/comments?post=802"}],"version-history":[{"count":5,"href":"https:\/\/www.narva-schach.de\/wordpress\/wp-json\/wp\/v2\/pages\/802\/revisions"}],"predecessor-version":[{"id":823,"href":"https:\/\/www.narva-schach.de\/wordpress\/wp-json\/wp\/v2\/pages\/802\/revisions\/823"}],"up":[{"embeddable":true,"href":"https:\/\/www.narva-schach.de\/wordpress\/wp-json\/wp\/v2\/pages\/331"}],"wp:attachment":[{"href":"https:\/\/www.narva-schach.de\/wordpress\/wp-json\/wp\/v2\/media?parent=802"}],"curies":[{"name":"wp","href":"https:\/\/api.w.org\/{rel}","templated":true}]}}