{"id":804,"date":"2016-06-16T10:16:33","date_gmt":"2016-06-16T08:16:33","guid":{"rendered":"http:\/\/www.narva-schach.de\/wordpress\/?page_id=804"},"modified":"2016-06-16T10:30:51","modified_gmt":"2016-06-16T08:30:51","slug":"bpmm-2016","status":"publish","type":"page","link":"https:\/\/www.narva-schach.de\/wordpress\/chronik\/bpmm-archiv\/bpmm-2016\/","title":{"rendered":"BPMM 2016"},"content":{"rendered":"<h3 id=\"a2\" class=\"heading3\">Vorrunde am Samstag, den 20.02.2016<\/h3>\n<p>&#8211; fand nicht statt &#8211;&gt; <a class=\"link\" title=\"Externe Adresse &quot;http:\/\/www.berlinerschachverband.de\/entry\/bpmm-2016-verlaengerte-anmeldefrist-bis-zum-2802.html&quot; aufrufen\" href=\"http:\/\/www.berlinerschachverband.de\/entry\/bpmm-2016-verlaengerte-anmeldefrist-bis-zum-2802.html\" target=\"_blank\">Link<\/a><\/p>\n<h3>Hauptrunde am Samstag, den 12.03.2016<\/h3>\n<p><b class=\"contentbold\"><\/b> &#8211; TSG Obersch\u00f6neweide: Nixenstr. 3, 12459 Berlin<\/p>\n<p><iframe loading=\"lazy\" src=\"https:\/\/www.narva-schach.de\/dateien\/bpmm2016.html\" width=\"550\" height=\"200\"> \/&gt;<\/iframe><\/p>\n<h2 id=\"a4\" class=\"heading2\">0:4 Niederlage<\/h2>\n<p>Da leider alle aus der ersten Mannschaft verhindert waren trat am Samstag ein Teil der zweiten Mannschaft von NARVA im <b class=\"contentbold\">Pokal<\/b> gegen Zugzwang an. Wie erwartet war Zugzwang an allen Brettern nominell deutlich \u00fcberlegen, so dass selbst das Ziel &#8222;nicht zu Null verlieren&#8220; sehr ehrgeizig erschien.<\/p>\n<p>An <b class=\"contentbold\">Brett 4<\/b> spielte <b class=\"contentbold\">J\u00f6rg<\/b> (DWZ 1509) gegen Henry Reiche (DWZ 1856) &#8211; gemeinsam mit Brett 3 war der DWZ-Unterschied hier noch am kleinsten. Von der Partie habe ich bis auf J\u00f6rgs Aufgabe leider nicht viel mitgekommen.<\/p>\n<p><b class=\"contentbold\">Gerhard<\/b> (DWZ 1610) an <b class=\"contentbold\">Brett 3<\/b> hatte sich gegen Peter Hintze (DWZ 1957) eigentlich eine vern\u00fcnftige Stellung erarbeitet, baute dann aber einen Patzer ein, verlor Material und damit die Partie.<\/p>\n<p>Bei <b class=\"contentbold\">Alex<\/b> (DWZ 1675), der an <b class=\"contentbold\">Brett 2<\/b> gegen Ren\u00e9 Schildt (DWZ 2055) spielte, wurde wie \u00fcblich mutiges Angriffsschach geboten &#8211; auf beiden Seiten! Erst hatte Alex eine Figur f\u00fcr zwei Bauern, dann tauchte ein wei\u00dfer Springer auf c7 auf &#8211; unterst\u00fctzt von der Dame und einem weiteren Springer auf d5. Es wurde ein bisschen abgetauscht und Alex verlor jetzt mal Material. Anschlie\u00dfend ging er zum Gegenangriff \u00fcber, der letztlich aber nicht genug einbrachte.<\/p>\n<p>Als letzter spielte noch <b class=\"contentbold\">ich<\/b> (DWZ 1620) an <b class=\"contentbold\">Brett 1<\/b> gegen FM Ulrich Schwekendiek (DWZ 2237) und damit erstmals in einer langen Partie gegen einen Titeltr\u00e4ger (im Schnellschach hatte ich beim Narva Open 2013 schon gegen J\u00fcrgen Brustkern &#8211; inzwischen ebenfalls Zugzwang &#8211; gespielt). Mein Nordisches Gambit lehnte er ab, verzichtete auf die Rochade und ging mit dem K\u00f6nig nach c8. Leider kenne ich mich da nicht aus, so dass ich in der Diagrammstellung 9. f3? zog und gleich schlechter &#8211; aber wohl noch nicht auf Verlust &#8211; stand. Beide verbrauchten viel Bedenkzeit, bis ich mal wieder einen Zug zu wenig berechnete und mein Turm pl\u00f6tzlich auf g7 festsa\u00df. Als ich nach 40 Z\u00fcgen aufgab hatte ich den 600 DWZ-Punkte st\u00e4rkeren FIDE-Meister immerhin fast vier Stunden besch\u00e4ftigt. (Partie im Mitgliederbereich)<\/p>\n<p style=\"text-align: center;\">\n\n<p class=\"rpbchessboard-spacerBefore\"><\/p>\n\n<div class=\"rpbchessboard-chessboard rpbchessboard-diagramAlignment-center\">\n    <noscript>\n        <div class=\"rpbchessboard-javascriptWarning\">\n            Sie m\u00fcssen JavaScript aktivieren, um die Diagramme zu verbessern.        <\/div>\n    <\/noscript>\n    <div id=\"rpbchessboard-69e66e29aa179-1\"><\/div>\n    <script type=\"text\/javascript\">\n        (function() {\n            function renderThisFEN() {\n                RPBChessboard.renderFEN(\"rpbchessboard-69e66e29aa179-1\", {\"position\":\"rnk2b1r\\\/ppp2ppp\\\/8\\\/4PbB1\\\/4p3\\\/2N5\\\/PPP2PPP\\\/R3K1NR w - - 0 1\",\"squareSize\":32,\"coordinateVisible\":true,\"turnVisible\":true,\"colorset\":\"original\",\"pieceset\":\"cburnett\"});\n            }\n            if (document.readyState === 'loading') {\n                document.addEventListener('DOMContentLoaded', renderThisFEN);\n            }\n            else {\n                renderThisFEN();\n            }\n        })();\n    <\/script>\n<\/div>\n\n<p class=\"rpbchessboard-spacerAfter\"><\/p>\n<\/p>\n<p style=\"text-align: center;\">Stellung nach 8. &#8230;..Kc8<\/p>\n<p>Auch wenn sich das im Ergebnis nicht widerspiegelt denke ich, dass die Mannschaft Narva w\u00fcrdig vertreten hat &#8211; danke f\u00fcr euren Einsatz! Trotzdem w\u00e4re es nat\u00fcrlich sch\u00f6n, wenn wir zuk\u00fcnftig auch mal wieder mit Leuten aus der ersten Mannschaft an solchen Wettk\u00e4mpfen teilnehmen k\u00f6nnten&#8230;<\/p>\n<p>Jonatan Schenk<\/p>\n<p><a class=\"link\" title=\"Externe Adresse &quot;http:\/\/www.berlinerschachverband.de\/bpmm2016.html&quot; aufrufen\" href=\"http:\/\/www.berlinerschachverband.de\/bpmm2016.html\" target=\"_blank\">Turnierseite<\/a><\/p>\n","protected":false},"excerpt":{"rendered":"<p>Vorrunde am Samstag, den 20.02.2016 &#8211; fand nicht statt &#8211;&gt; Link Hauptrunde am Samstag, den 12.03.2016 &#8211; TSG Obersch\u00f6neweide: Nixenstr. 3, 12459 Berlin \/&gt; 0:4 Niederlage Da leider alle aus der ersten Mannschaft verhindert waren trat am Samstag ein Teil &hellip; <a href=\"https:\/\/www.narva-schach.de\/wordpress\/chronik\/bpmm-archiv\/bpmm-2016\/\">Weiterlesen <span class=\"meta-nav\">&rarr;<\/span><\/a><\/p>\n","protected":false},"author":1,"featured_media":0,"parent":331,"menu_order":0,"comment_status":"closed","ping_status":"closed","template":"","meta":{"footnotes":""},"class_list":["post-804","page","type-page","status-publish","hentry"],"yoast_head":"<!-- This site is optimized with the Yoast SEO plugin v27.3 - https:\/\/yoast.com\/product\/yoast-seo-wordpress\/ -->\n<title>BPMM 2016 &#8211; SG NARVA Berlin e.V. &#8211; Abteilung Schach<\/title>\n<meta name=\"robots\" content=\"index, follow, max-snippet:-1, max-image-preview:large, max-video-preview:-1\" \/>\n<link rel=\"canonical\" href=\"https:\/\/www.narva-schach.de\/wordpress\/chronik\/bpmm-archiv\/bpmm-2016\/\" \/>\n<meta property=\"og:locale\" content=\"de_DE\" \/>\n<meta property=\"og:type\" content=\"article\" \/>\n<meta property=\"og:title\" content=\"BPMM 2016 &#8211; SG NARVA Berlin e.V. &#8211; Abteilung Schach\" \/>\n<meta property=\"og:description\" content=\"Vorrunde am Samstag, den 20.02.2016 &#8211; fand nicht statt &#8211;&gt; Link Hauptrunde am Samstag, den 12.03.2016 &#8211; TSG Obersch\u00f6neweide: Nixenstr. 3, 12459 Berlin \/&gt; 0:4 Niederlage Da leider alle aus der ersten Mannschaft verhindert waren trat am Samstag ein Teil &hellip; Weiterlesen &rarr;\" \/>\n<meta property=\"og:url\" content=\"https:\/\/www.narva-schach.de\/wordpress\/chronik\/bpmm-archiv\/bpmm-2016\/\" \/>\n<meta property=\"article:publisher\" content=\"http:\/\/www.facebook.com\/pages\/SG-NARVA-Berlin-eV-Abteilung-Schach\/214119148621903\" \/>\n<meta property=\"article:modified_time\" content=\"2016-06-16T08:30:51+00:00\" \/>\n<meta name=\"twitter:card\" content=\"summary_large_image\" \/>\n<meta name=\"twitter:label1\" content=\"Gesch\u00e4tzte Lesezeit\" \/>\n\t<meta name=\"twitter:data1\" content=\"2\u00a0Minuten\" \/>\n<script type=\"application\/ld+json\" class=\"yoast-schema-graph\">{\"@context\":\"https:\\\/\\\/schema.org\",\"@graph\":[{\"@type\":\"WebPage\",\"@id\":\"https:\\\/\\\/www.narva-schach.de\\\/wordpress\\\/chronik\\\/bpmm-archiv\\\/bpmm-2016\\\/\",\"url\":\"https:\\\/\\\/www.narva-schach.de\\\/wordpress\\\/chronik\\\/bpmm-archiv\\\/bpmm-2016\\\/\",\"name\":\"BPMM 2016 &#8211; SG NARVA Berlin e.V. &#8211; Abteilung Schach\",\"isPartOf\":{\"@id\":\"https:\\\/\\\/www.narva-schach.de\\\/wordpress\\\/#website\"},\"datePublished\":\"2016-06-16T08:16:33+00:00\",\"dateModified\":\"2016-06-16T08:30:51+00:00\",\"breadcrumb\":{\"@id\":\"https:\\\/\\\/www.narva-schach.de\\\/wordpress\\\/chronik\\\/bpmm-archiv\\\/bpmm-2016\\\/#breadcrumb\"},\"inLanguage\":\"de\",\"potentialAction\":[{\"@type\":\"ReadAction\",\"target\":[\"https:\\\/\\\/www.narva-schach.de\\\/wordpress\\\/chronik\\\/bpmm-archiv\\\/bpmm-2016\\\/\"]}]},{\"@type\":\"BreadcrumbList\",\"@id\":\"https:\\\/\\\/www.narva-schach.de\\\/wordpress\\\/chronik\\\/bpmm-archiv\\\/bpmm-2016\\\/#breadcrumb\",\"itemListElement\":[{\"@type\":\"ListItem\",\"position\":1,\"name\":\"Startseite\",\"item\":\"https:\\\/\\\/www.narva-schach.de\\\/wordpress\\\/\"},{\"@type\":\"ListItem\",\"position\":2,\"name\":\"Chronik\",\"item\":\"https:\\\/\\\/www.narva-schach.de\\\/wordpress\\\/chronik\\\/\"},{\"@type\":\"ListItem\",\"position\":3,\"name\":\"BPMM Archiv\",\"item\":\"https:\\\/\\\/www.narva-schach.de\\\/wordpress\\\/chronik\\\/bpmm-archiv\\\/\"},{\"@type\":\"ListItem\",\"position\":4,\"name\":\"BPMM 2016\"}]},{\"@type\":\"WebSite\",\"@id\":\"https:\\\/\\\/www.narva-schach.de\\\/wordpress\\\/#website\",\"url\":\"https:\\\/\\\/www.narva-schach.de\\\/wordpress\\\/\",\"name\":\"\",\"description\":\"\",\"publisher\":{\"@id\":\"https:\\\/\\\/www.narva-schach.de\\\/wordpress\\\/#organization\"},\"potentialAction\":[{\"@type\":\"SearchAction\",\"target\":{\"@type\":\"EntryPoint\",\"urlTemplate\":\"https:\\\/\\\/www.narva-schach.de\\\/wordpress\\\/?s={search_term_string}\"},\"query-input\":{\"@type\":\"PropertyValueSpecification\",\"valueRequired\":true,\"valueName\":\"search_term_string\"}}],\"inLanguage\":\"de\"},{\"@type\":\"Organization\",\"@id\":\"https:\\\/\\\/www.narva-schach.de\\\/wordpress\\\/#organization\",\"name\":\"SG NARVA Berlin e.V. Abteilung Schach\",\"url\":\"https:\\\/\\\/www.narva-schach.de\\\/wordpress\\\/\",\"logo\":{\"@type\":\"ImageObject\",\"inLanguage\":\"de\",\"@id\":\"https:\\\/\\\/www.narva-schach.de\\\/wordpress\\\/#\\\/schema\\\/logo\\\/image\\\/\",\"url\":\"http:\\\/\\\/www.narva-schach.de\\\/wordpress\\\/wp-content\\\/uploads\\\/2016\\\/03\\\/NARVA-Logo-gro\u00df.jpg\",\"contentUrl\":\"http:\\\/\\\/www.narva-schach.de\\\/wordpress\\\/wp-content\\\/uploads\\\/2016\\\/03\\\/NARVA-Logo-gro\u00df.jpg\",\"width\":480,\"height\":480,\"caption\":\"SG NARVA Berlin e.V. Abteilung Schach\"},\"image\":{\"@id\":\"https:\\\/\\\/www.narva-schach.de\\\/wordpress\\\/#\\\/schema\\\/logo\\\/image\\\/\"},\"sameAs\":[\"http:\\\/\\\/www.facebook.com\\\/pages\\\/SG-NARVA-Berlin-eV-Abteilung-Schach\\\/214119148621903\",\"https:\\\/\\\/www.instagram.com\\\/sgnarvaschach\\\/?ref=badge\"]}]}<\/script>\n<!-- \/ Yoast SEO plugin. -->","yoast_head_json":{"title":"BPMM 2016 &#8211; SG NARVA Berlin e.V. &#8211; Abteilung Schach","robots":{"index":"index","follow":"follow","max-snippet":"max-snippet:-1","max-image-preview":"max-image-preview:large","max-video-preview":"max-video-preview:-1"},"canonical":"https:\/\/www.narva-schach.de\/wordpress\/chronik\/bpmm-archiv\/bpmm-2016\/","og_locale":"de_DE","og_type":"article","og_title":"BPMM 2016 &#8211; SG NARVA Berlin e.V. &#8211; Abteilung Schach","og_description":"Vorrunde am Samstag, den 20.02.2016 &#8211; fand nicht statt &#8211;&gt; Link Hauptrunde am Samstag, den 12.03.2016 &#8211; TSG Obersch\u00f6neweide: Nixenstr. 3, 12459 Berlin \/&gt; 0:4 Niederlage Da leider alle aus der ersten Mannschaft verhindert waren trat am Samstag ein Teil &hellip; Weiterlesen &rarr;","og_url":"https:\/\/www.narva-schach.de\/wordpress\/chronik\/bpmm-archiv\/bpmm-2016\/","article_publisher":"http:\/\/www.facebook.com\/pages\/SG-NARVA-Berlin-eV-Abteilung-Schach\/214119148621903","article_modified_time":"2016-06-16T08:30:51+00:00","twitter_card":"summary_large_image","twitter_misc":{"Gesch\u00e4tzte Lesezeit":"2\u00a0Minuten"},"schema":{"@context":"https:\/\/schema.org","@graph":[{"@type":"WebPage","@id":"https:\/\/www.narva-schach.de\/wordpress\/chronik\/bpmm-archiv\/bpmm-2016\/","url":"https:\/\/www.narva-schach.de\/wordpress\/chronik\/bpmm-archiv\/bpmm-2016\/","name":"BPMM 2016 &#8211; SG NARVA Berlin e.V. &#8211; Abteilung Schach","isPartOf":{"@id":"https:\/\/www.narva-schach.de\/wordpress\/#website"},"datePublished":"2016-06-16T08:16:33+00:00","dateModified":"2016-06-16T08:30:51+00:00","breadcrumb":{"@id":"https:\/\/www.narva-schach.de\/wordpress\/chronik\/bpmm-archiv\/bpmm-2016\/#breadcrumb"},"inLanguage":"de","potentialAction":[{"@type":"ReadAction","target":["https:\/\/www.narva-schach.de\/wordpress\/chronik\/bpmm-archiv\/bpmm-2016\/"]}]},{"@type":"BreadcrumbList","@id":"https:\/\/www.narva-schach.de\/wordpress\/chronik\/bpmm-archiv\/bpmm-2016\/#breadcrumb","itemListElement":[{"@type":"ListItem","position":1,"name":"Startseite","item":"https:\/\/www.narva-schach.de\/wordpress\/"},{"@type":"ListItem","position":2,"name":"Chronik","item":"https:\/\/www.narva-schach.de\/wordpress\/chronik\/"},{"@type":"ListItem","position":3,"name":"BPMM Archiv","item":"https:\/\/www.narva-schach.de\/wordpress\/chronik\/bpmm-archiv\/"},{"@type":"ListItem","position":4,"name":"BPMM 2016"}]},{"@type":"WebSite","@id":"https:\/\/www.narva-schach.de\/wordpress\/#website","url":"https:\/\/www.narva-schach.de\/wordpress\/","name":"","description":"","publisher":{"@id":"https:\/\/www.narva-schach.de\/wordpress\/#organization"},"potentialAction":[{"@type":"SearchAction","target":{"@type":"EntryPoint","urlTemplate":"https:\/\/www.narva-schach.de\/wordpress\/?s={search_term_string}"},"query-input":{"@type":"PropertyValueSpecification","valueRequired":true,"valueName":"search_term_string"}}],"inLanguage":"de"},{"@type":"Organization","@id":"https:\/\/www.narva-schach.de\/wordpress\/#organization","name":"SG NARVA Berlin e.V. Abteilung Schach","url":"https:\/\/www.narva-schach.de\/wordpress\/","logo":{"@type":"ImageObject","inLanguage":"de","@id":"https:\/\/www.narva-schach.de\/wordpress\/#\/schema\/logo\/image\/","url":"http:\/\/www.narva-schach.de\/wordpress\/wp-content\/uploads\/2016\/03\/NARVA-Logo-gro\u00df.jpg","contentUrl":"http:\/\/www.narva-schach.de\/wordpress\/wp-content\/uploads\/2016\/03\/NARVA-Logo-gro\u00df.jpg","width":480,"height":480,"caption":"SG NARVA Berlin e.V. Abteilung Schach"},"image":{"@id":"https:\/\/www.narva-schach.de\/wordpress\/#\/schema\/logo\/image\/"},"sameAs":["http:\/\/www.facebook.com\/pages\/SG-NARVA-Berlin-eV-Abteilung-Schach\/214119148621903","https:\/\/www.instagram.com\/sgnarvaschach\/?ref=badge"]}]}},"_links":{"self":[{"href":"https:\/\/www.narva-schach.de\/wordpress\/wp-json\/wp\/v2\/pages\/804","targetHints":{"allow":["GET"]}}],"collection":[{"href":"https:\/\/www.narva-schach.de\/wordpress\/wp-json\/wp\/v2\/pages"}],"about":[{"href":"https:\/\/www.narva-schach.de\/wordpress\/wp-json\/wp\/v2\/types\/page"}],"author":[{"embeddable":true,"href":"https:\/\/www.narva-schach.de\/wordpress\/wp-json\/wp\/v2\/users\/1"}],"replies":[{"embeddable":true,"href":"https:\/\/www.narva-schach.de\/wordpress\/wp-json\/wp\/v2\/comments?post=804"}],"version-history":[{"count":2,"href":"https:\/\/www.narva-schach.de\/wordpress\/wp-json\/wp\/v2\/pages\/804\/revisions"}],"predecessor-version":[{"id":810,"href":"https:\/\/www.narva-schach.de\/wordpress\/wp-json\/wp\/v2\/pages\/804\/revisions\/810"}],"up":[{"embeddable":true,"href":"https:\/\/www.narva-schach.de\/wordpress\/wp-json\/wp\/v2\/pages\/331"}],"wp:attachment":[{"href":"https:\/\/www.narva-schach.de\/wordpress\/wp-json\/wp\/v2\/media?parent=804"}],"curies":[{"name":"wp","href":"https:\/\/api.w.org\/{rel}","templated":true}]}}