{"id":9296,"date":"2022-03-31T15:57:33","date_gmt":"2022-03-31T13:57:33","guid":{"rendered":"https:\/\/www.narva-schach.de\/wordpress\/?page_id=9296"},"modified":"2022-03-31T15:57:33","modified_gmt":"2022-03-31T13:57:33","slug":"abteilungsmeisterschaft-2020","status":"publish","type":"page","link":"https:\/\/www.narva-schach.de\/wordpress\/chronik\/turnier-archiv\/abteilungsmeisterschaft-2020\/","title":{"rendered":"Abteilungsmeisterschaft 2020"},"content":{"rendered":"<p>Es wird in diesem Jahr im Schweizer System gespielt. Anstelle der Preise f\u00fcr vordere Pl\u00e4tze in der B-Gruppe wird es zwei Ratingpreise geben (Ratinggruppen werden anhand des Teilnehmerfelds festgelegt).<\/p>\n<p>Vorspielen ist nat\u00fcrlich immer m\u00f6glich, <strong>Nachspielen nur in Absprache mit den Spielleitern<\/strong>, denn die Paarungen der n\u00e4chsten Runde sollen zeitnah bekanntgegeben werden. Bis zum Termin der darauffolgenden Runde m\u00fcssen Nachholpartien auf jeden Fall gespielt sein &#8211; \u00fcber Ausnahmen entscheidet die Turnierleitung.<\/p>\n<h2><span style=\"color: #ff0000;\">Die Abteilungsmeisterschaft 2020 wurde aufgrund von Corona abgebrochen und wird nicht fortgesetzt! Die 1.Runde wird mit den gespielten Partien zur DWZ-Auswertung eingereicht.<\/span><\/h2>\n<p><a href=\"http:\/\/www.narva-schach.de\/wordpress\/wp-content\/uploads\/2019\/12\/Abteilungsmeisterschaft-2020.pdf\">Ausschreibung Abteilungsmeisterschaft 2020<\/a><\/p>\n<p><a href=\"http:\/\/www.narva-schach.de\/wordpress\/wp-content\/uploads\/2020\/01\/Turnierordnung.pdf\">Turnierordnung<\/a><\/p>\n<h2>1. Runde am 23. Januar<\/h2>\n<table class=\"clean swiss\">\n<thead>\n<tr bgcolor=\"#00FF00\">\n<th>Tisch<\/th>\n<th>TNr<\/th>\n<th>Teilnehmer<\/th>\n<th>TWZ<\/th>\n<th>&#8211;<\/th>\n<th>TNr<\/th>\n<th>Teilnehmer<\/th>\n<th>TWZ<\/th>\n<th>Ergebnis<\/th>\n<\/tr>\n<\/thead>\n<tbody>\n<tr bgcolor=\"#00FFFF\">\n<td>1<\/td>\n<td>10.<\/td>\n<td>Heinrich,Wesko<\/td>\n<td>1578<\/td>\n<td>&#8211;<\/td>\n<td>1.<\/td>\n<td>Slepuschkin,Shen<\/td>\n<td>2133<\/td>\n<td>0 &#8211; 1<\/td>\n<\/tr>\n<tr bgcolor=\"#00FFCF\">\n<td>2<\/td>\n<td>2.<\/td>\n<td>Arnold,Rouven<\/td>\n<td>1907<\/td>\n<td>&#8211;<\/td>\n<td>11.<\/td>\n<td>Campe,Ulrich<\/td>\n<td>1499<\/td>\n<td>1 &#8211; 0<\/td>\n<\/tr>\n<tr bgcolor=\"#00FFFF\">\n<td>3<\/td>\n<td>12.<\/td>\n<td>Kreisel,Alexande<\/td>\n<td>1451<\/td>\n<td>&#8211;<\/td>\n<td>3.<\/td>\n<td>Maetzing,Hans-Di<\/td>\n<td>1777<\/td>\n<td>0 &#8211; 1<\/td>\n<\/tr>\n<tr bgcolor=\"#00FFCF\">\n<td>4<\/td>\n<td>4.<\/td>\n<td>Kr\u00fcger,Ekkehard<\/td>\n<td>1753<\/td>\n<td>&#8211;<\/td>\n<td>13.<\/td>\n<td>Kilian,Axel<\/td>\n<td>1429<\/td>\n<td>1 &#8211; 0<\/td>\n<\/tr>\n<tr bgcolor=\"#00FFFF\">\n<td>5<\/td>\n<td>14.<\/td>\n<td>von Kraft,Lukas<\/td>\n<td>1344<\/td>\n<td>&#8211;<\/td>\n<td>5.<\/td>\n<td>Hildebrand,Katri<\/td>\n<td>1666<\/td>\n<td> &#8211;<\/td>\n<\/tr>\n<tr bgcolor=\"#00FFCF\">\n<td>6<\/td>\n<td>6.<\/td>\n<td>Brinckmann,Klaus<\/td>\n<td>1655<\/td>\n<td>&#8211;<\/td>\n<td>15.<\/td>\n<td>Hobart,Marius<\/td>\n<td>1339<\/td>\n<td>1 &#8211; 0<\/td>\n<\/tr>\n<tr bgcolor=\"#00FFFF\">\n<td>7<\/td>\n<td>16.<\/td>\n<td>Maiwald,Gunar<\/td>\n<td>1318<\/td>\n<td>&#8211;<\/td>\n<td>7.<\/td>\n<td>Schenk,Jonatan<\/td>\n<td>1635<\/td>\n<td> &#8211;<\/td>\n<\/tr>\n<tr bgcolor=\"#00FFCF\">\n<td>8<\/td>\n<td>8.<\/td>\n<td>Mothes,Thomas<\/td>\n<td>1625<\/td>\n<td>&#8211;<\/td>\n<td>17.<\/td>\n<td>Eichst\u00e4dt,Torste<\/td>\n<td>1281<\/td>\n<td>1 &#8211; 0<\/td>\n<\/tr>\n<tr bgcolor=\"#00FFFF\">\n<td>9<\/td>\n<td>18.<\/td>\n<td>K\u00fcgler,Myriam<\/td>\n<td><\/td>\n<td>&#8211;<\/td>\n<td>9.<\/td>\n<td>Mietzelfeldt,Ger<\/td>\n<td>1619<\/td>\n<td>0 &#8211; 1<\/td>\n<\/tr>\n<tr bgcolor=\"#00FFCF\">\n<td>10<\/td>\n<td>19.<\/td>\n<td>Triller,Mike<\/td>\n<td><\/td>\n<td>&#8211;<\/td>\n<td>20.<\/td>\n<td>Karbach,Erich<\/td>\n<td><\/td>\n<td>0 &#8211; 1<\/td>\n<\/tr>\n<\/tbody>\n<\/table>\n<h2>Teilnehmerliste<\/h2>\n<p>&nbsp;<\/p>\n<table class=\"clean swiss footable\">\n<thead>\n<tr bgcolor=\"#00FF00\">\n<th>TlnNr<\/th>\n<th>Teilnehmer<\/th>\n<th>NWZ<\/th>\n<th>ELO<\/th>\n<th>Info<\/th>\n<th>Verein\/Ort<\/th>\n<th>Land<\/th>\n<th>Geburt<\/th>\n<\/tr>\n<\/thead>\n<tbody>\n<tr bgcolor=\"#00FFFF\">\n<td>1.<\/td>\n<td>Slepuschkin,Shenis<\/td>\n<td>2133<\/td>\n<td>2168<\/td>\n<td><\/td>\n<td>SG NARVA Berlin<\/td>\n<td>RUS<\/td>\n<td>1985<\/td>\n<\/tr>\n<tr bgcolor=\"#00FFCF\">\n<td>2.<\/td>\n<td>Arnold,Rouven<\/td>\n<td>1907<\/td>\n<td>2113<\/td>\n<td><\/td>\n<td>SG NARVA Berlin<\/td>\n<td>GER<\/td>\n<td>1981<\/td>\n<\/tr>\n<tr bgcolor=\"#00FFFF\">\n<td>3.<\/td>\n<td>Maetzing,Hans-Dieter<\/td>\n<td>1777<\/td>\n<td>1909<\/td>\n<td><\/td>\n<td>SG NARVA Berlin<\/td>\n<td>GER<\/td>\n<td>1948<\/td>\n<\/tr>\n<tr bgcolor=\"#00FFCF\">\n<td>4.<\/td>\n<td>Kr\u00fcger,Ekkehard<\/td>\n<td>1753<\/td>\n<td>1839<\/td>\n<td><\/td>\n<td>SG NARVA Berlin<\/td>\n<td>GER<\/td>\n<td>1957<\/td>\n<\/tr>\n<tr bgcolor=\"#00FFFF\">\n<td>5.<\/td>\n<td>Hildebrand,Katrin<\/td>\n<td>1666<\/td>\n<td><\/td>\n<td><\/td>\n<td>SG NARVA Berlin<\/td>\n<td>GER<\/td>\n<td>1967<\/td>\n<\/tr>\n<tr bgcolor=\"#00FFCF\">\n<td>6.<\/td>\n<td>Brinckmann,Klaus<\/td>\n<td>1655<\/td>\n<td>1567<\/td>\n<td><\/td>\n<td>SG NARVA Berlin<\/td>\n<td>GER<\/td>\n<td>1958<\/td>\n<\/tr>\n<tr bgcolor=\"#00FFFF\">\n<td>7.<\/td>\n<td>Schenk,Jonatan<\/td>\n<td>1635<\/td>\n<td>1710<\/td>\n<td><\/td>\n<td>SG NARVA Berlin<\/td>\n<td>GER<\/td>\n<td>1986<\/td>\n<\/tr>\n<tr bgcolor=\"#00FFCF\">\n<td>8.<\/td>\n<td>Mothes,Thomas<\/td>\n<td>1625<\/td>\n<td>1581<\/td>\n<td><\/td>\n<td>SG NARVA Berlin<\/td>\n<td>GER<\/td>\n<td>1978<\/td>\n<\/tr>\n<tr bgcolor=\"#00FFFF\">\n<td>9.<\/td>\n<td>Mietzelfeldt,Gerhard<\/td>\n<td>1619<\/td>\n<td>1800<\/td>\n<td><\/td>\n<td>SG NARVA Berlin<\/td>\n<td>GER<\/td>\n<td>1937<\/td>\n<\/tr>\n<tr bgcolor=\"#00FFCF\">\n<td>10.<\/td>\n<td>Heinrich,Wesko<\/td>\n<td>1578<\/td>\n<td><\/td>\n<td><\/td>\n<td>SG NARVA Berlin<\/td>\n<td>GER<\/td>\n<td>1986<\/td>\n<\/tr>\n<tr bgcolor=\"#00FFFF\">\n<td>11.<\/td>\n<td>Campe,Ulrich<\/td>\n<td>1499<\/td>\n<td>1684<\/td>\n<td><\/td>\n<td>SG NARVA Berlin<\/td>\n<td>GER<\/td>\n<td>1957<\/td>\n<\/tr>\n<tr bgcolor=\"#00FFCF\">\n<td>12.<\/td>\n<td>Kreisel,Alexander<\/td>\n<td>1451<\/td>\n<td><\/td>\n<td><\/td>\n<td>SG NARVA Berlin<\/td>\n<td>GER<\/td>\n<td>1972<\/td>\n<\/tr>\n<tr bgcolor=\"#00FFFF\">\n<td>13.<\/td>\n<td>Kilian,Axel<\/td>\n<td>1429<\/td>\n<td><\/td>\n<td><\/td>\n<td><\/td>\n<td><\/td>\n<td><\/td>\n<\/tr>\n<tr bgcolor=\"#00FFCF\">\n<td>14.<\/td>\n<td>von Kraft,Lukas<\/td>\n<td>1344<\/td>\n<td><\/td>\n<td><\/td>\n<td>SG NARVA Berlin<\/td>\n<td>GER<\/td>\n<td>1978<\/td>\n<\/tr>\n<tr bgcolor=\"#00FFFF\">\n<td>15.<\/td>\n<td>Hobart,Marius<\/td>\n<td>1339<\/td>\n<td><\/td>\n<td><\/td>\n<td>SG NARVA Berlin<\/td>\n<td>&#8211;<\/td>\n<td>1989<\/td>\n<\/tr>\n<tr bgcolor=\"#00FFCF\">\n<td>16.<\/td>\n<td>Maiwald,Gunar<\/td>\n<td>1318<\/td>\n<td><\/td>\n<td><\/td>\n<td>SG NARVA Berlin<\/td>\n<td>&#8211;<\/td>\n<td>1977<\/td>\n<\/tr>\n<tr bgcolor=\"#00FFFF\">\n<td>17.<\/td>\n<td>Eichst\u00e4dt,Torsten<\/td>\n<td>1281<\/td>\n<td>1392<\/td>\n<td><\/td>\n<td>SG NARVA Berlin<\/td>\n<td>GER<\/td>\n<td>1966<\/td>\n<\/tr>\n<tr bgcolor=\"#00FFCF\">\n<td>18.<\/td>\n<td>K\u00fcgler,Myriam<\/td>\n<td><\/td>\n<td><\/td>\n<td><\/td>\n<td>SG NARVA Berlin<\/td>\n<td>&#8211;<\/td>\n<td>1999<\/td>\n<\/tr>\n<tr bgcolor=\"#00FFFF\">\n<td>19.<\/td>\n<td>Triller,Mike<\/td>\n<td><\/td>\n<td><\/td>\n<td><\/td>\n<td>SG NARVA Berlin<\/td>\n<td>&#8211;<\/td>\n<td>1967<\/td>\n<\/tr>\n<tr bgcolor=\"#00FFCF\">\n<td>20.<\/td>\n<td>Karbach,Erich<\/td>\n<td><\/td>\n<td><\/td>\n<td><\/td>\n<td><\/td>\n<td><\/td>\n<td><\/td>\n<\/tr>\n<\/tbody>\n<\/table>\n","protected":false},"excerpt":{"rendered":"<p>Es wird in diesem Jahr im Schweizer System gespielt. Anstelle der Preise f\u00fcr vordere Pl\u00e4tze in der B-Gruppe wird es zwei Ratingpreise geben (Ratinggruppen werden anhand des Teilnehmerfelds festgelegt). Vorspielen ist nat\u00fcrlich immer m\u00f6glich, Nachspielen nur in Absprache mit den &hellip; <a href=\"https:\/\/www.narva-schach.de\/wordpress\/chronik\/turnier-archiv\/abteilungsmeisterschaft-2020\/\">Weiterlesen <span class=\"meta-nav\">&rarr;<\/span><\/a><\/p>\n","protected":false},"author":3,"featured_media":0,"parent":333,"menu_order":0,"comment_status":"closed","ping_status":"closed","template":"","meta":{"footnotes":""},"class_list":["post-9296","page","type-page","status-publish","hentry"],"yoast_head":"<!-- This site is optimized with the Yoast SEO plugin v27.3 - https:\/\/yoast.com\/product\/yoast-seo-wordpress\/ -->\n<title>Abteilungsmeisterschaft 2020 &#8211; SG NARVA Berlin e.V. &#8211; Abteilung Schach<\/title>\n<meta name=\"robots\" content=\"index, follow, max-snippet:-1, max-image-preview:large, max-video-preview:-1\" \/>\n<link rel=\"canonical\" href=\"https:\/\/www.narva-schach.de\/wordpress\/chronik\/turnier-archiv\/abteilungsmeisterschaft-2020\/\" \/>\n<meta property=\"og:locale\" content=\"de_DE\" \/>\n<meta property=\"og:type\" content=\"article\" \/>\n<meta property=\"og:title\" content=\"Abteilungsmeisterschaft 2020 &#8211; SG NARVA Berlin e.V. &#8211; Abteilung Schach\" \/>\n<meta property=\"og:description\" content=\"Es wird in diesem Jahr im Schweizer System gespielt. Anstelle der Preise f\u00fcr vordere Pl\u00e4tze in der B-Gruppe wird es zwei Ratingpreise geben (Ratinggruppen werden anhand des Teilnehmerfelds festgelegt). Vorspielen ist nat\u00fcrlich immer m\u00f6glich, Nachspielen nur in Absprache mit den &hellip; Weiterlesen &rarr;\" \/>\n<meta property=\"og:url\" content=\"https:\/\/www.narva-schach.de\/wordpress\/chronik\/turnier-archiv\/abteilungsmeisterschaft-2020\/\" \/>\n<meta property=\"article:publisher\" content=\"http:\/\/www.facebook.com\/pages\/SG-NARVA-Berlin-eV-Abteilung-Schach\/214119148621903\" \/>\n<meta name=\"twitter:card\" content=\"summary_large_image\" \/>\n<meta name=\"twitter:label1\" content=\"Gesch\u00e4tzte Lesezeit\" \/>\n\t<meta name=\"twitter:data1\" content=\"2\u00a0Minuten\" \/>\n<script type=\"application\/ld+json\" class=\"yoast-schema-graph\">{\"@context\":\"https:\\\/\\\/schema.org\",\"@graph\":[{\"@type\":\"WebPage\",\"@id\":\"https:\\\/\\\/www.narva-schach.de\\\/wordpress\\\/chronik\\\/turnier-archiv\\\/abteilungsmeisterschaft-2020\\\/\",\"url\":\"https:\\\/\\\/www.narva-schach.de\\\/wordpress\\\/chronik\\\/turnier-archiv\\\/abteilungsmeisterschaft-2020\\\/\",\"name\":\"Abteilungsmeisterschaft 2020 &#8211; SG NARVA Berlin e.V. &#8211; Abteilung Schach\",\"isPartOf\":{\"@id\":\"https:\\\/\\\/www.narva-schach.de\\\/wordpress\\\/#website\"},\"datePublished\":\"2022-03-31T13:57:33+00:00\",\"breadcrumb\":{\"@id\":\"https:\\\/\\\/www.narva-schach.de\\\/wordpress\\\/chronik\\\/turnier-archiv\\\/abteilungsmeisterschaft-2020\\\/#breadcrumb\"},\"inLanguage\":\"de\",\"potentialAction\":[{\"@type\":\"ReadAction\",\"target\":[\"https:\\\/\\\/www.narva-schach.de\\\/wordpress\\\/chronik\\\/turnier-archiv\\\/abteilungsmeisterschaft-2020\\\/\"]}]},{\"@type\":\"BreadcrumbList\",\"@id\":\"https:\\\/\\\/www.narva-schach.de\\\/wordpress\\\/chronik\\\/turnier-archiv\\\/abteilungsmeisterschaft-2020\\\/#breadcrumb\",\"itemListElement\":[{\"@type\":\"ListItem\",\"position\":1,\"name\":\"Startseite\",\"item\":\"https:\\\/\\\/www.narva-schach.de\\\/wordpress\\\/\"},{\"@type\":\"ListItem\",\"position\":2,\"name\":\"Chronik\",\"item\":\"https:\\\/\\\/www.narva-schach.de\\\/wordpress\\\/chronik\\\/\"},{\"@type\":\"ListItem\",\"position\":3,\"name\":\"Turnier Archiv\",\"item\":\"https:\\\/\\\/www.narva-schach.de\\\/wordpress\\\/chronik\\\/turnier-archiv\\\/\"},{\"@type\":\"ListItem\",\"position\":4,\"name\":\"Abteilungsmeisterschaft 2020\"}]},{\"@type\":\"WebSite\",\"@id\":\"https:\\\/\\\/www.narva-schach.de\\\/wordpress\\\/#website\",\"url\":\"https:\\\/\\\/www.narva-schach.de\\\/wordpress\\\/\",\"name\":\"\",\"description\":\"\",\"publisher\":{\"@id\":\"https:\\\/\\\/www.narva-schach.de\\\/wordpress\\\/#organization\"},\"potentialAction\":[{\"@type\":\"SearchAction\",\"target\":{\"@type\":\"EntryPoint\",\"urlTemplate\":\"https:\\\/\\\/www.narva-schach.de\\\/wordpress\\\/?s={search_term_string}\"},\"query-input\":{\"@type\":\"PropertyValueSpecification\",\"valueRequired\":true,\"valueName\":\"search_term_string\"}}],\"inLanguage\":\"de\"},{\"@type\":\"Organization\",\"@id\":\"https:\\\/\\\/www.narva-schach.de\\\/wordpress\\\/#organization\",\"name\":\"SG NARVA Berlin e.V. Abteilung Schach\",\"url\":\"https:\\\/\\\/www.narva-schach.de\\\/wordpress\\\/\",\"logo\":{\"@type\":\"ImageObject\",\"inLanguage\":\"de\",\"@id\":\"https:\\\/\\\/www.narva-schach.de\\\/wordpress\\\/#\\\/schema\\\/logo\\\/image\\\/\",\"url\":\"http:\\\/\\\/www.narva-schach.de\\\/wordpress\\\/wp-content\\\/uploads\\\/2016\\\/03\\\/NARVA-Logo-gro\u00df.jpg\",\"contentUrl\":\"http:\\\/\\\/www.narva-schach.de\\\/wordpress\\\/wp-content\\\/uploads\\\/2016\\\/03\\\/NARVA-Logo-gro\u00df.jpg\",\"width\":480,\"height\":480,\"caption\":\"SG NARVA Berlin e.V. Abteilung Schach\"},\"image\":{\"@id\":\"https:\\\/\\\/www.narva-schach.de\\\/wordpress\\\/#\\\/schema\\\/logo\\\/image\\\/\"},\"sameAs\":[\"http:\\\/\\\/www.facebook.com\\\/pages\\\/SG-NARVA-Berlin-eV-Abteilung-Schach\\\/214119148621903\",\"https:\\\/\\\/www.instagram.com\\\/sgnarvaschach\\\/?ref=badge\"]}]}<\/script>\n<!-- \/ Yoast SEO plugin. -->","yoast_head_json":{"title":"Abteilungsmeisterschaft 2020 &#8211; SG NARVA Berlin e.V. &#8211; Abteilung Schach","robots":{"index":"index","follow":"follow","max-snippet":"max-snippet:-1","max-image-preview":"max-image-preview:large","max-video-preview":"max-video-preview:-1"},"canonical":"https:\/\/www.narva-schach.de\/wordpress\/chronik\/turnier-archiv\/abteilungsmeisterschaft-2020\/","og_locale":"de_DE","og_type":"article","og_title":"Abteilungsmeisterschaft 2020 &#8211; SG NARVA Berlin e.V. &#8211; Abteilung Schach","og_description":"Es wird in diesem Jahr im Schweizer System gespielt. Anstelle der Preise f\u00fcr vordere Pl\u00e4tze in der B-Gruppe wird es zwei Ratingpreise geben (Ratinggruppen werden anhand des Teilnehmerfelds festgelegt). Vorspielen ist nat\u00fcrlich immer m\u00f6glich, Nachspielen nur in Absprache mit den &hellip; Weiterlesen &rarr;","og_url":"https:\/\/www.narva-schach.de\/wordpress\/chronik\/turnier-archiv\/abteilungsmeisterschaft-2020\/","article_publisher":"http:\/\/www.facebook.com\/pages\/SG-NARVA-Berlin-eV-Abteilung-Schach\/214119148621903","twitter_card":"summary_large_image","twitter_misc":{"Gesch\u00e4tzte Lesezeit":"2\u00a0Minuten"},"schema":{"@context":"https:\/\/schema.org","@graph":[{"@type":"WebPage","@id":"https:\/\/www.narva-schach.de\/wordpress\/chronik\/turnier-archiv\/abteilungsmeisterschaft-2020\/","url":"https:\/\/www.narva-schach.de\/wordpress\/chronik\/turnier-archiv\/abteilungsmeisterschaft-2020\/","name":"Abteilungsmeisterschaft 2020 &#8211; SG NARVA Berlin e.V. &#8211; Abteilung Schach","isPartOf":{"@id":"https:\/\/www.narva-schach.de\/wordpress\/#website"},"datePublished":"2022-03-31T13:57:33+00:00","breadcrumb":{"@id":"https:\/\/www.narva-schach.de\/wordpress\/chronik\/turnier-archiv\/abteilungsmeisterschaft-2020\/#breadcrumb"},"inLanguage":"de","potentialAction":[{"@type":"ReadAction","target":["https:\/\/www.narva-schach.de\/wordpress\/chronik\/turnier-archiv\/abteilungsmeisterschaft-2020\/"]}]},{"@type":"BreadcrumbList","@id":"https:\/\/www.narva-schach.de\/wordpress\/chronik\/turnier-archiv\/abteilungsmeisterschaft-2020\/#breadcrumb","itemListElement":[{"@type":"ListItem","position":1,"name":"Startseite","item":"https:\/\/www.narva-schach.de\/wordpress\/"},{"@type":"ListItem","position":2,"name":"Chronik","item":"https:\/\/www.narva-schach.de\/wordpress\/chronik\/"},{"@type":"ListItem","position":3,"name":"Turnier Archiv","item":"https:\/\/www.narva-schach.de\/wordpress\/chronik\/turnier-archiv\/"},{"@type":"ListItem","position":4,"name":"Abteilungsmeisterschaft 2020"}]},{"@type":"WebSite","@id":"https:\/\/www.narva-schach.de\/wordpress\/#website","url":"https:\/\/www.narva-schach.de\/wordpress\/","name":"","description":"","publisher":{"@id":"https:\/\/www.narva-schach.de\/wordpress\/#organization"},"potentialAction":[{"@type":"SearchAction","target":{"@type":"EntryPoint","urlTemplate":"https:\/\/www.narva-schach.de\/wordpress\/?s={search_term_string}"},"query-input":{"@type":"PropertyValueSpecification","valueRequired":true,"valueName":"search_term_string"}}],"inLanguage":"de"},{"@type":"Organization","@id":"https:\/\/www.narva-schach.de\/wordpress\/#organization","name":"SG NARVA Berlin e.V. Abteilung Schach","url":"https:\/\/www.narva-schach.de\/wordpress\/","logo":{"@type":"ImageObject","inLanguage":"de","@id":"https:\/\/www.narva-schach.de\/wordpress\/#\/schema\/logo\/image\/","url":"http:\/\/www.narva-schach.de\/wordpress\/wp-content\/uploads\/2016\/03\/NARVA-Logo-gro\u00df.jpg","contentUrl":"http:\/\/www.narva-schach.de\/wordpress\/wp-content\/uploads\/2016\/03\/NARVA-Logo-gro\u00df.jpg","width":480,"height":480,"caption":"SG NARVA Berlin e.V. Abteilung Schach"},"image":{"@id":"https:\/\/www.narva-schach.de\/wordpress\/#\/schema\/logo\/image\/"},"sameAs":["http:\/\/www.facebook.com\/pages\/SG-NARVA-Berlin-eV-Abteilung-Schach\/214119148621903","https:\/\/www.instagram.com\/sgnarvaschach\/?ref=badge"]}]}},"_links":{"self":[{"href":"https:\/\/www.narva-schach.de\/wordpress\/wp-json\/wp\/v2\/pages\/9296","targetHints":{"allow":["GET"]}}],"collection":[{"href":"https:\/\/www.narva-schach.de\/wordpress\/wp-json\/wp\/v2\/pages"}],"about":[{"href":"https:\/\/www.narva-schach.de\/wordpress\/wp-json\/wp\/v2\/types\/page"}],"author":[{"embeddable":true,"href":"https:\/\/www.narva-schach.de\/wordpress\/wp-json\/wp\/v2\/users\/3"}],"replies":[{"embeddable":true,"href":"https:\/\/www.narva-schach.de\/wordpress\/wp-json\/wp\/v2\/comments?post=9296"}],"version-history":[{"count":1,"href":"https:\/\/www.narva-schach.de\/wordpress\/wp-json\/wp\/v2\/pages\/9296\/revisions"}],"predecessor-version":[{"id":9297,"href":"https:\/\/www.narva-schach.de\/wordpress\/wp-json\/wp\/v2\/pages\/9296\/revisions\/9297"}],"up":[{"embeddable":true,"href":"https:\/\/www.narva-schach.de\/wordpress\/wp-json\/wp\/v2\/pages\/333"}],"wp:attachment":[{"href":"https:\/\/www.narva-schach.de\/wordpress\/wp-json\/wp\/v2\/media?parent=9296"}],"curies":[{"name":"wp","href":"https:\/\/api.w.org\/{rel}","templated":true}]}}