{"id":9672,"date":"2022-07-18T17:31:40","date_gmt":"2022-07-18T15:31:40","guid":{"rendered":"https:\/\/www.narva-schach.de\/wordpress\/?page_id=9672"},"modified":"2022-07-18T17:33:28","modified_gmt":"2022-07-18T15:33:28","slug":"bmm-2020-2-mannschaft","status":"publish","type":"page","link":"https:\/\/www.narva-schach.de\/wordpress\/chronik\/bmm-archiv\/bmm-2020-2-mannschaft\/","title":{"rendered":"BMM 2020 2.Mannschaft"},"content":{"rendered":"<p>Die Saison 2019\/2020 wurde wegen der Corona Pandemie im M\u00e4rz 2020, nach Runde 8, unterbrochen. Runde 9 wurde im August 2021 nur f\u00fcr die Mannschaften nachgespielt, f\u00fcr die es noch um Auf- \/ Abstieg ging. Da es f\u00fcr Eintracht noch um den theoretischen Aufstieg ging, mussten NARVA 2 antreten.<\/p>\n<p><a href=\"https:\/\/www.narva-schach.de\/wordpress\/wp-content\/uploads\/2022\/07\/bmm2020_21_m2.jpg\"><img loading=\"lazy\" decoding=\"async\" class=\"alignnone size-full wp-image-9627\" src=\"https:\/\/www.narva-schach.de\/wordpress\/wp-content\/uploads\/2022\/07\/bmm2020_21_m2.jpg\" alt=\"\" width=\"849\" height=\"653\" srcset=\"https:\/\/www.narva-schach.de\/wordpress\/wp-content\/uploads\/2022\/07\/bmm2020_21_m2.jpg 849w, https:\/\/www.narva-schach.de\/wordpress\/wp-content\/uploads\/2022\/07\/bmm2020_21_m2-300x231.jpg 300w, https:\/\/www.narva-schach.de\/wordpress\/wp-content\/uploads\/2022\/07\/bmm2020_21_m2-768x591.jpg 768w\" sizes=\"auto, (max-width: 849px) 100vw, 849px\" \/><\/a><\/p>\n<p><a href=\"https:\/\/www.narva-schach.de\/wordpress\/wp-content\/uploads\/2022\/07\/bmm2020_21_m2_spieler.jpg\"><img loading=\"lazy\" decoding=\"async\" class=\"alignnone size-full wp-image-9626\" src=\"https:\/\/www.narva-schach.de\/wordpress\/wp-content\/uploads\/2022\/07\/bmm2020_21_m2_spieler.jpg\" alt=\"\" width=\"670\" height=\"858\" srcset=\"https:\/\/www.narva-schach.de\/wordpress\/wp-content\/uploads\/2022\/07\/bmm2020_21_m2_spieler.jpg 670w, https:\/\/www.narva-schach.de\/wordpress\/wp-content\/uploads\/2022\/07\/bmm2020_21_m2_spieler-234x300.jpg 234w\" sizes=\"auto, (max-width: 670px) 100vw, 670px\" \/><\/a><\/p>\n","protected":false},"excerpt":{"rendered":"<p>Die Saison 2019\/2020 wurde wegen der Corona Pandemie im M\u00e4rz 2020, nach Runde 8, unterbrochen. Runde 9 wurde im August 2021 nur f\u00fcr die Mannschaften nachgespielt, f\u00fcr die es noch um Auf- \/ Abstieg ging. Da es f\u00fcr Eintracht noch &hellip; <a href=\"https:\/\/www.narva-schach.de\/wordpress\/chronik\/bmm-archiv\/bmm-2020-2-mannschaft\/\">Weiterlesen <span class=\"meta-nav\">&rarr;<\/span><\/a><\/p>\n","protected":false},"author":1,"featured_media":0,"parent":181,"menu_order":0,"comment_status":"closed","ping_status":"closed","template":"","meta":{"footnotes":""},"class_list":["post-9672","page","type-page","status-publish","hentry"],"yoast_head":"<!-- This site is optimized with the Yoast SEO plugin v27.3 - https:\/\/yoast.com\/product\/yoast-seo-wordpress\/ -->\n<title>BMM 2020 2.Mannschaft &#8211; SG NARVA Berlin e.V. &#8211; Abteilung Schach<\/title>\n<meta name=\"robots\" content=\"index, follow, max-snippet:-1, max-image-preview:large, max-video-preview:-1\" \/>\n<link rel=\"canonical\" href=\"https:\/\/www.narva-schach.de\/wordpress\/chronik\/bmm-archiv\/bmm-2020-2-mannschaft\/\" \/>\n<meta property=\"og:locale\" content=\"de_DE\" \/>\n<meta property=\"og:type\" content=\"article\" \/>\n<meta property=\"og:title\" content=\"BMM 2020 2.Mannschaft &#8211; SG NARVA Berlin e.V. &#8211; Abteilung Schach\" \/>\n<meta property=\"og:description\" content=\"Die Saison 2019\/2020 wurde wegen der Corona Pandemie im M\u00e4rz 2020, nach Runde 8, unterbrochen. Runde 9 wurde im August 2021 nur f\u00fcr die Mannschaften nachgespielt, f\u00fcr die es noch um Auf- \/ Abstieg ging. Da es f\u00fcr Eintracht noch &hellip; Weiterlesen &rarr;\" \/>\n<meta property=\"og:url\" content=\"https:\/\/www.narva-schach.de\/wordpress\/chronik\/bmm-archiv\/bmm-2020-2-mannschaft\/\" \/>\n<meta property=\"article:publisher\" content=\"http:\/\/www.facebook.com\/pages\/SG-NARVA-Berlin-eV-Abteilung-Schach\/214119148621903\" \/>\n<meta property=\"article:modified_time\" content=\"2022-07-18T15:33:28+00:00\" \/>\n<meta property=\"og:image\" content=\"https:\/\/www.narva-schach.de\/wordpress\/wp-content\/uploads\/2022\/07\/bmm2020_21_m2.jpg\" \/>\n<meta name=\"twitter:card\" content=\"summary_large_image\" \/>\n<meta name=\"twitter:label1\" content=\"Gesch\u00e4tzte Lesezeit\" \/>\n\t<meta name=\"twitter:data1\" content=\"1\u00a0Minute\" \/>\n<script type=\"application\/ld+json\" class=\"yoast-schema-graph\">{\"@context\":\"https:\\\/\\\/schema.org\",\"@graph\":[{\"@type\":\"WebPage\",\"@id\":\"https:\\\/\\\/www.narva-schach.de\\\/wordpress\\\/chronik\\\/bmm-archiv\\\/bmm-2020-2-mannschaft\\\/\",\"url\":\"https:\\\/\\\/www.narva-schach.de\\\/wordpress\\\/chronik\\\/bmm-archiv\\\/bmm-2020-2-mannschaft\\\/\",\"name\":\"BMM 2020 2.Mannschaft &#8211; SG NARVA Berlin e.V. &#8211; Abteilung Schach\",\"isPartOf\":{\"@id\":\"https:\\\/\\\/www.narva-schach.de\\\/wordpress\\\/#website\"},\"primaryImageOfPage\":{\"@id\":\"https:\\\/\\\/www.narva-schach.de\\\/wordpress\\\/chronik\\\/bmm-archiv\\\/bmm-2020-2-mannschaft\\\/#primaryimage\"},\"image\":{\"@id\":\"https:\\\/\\\/www.narva-schach.de\\\/wordpress\\\/chronik\\\/bmm-archiv\\\/bmm-2020-2-mannschaft\\\/#primaryimage\"},\"thumbnailUrl\":\"https:\\\/\\\/www.narva-schach.de\\\/wordpress\\\/wp-content\\\/uploads\\\/2022\\\/07\\\/bmm2020_21_m2.jpg\",\"datePublished\":\"2022-07-18T15:31:40+00:00\",\"dateModified\":\"2022-07-18T15:33:28+00:00\",\"breadcrumb\":{\"@id\":\"https:\\\/\\\/www.narva-schach.de\\\/wordpress\\\/chronik\\\/bmm-archiv\\\/bmm-2020-2-mannschaft\\\/#breadcrumb\"},\"inLanguage\":\"de\",\"potentialAction\":[{\"@type\":\"ReadAction\",\"target\":[\"https:\\\/\\\/www.narva-schach.de\\\/wordpress\\\/chronik\\\/bmm-archiv\\\/bmm-2020-2-mannschaft\\\/\"]}]},{\"@type\":\"ImageObject\",\"inLanguage\":\"de\",\"@id\":\"https:\\\/\\\/www.narva-schach.de\\\/wordpress\\\/chronik\\\/bmm-archiv\\\/bmm-2020-2-mannschaft\\\/#primaryimage\",\"url\":\"https:\\\/\\\/www.narva-schach.de\\\/wordpress\\\/wp-content\\\/uploads\\\/2022\\\/07\\\/bmm2020_21_m2.jpg\",\"contentUrl\":\"https:\\\/\\\/www.narva-schach.de\\\/wordpress\\\/wp-content\\\/uploads\\\/2022\\\/07\\\/bmm2020_21_m2.jpg\",\"width\":849,\"height\":653},{\"@type\":\"BreadcrumbList\",\"@id\":\"https:\\\/\\\/www.narva-schach.de\\\/wordpress\\\/chronik\\\/bmm-archiv\\\/bmm-2020-2-mannschaft\\\/#breadcrumb\",\"itemListElement\":[{\"@type\":\"ListItem\",\"position\":1,\"name\":\"Startseite\",\"item\":\"https:\\\/\\\/www.narva-schach.de\\\/wordpress\\\/\"},{\"@type\":\"ListItem\",\"position\":2,\"name\":\"Chronik\",\"item\":\"https:\\\/\\\/www.narva-schach.de\\\/wordpress\\\/chronik\\\/\"},{\"@type\":\"ListItem\",\"position\":3,\"name\":\"BMM Archiv\",\"item\":\"https:\\\/\\\/www.narva-schach.de\\\/wordpress\\\/chronik\\\/bmm-archiv\\\/\"},{\"@type\":\"ListItem\",\"position\":4,\"name\":\"BMM 2020 2.Mannschaft\"}]},{\"@type\":\"WebSite\",\"@id\":\"https:\\\/\\\/www.narva-schach.de\\\/wordpress\\\/#website\",\"url\":\"https:\\\/\\\/www.narva-schach.de\\\/wordpress\\\/\",\"name\":\"\",\"description\":\"\",\"publisher\":{\"@id\":\"https:\\\/\\\/www.narva-schach.de\\\/wordpress\\\/#organization\"},\"potentialAction\":[{\"@type\":\"SearchAction\",\"target\":{\"@type\":\"EntryPoint\",\"urlTemplate\":\"https:\\\/\\\/www.narva-schach.de\\\/wordpress\\\/?s={search_term_string}\"},\"query-input\":{\"@type\":\"PropertyValueSpecification\",\"valueRequired\":true,\"valueName\":\"search_term_string\"}}],\"inLanguage\":\"de\"},{\"@type\":\"Organization\",\"@id\":\"https:\\\/\\\/www.narva-schach.de\\\/wordpress\\\/#organization\",\"name\":\"SG NARVA Berlin e.V. Abteilung Schach\",\"url\":\"https:\\\/\\\/www.narva-schach.de\\\/wordpress\\\/\",\"logo\":{\"@type\":\"ImageObject\",\"inLanguage\":\"de\",\"@id\":\"https:\\\/\\\/www.narva-schach.de\\\/wordpress\\\/#\\\/schema\\\/logo\\\/image\\\/\",\"url\":\"http:\\\/\\\/www.narva-schach.de\\\/wordpress\\\/wp-content\\\/uploads\\\/2016\\\/03\\\/NARVA-Logo-gro\u00df.jpg\",\"contentUrl\":\"http:\\\/\\\/www.narva-schach.de\\\/wordpress\\\/wp-content\\\/uploads\\\/2016\\\/03\\\/NARVA-Logo-gro\u00df.jpg\",\"width\":480,\"height\":480,\"caption\":\"SG NARVA Berlin e.V. Abteilung Schach\"},\"image\":{\"@id\":\"https:\\\/\\\/www.narva-schach.de\\\/wordpress\\\/#\\\/schema\\\/logo\\\/image\\\/\"},\"sameAs\":[\"http:\\\/\\\/www.facebook.com\\\/pages\\\/SG-NARVA-Berlin-eV-Abteilung-Schach\\\/214119148621903\",\"https:\\\/\\\/www.instagram.com\\\/sgnarvaschach\\\/?ref=badge\"]}]}<\/script>\n<!-- \/ Yoast SEO plugin. -->","yoast_head_json":{"title":"BMM 2020 2.Mannschaft &#8211; SG NARVA Berlin e.V. &#8211; Abteilung Schach","robots":{"index":"index","follow":"follow","max-snippet":"max-snippet:-1","max-image-preview":"max-image-preview:large","max-video-preview":"max-video-preview:-1"},"canonical":"https:\/\/www.narva-schach.de\/wordpress\/chronik\/bmm-archiv\/bmm-2020-2-mannschaft\/","og_locale":"de_DE","og_type":"article","og_title":"BMM 2020 2.Mannschaft &#8211; SG NARVA Berlin e.V. &#8211; Abteilung Schach","og_description":"Die Saison 2019\/2020 wurde wegen der Corona Pandemie im M\u00e4rz 2020, nach Runde 8, unterbrochen. Runde 9 wurde im August 2021 nur f\u00fcr die Mannschaften nachgespielt, f\u00fcr die es noch um Auf- \/ Abstieg ging. Da es f\u00fcr Eintracht noch &hellip; Weiterlesen &rarr;","og_url":"https:\/\/www.narva-schach.de\/wordpress\/chronik\/bmm-archiv\/bmm-2020-2-mannschaft\/","article_publisher":"http:\/\/www.facebook.com\/pages\/SG-NARVA-Berlin-eV-Abteilung-Schach\/214119148621903","article_modified_time":"2022-07-18T15:33:28+00:00","og_image":[{"url":"https:\/\/www.narva-schach.de\/wordpress\/wp-content\/uploads\/2022\/07\/bmm2020_21_m2.jpg","type":"","width":"","height":""}],"twitter_card":"summary_large_image","twitter_misc":{"Gesch\u00e4tzte Lesezeit":"1\u00a0Minute"},"schema":{"@context":"https:\/\/schema.org","@graph":[{"@type":"WebPage","@id":"https:\/\/www.narva-schach.de\/wordpress\/chronik\/bmm-archiv\/bmm-2020-2-mannschaft\/","url":"https:\/\/www.narva-schach.de\/wordpress\/chronik\/bmm-archiv\/bmm-2020-2-mannschaft\/","name":"BMM 2020 2.Mannschaft &#8211; SG NARVA Berlin e.V. &#8211; Abteilung Schach","isPartOf":{"@id":"https:\/\/www.narva-schach.de\/wordpress\/#website"},"primaryImageOfPage":{"@id":"https:\/\/www.narva-schach.de\/wordpress\/chronik\/bmm-archiv\/bmm-2020-2-mannschaft\/#primaryimage"},"image":{"@id":"https:\/\/www.narva-schach.de\/wordpress\/chronik\/bmm-archiv\/bmm-2020-2-mannschaft\/#primaryimage"},"thumbnailUrl":"https:\/\/www.narva-schach.de\/wordpress\/wp-content\/uploads\/2022\/07\/bmm2020_21_m2.jpg","datePublished":"2022-07-18T15:31:40+00:00","dateModified":"2022-07-18T15:33:28+00:00","breadcrumb":{"@id":"https:\/\/www.narva-schach.de\/wordpress\/chronik\/bmm-archiv\/bmm-2020-2-mannschaft\/#breadcrumb"},"inLanguage":"de","potentialAction":[{"@type":"ReadAction","target":["https:\/\/www.narva-schach.de\/wordpress\/chronik\/bmm-archiv\/bmm-2020-2-mannschaft\/"]}]},{"@type":"ImageObject","inLanguage":"de","@id":"https:\/\/www.narva-schach.de\/wordpress\/chronik\/bmm-archiv\/bmm-2020-2-mannschaft\/#primaryimage","url":"https:\/\/www.narva-schach.de\/wordpress\/wp-content\/uploads\/2022\/07\/bmm2020_21_m2.jpg","contentUrl":"https:\/\/www.narva-schach.de\/wordpress\/wp-content\/uploads\/2022\/07\/bmm2020_21_m2.jpg","width":849,"height":653},{"@type":"BreadcrumbList","@id":"https:\/\/www.narva-schach.de\/wordpress\/chronik\/bmm-archiv\/bmm-2020-2-mannschaft\/#breadcrumb","itemListElement":[{"@type":"ListItem","position":1,"name":"Startseite","item":"https:\/\/www.narva-schach.de\/wordpress\/"},{"@type":"ListItem","position":2,"name":"Chronik","item":"https:\/\/www.narva-schach.de\/wordpress\/chronik\/"},{"@type":"ListItem","position":3,"name":"BMM Archiv","item":"https:\/\/www.narva-schach.de\/wordpress\/chronik\/bmm-archiv\/"},{"@type":"ListItem","position":4,"name":"BMM 2020 2.Mannschaft"}]},{"@type":"WebSite","@id":"https:\/\/www.narva-schach.de\/wordpress\/#website","url":"https:\/\/www.narva-schach.de\/wordpress\/","name":"","description":"","publisher":{"@id":"https:\/\/www.narva-schach.de\/wordpress\/#organization"},"potentialAction":[{"@type":"SearchAction","target":{"@type":"EntryPoint","urlTemplate":"https:\/\/www.narva-schach.de\/wordpress\/?s={search_term_string}"},"query-input":{"@type":"PropertyValueSpecification","valueRequired":true,"valueName":"search_term_string"}}],"inLanguage":"de"},{"@type":"Organization","@id":"https:\/\/www.narva-schach.de\/wordpress\/#organization","name":"SG NARVA Berlin e.V. Abteilung Schach","url":"https:\/\/www.narva-schach.de\/wordpress\/","logo":{"@type":"ImageObject","inLanguage":"de","@id":"https:\/\/www.narva-schach.de\/wordpress\/#\/schema\/logo\/image\/","url":"http:\/\/www.narva-schach.de\/wordpress\/wp-content\/uploads\/2016\/03\/NARVA-Logo-gro\u00df.jpg","contentUrl":"http:\/\/www.narva-schach.de\/wordpress\/wp-content\/uploads\/2016\/03\/NARVA-Logo-gro\u00df.jpg","width":480,"height":480,"caption":"SG NARVA Berlin e.V. Abteilung Schach"},"image":{"@id":"https:\/\/www.narva-schach.de\/wordpress\/#\/schema\/logo\/image\/"},"sameAs":["http:\/\/www.facebook.com\/pages\/SG-NARVA-Berlin-eV-Abteilung-Schach\/214119148621903","https:\/\/www.instagram.com\/sgnarvaschach\/?ref=badge"]}]}},"_links":{"self":[{"href":"https:\/\/www.narva-schach.de\/wordpress\/wp-json\/wp\/v2\/pages\/9672","targetHints":{"allow":["GET"]}}],"collection":[{"href":"https:\/\/www.narva-schach.de\/wordpress\/wp-json\/wp\/v2\/pages"}],"about":[{"href":"https:\/\/www.narva-schach.de\/wordpress\/wp-json\/wp\/v2\/types\/page"}],"author":[{"embeddable":true,"href":"https:\/\/www.narva-schach.de\/wordpress\/wp-json\/wp\/v2\/users\/1"}],"replies":[{"embeddable":true,"href":"https:\/\/www.narva-schach.de\/wordpress\/wp-json\/wp\/v2\/comments?post=9672"}],"version-history":[{"count":1,"href":"https:\/\/www.narva-schach.de\/wordpress\/wp-json\/wp\/v2\/pages\/9672\/revisions"}],"predecessor-version":[{"id":9673,"href":"https:\/\/www.narva-schach.de\/wordpress\/wp-json\/wp\/v2\/pages\/9672\/revisions\/9673"}],"up":[{"embeddable":true,"href":"https:\/\/www.narva-schach.de\/wordpress\/wp-json\/wp\/v2\/pages\/181"}],"wp:attachment":[{"href":"https:\/\/www.narva-schach.de\/wordpress\/wp-json\/wp\/v2\/media?parent=9672"}],"curies":[{"name":"wp","href":"https:\/\/api.w.org\/{rel}","templated":true}]}}