{"id":9699,"date":"2022-07-24T15:09:14","date_gmt":"2022-07-24T13:09:14","guid":{"rendered":"https:\/\/www.narva-schach.de\/wordpress\/?page_id=9699"},"modified":"2022-07-24T15:09:14","modified_gmt":"2022-07-24T13:09:14","slug":"bmm-2022-1-mannschaft","status":"publish","type":"page","link":"https:\/\/www.narva-schach.de\/wordpress\/chronik\/bmm-archiv\/bmm-2022-1-mannschaft\/","title":{"rendered":"BMM 2022 1.Mannschaft"},"content":{"rendered":"<p>Die Saison 2021\/2022 wurde wegen der Corona Pandemie im November 2021, nach Runde 1, unterbrochen und dann die Runden nach hinten geschoben. Erst im M\u00e4rz 2022 wurde mit der planm\u00e4\u00dfigen Runde 7 weiter gespielt, dann normal die Runden 8 und 9. Im Anschluss dann die verschobenen Runden 2-6. Die letzte Runde wurde so am 10.07.2022 gespielt. Die 1.Mannschaft wurde nach Runde 3 abgemeldet und 3 Spieler in der Zweiten nachgemeldet. Zuvor wurde schon Runde 7 ausgelassen und weitere Runden nur mit 4 bzw. 5 Spielern gespielt.<\/p>\n<div id=\"attachment_9694\" style=\"width: 667px\" class=\"wp-caption alignnone\"><a href=\"https:\/\/www.narva-schach.de\/wordpress\/wp-content\/uploads\/2022\/07\/bmm2122_m1.jpg\"><img loading=\"lazy\" decoding=\"async\" aria-describedby=\"caption-attachment-9694\" class=\"size-full wp-image-9694\" src=\"https:\/\/www.narva-schach.de\/wordpress\/wp-content\/uploads\/2022\/07\/bmm2122_m1.jpg\" alt=\"\" width=\"657\" height=\"696\" srcset=\"https:\/\/www.narva-schach.de\/wordpress\/wp-content\/uploads\/2022\/07\/bmm2122_m1.jpg 657w, https:\/\/www.narva-schach.de\/wordpress\/wp-content\/uploads\/2022\/07\/bmm2122_m1-283x300.jpg 283w\" sizes=\"auto, (max-width: 657px) 100vw, 657px\" \/><\/a><p id=\"caption-attachment-9694\" class=\"wp-caption-text\">Grafik von Chemie Wei\u00dfensee<\/p><\/div>\n<p>Hier die Einzelergebnisse der gespielten Runden:<\/p>\n<div id=\"attachment_8837\" style=\"width: 712px\" class=\"wp-caption alignnone\"><a href=\"https:\/\/www.narva-schach.de\/wordpress\/wp-content\/uploads\/2021\/11\/bmm_r1_m1_21_22.jpg\"><img loading=\"lazy\" decoding=\"async\" aria-describedby=\"caption-attachment-8837\" class=\"size-full wp-image-8837\" src=\"https:\/\/www.narva-schach.de\/wordpress\/wp-content\/uploads\/2021\/11\/bmm_r1_m1_21_22.jpg\" alt=\"\" width=\"702\" height=\"182\" srcset=\"https:\/\/www.narva-schach.de\/wordpress\/wp-content\/uploads\/2021\/11\/bmm_r1_m1_21_22.jpg 702w, https:\/\/www.narva-schach.de\/wordpress\/wp-content\/uploads\/2021\/11\/bmm_r1_m1_21_22-300x78.jpg 300w\" sizes=\"auto, (max-width: 702px) 100vw, 702px\" \/><\/a><p id=\"caption-attachment-8837\" class=\"wp-caption-text\">Runde 1<\/p><\/div>\n<div id=\"attachment_9263\" style=\"width: 650px\" class=\"wp-caption alignnone\"><a href=\"https:\/\/www.narva-schach.de\/wordpress\/wp-content\/uploads\/2022\/03\/Screenshot_20220327-181100_Chrome.jpg\"><img loading=\"lazy\" decoding=\"async\" aria-describedby=\"caption-attachment-9263\" class=\"size-large wp-image-9263\" src=\"https:\/\/www.narva-schach.de\/wordpress\/wp-content\/uploads\/2022\/03\/Screenshot_20220327-181100_Chrome-1024x215.jpg\" alt=\"\" width=\"640\" height=\"134\" srcset=\"https:\/\/www.narva-schach.de\/wordpress\/wp-content\/uploads\/2022\/03\/Screenshot_20220327-181100_Chrome-1024x215.jpg 1024w, https:\/\/www.narva-schach.de\/wordpress\/wp-content\/uploads\/2022\/03\/Screenshot_20220327-181100_Chrome-300x63.jpg 300w, https:\/\/www.narva-schach.de\/wordpress\/wp-content\/uploads\/2022\/03\/Screenshot_20220327-181100_Chrome-768x161.jpg 768w, https:\/\/www.narva-schach.de\/wordpress\/wp-content\/uploads\/2022\/03\/Screenshot_20220327-181100_Chrome-940x198.jpg 940w, https:\/\/www.narva-schach.de\/wordpress\/wp-content\/uploads\/2022\/03\/Screenshot_20220327-181100_Chrome.jpg 1048w\" sizes=\"auto, (max-width: 640px) 100vw, 640px\" \/><\/a><p id=\"caption-attachment-9263\" class=\"wp-caption-text\">Runde 8<\/p><\/div>\n<div id=\"attachment_9419\" style=\"width: 712px\" class=\"wp-caption alignnone\"><a href=\"https:\/\/www.narva-schach.de\/wordpress\/wp-content\/uploads\/2022\/05\/bmm_2022_r9_m1.jpg\"><img loading=\"lazy\" decoding=\"async\" aria-describedby=\"caption-attachment-9419\" class=\"size-full wp-image-9419\" src=\"https:\/\/www.narva-schach.de\/wordpress\/wp-content\/uploads\/2022\/05\/bmm_2022_r9_m1.jpg\" alt=\"\" width=\"702\" height=\"183\" srcset=\"https:\/\/www.narva-schach.de\/wordpress\/wp-content\/uploads\/2022\/05\/bmm_2022_r9_m1.jpg 702w, https:\/\/www.narva-schach.de\/wordpress\/wp-content\/uploads\/2022\/05\/bmm_2022_r9_m1-300x78.jpg 300w\" sizes=\"auto, (max-width: 702px) 100vw, 702px\" \/><\/a><p id=\"caption-attachment-9419\" class=\"wp-caption-text\">Runde 9<\/p><\/div>\n<div id=\"attachment_9458\" style=\"width: 650px\" class=\"wp-caption alignnone\"><a href=\"https:\/\/www.narva-schach.de\/wordpress\/wp-content\/uploads\/2022\/05\/Screenshot_20220522-173830_Chrome.jpg\"><img loading=\"lazy\" decoding=\"async\" aria-describedby=\"caption-attachment-9458\" class=\"size-large wp-image-9458\" src=\"https:\/\/www.narva-schach.de\/wordpress\/wp-content\/uploads\/2022\/05\/Screenshot_20220522-173830_Chrome-1024x219.jpg\" alt=\"\" width=\"640\" height=\"137\" srcset=\"https:\/\/www.narva-schach.de\/wordpress\/wp-content\/uploads\/2022\/05\/Screenshot_20220522-173830_Chrome-1024x219.jpg 1024w, https:\/\/www.narva-schach.de\/wordpress\/wp-content\/uploads\/2022\/05\/Screenshot_20220522-173830_Chrome-300x64.jpg 300w, https:\/\/www.narva-schach.de\/wordpress\/wp-content\/uploads\/2022\/05\/Screenshot_20220522-173830_Chrome-768x164.jpg 768w, https:\/\/www.narva-schach.de\/wordpress\/wp-content\/uploads\/2022\/05\/Screenshot_20220522-173830_Chrome-1536x328.jpg 1536w, https:\/\/www.narva-schach.de\/wordpress\/wp-content\/uploads\/2022\/05\/Screenshot_20220522-173830_Chrome-2048x438.jpg 2048w\" sizes=\"auto, (max-width: 640px) 100vw, 640px\" \/><\/a><p id=\"caption-attachment-9458\" class=\"wp-caption-text\">Runde 2<\/p><\/div>\n<div id=\"attachment_9511\" style=\"width: 754px\" class=\"wp-caption alignnone\"><a href=\"https:\/\/www.narva-schach.de\/wordpress\/wp-content\/uploads\/2022\/06\/bmm_r3_2022_m1.jpg\"><img loading=\"lazy\" decoding=\"async\" aria-describedby=\"caption-attachment-9511\" class=\"size-full wp-image-9511\" src=\"https:\/\/www.narva-schach.de\/wordpress\/wp-content\/uploads\/2022\/06\/bmm_r3_2022_m1.jpg\" alt=\"\" width=\"744\" height=\"182\" srcset=\"https:\/\/www.narva-schach.de\/wordpress\/wp-content\/uploads\/2022\/06\/bmm_r3_2022_m1.jpg 744w, https:\/\/www.narva-schach.de\/wordpress\/wp-content\/uploads\/2022\/06\/bmm_r3_2022_m1-300x73.jpg 300w\" sizes=\"auto, (max-width: 744px) 100vw, 744px\" \/><\/a><p id=\"caption-attachment-9511\" class=\"wp-caption-text\">Runde 3<\/p><\/div>\n","protected":false},"excerpt":{"rendered":"<p>Die Saison 2021\/2022 wurde wegen der Corona Pandemie im November 2021, nach Runde 1, unterbrochen und dann die Runden nach hinten geschoben. Erst im M\u00e4rz 2022 wurde mit der planm\u00e4\u00dfigen Runde 7 weiter gespielt, dann normal die Runden 8 und &hellip; <a href=\"https:\/\/www.narva-schach.de\/wordpress\/chronik\/bmm-archiv\/bmm-2022-1-mannschaft\/\">Weiterlesen <span class=\"meta-nav\">&rarr;<\/span><\/a><\/p>\n","protected":false},"author":1,"featured_media":0,"parent":181,"menu_order":0,"comment_status":"closed","ping_status":"closed","template":"","meta":{"footnotes":""},"class_list":["post-9699","page","type-page","status-publish","hentry"],"yoast_head":"<!-- This site is optimized with the Yoast SEO plugin v27.3 - https:\/\/yoast.com\/product\/yoast-seo-wordpress\/ -->\n<title>BMM 2022 1.Mannschaft &#8211; SG NARVA Berlin e.V. &#8211; Abteilung Schach<\/title>\n<meta name=\"robots\" content=\"index, follow, max-snippet:-1, max-image-preview:large, max-video-preview:-1\" \/>\n<link rel=\"canonical\" href=\"https:\/\/www.narva-schach.de\/wordpress\/chronik\/bmm-archiv\/bmm-2022-1-mannschaft\/\" \/>\n<meta property=\"og:locale\" content=\"de_DE\" \/>\n<meta property=\"og:type\" content=\"article\" \/>\n<meta property=\"og:title\" content=\"BMM 2022 1.Mannschaft &#8211; SG NARVA Berlin e.V. &#8211; Abteilung Schach\" \/>\n<meta property=\"og:description\" content=\"Die Saison 2021\/2022 wurde wegen der Corona Pandemie im November 2021, nach Runde 1, unterbrochen und dann die Runden nach hinten geschoben. Erst im M\u00e4rz 2022 wurde mit der planm\u00e4\u00dfigen Runde 7 weiter gespielt, dann normal die Runden 8 und &hellip; Weiterlesen &rarr;\" \/>\n<meta property=\"og:url\" content=\"https:\/\/www.narva-schach.de\/wordpress\/chronik\/bmm-archiv\/bmm-2022-1-mannschaft\/\" \/>\n<meta property=\"article:publisher\" content=\"http:\/\/www.facebook.com\/pages\/SG-NARVA-Berlin-eV-Abteilung-Schach\/214119148621903\" \/>\n<meta property=\"og:image\" content=\"https:\/\/www.narva-schach.de\/wordpress\/wp-content\/uploads\/2022\/07\/bmm2122_m1.jpg\" \/>\n<meta name=\"twitter:card\" content=\"summary_large_image\" \/>\n<meta name=\"twitter:label1\" content=\"Gesch\u00e4tzte Lesezeit\" \/>\n\t<meta name=\"twitter:data1\" content=\"2\u00a0Minuten\" \/>\n<script type=\"application\/ld+json\" class=\"yoast-schema-graph\">{\"@context\":\"https:\\\/\\\/schema.org\",\"@graph\":[{\"@type\":\"WebPage\",\"@id\":\"https:\\\/\\\/www.narva-schach.de\\\/wordpress\\\/chronik\\\/bmm-archiv\\\/bmm-2022-1-mannschaft\\\/\",\"url\":\"https:\\\/\\\/www.narva-schach.de\\\/wordpress\\\/chronik\\\/bmm-archiv\\\/bmm-2022-1-mannschaft\\\/\",\"name\":\"BMM 2022 1.Mannschaft &#8211; SG NARVA Berlin e.V. &#8211; Abteilung Schach\",\"isPartOf\":{\"@id\":\"https:\\\/\\\/www.narva-schach.de\\\/wordpress\\\/#website\"},\"primaryImageOfPage\":{\"@id\":\"https:\\\/\\\/www.narva-schach.de\\\/wordpress\\\/chronik\\\/bmm-archiv\\\/bmm-2022-1-mannschaft\\\/#primaryimage\"},\"image\":{\"@id\":\"https:\\\/\\\/www.narva-schach.de\\\/wordpress\\\/chronik\\\/bmm-archiv\\\/bmm-2022-1-mannschaft\\\/#primaryimage\"},\"thumbnailUrl\":\"https:\\\/\\\/www.narva-schach.de\\\/wordpress\\\/wp-content\\\/uploads\\\/2022\\\/07\\\/bmm2122_m1.jpg\",\"datePublished\":\"2022-07-24T13:09:14+00:00\",\"breadcrumb\":{\"@id\":\"https:\\\/\\\/www.narva-schach.de\\\/wordpress\\\/chronik\\\/bmm-archiv\\\/bmm-2022-1-mannschaft\\\/#breadcrumb\"},\"inLanguage\":\"de\",\"potentialAction\":[{\"@type\":\"ReadAction\",\"target\":[\"https:\\\/\\\/www.narva-schach.de\\\/wordpress\\\/chronik\\\/bmm-archiv\\\/bmm-2022-1-mannschaft\\\/\"]}]},{\"@type\":\"ImageObject\",\"inLanguage\":\"de\",\"@id\":\"https:\\\/\\\/www.narva-schach.de\\\/wordpress\\\/chronik\\\/bmm-archiv\\\/bmm-2022-1-mannschaft\\\/#primaryimage\",\"url\":\"https:\\\/\\\/www.narva-schach.de\\\/wordpress\\\/wp-content\\\/uploads\\\/2022\\\/07\\\/bmm2122_m1.jpg\",\"contentUrl\":\"https:\\\/\\\/www.narva-schach.de\\\/wordpress\\\/wp-content\\\/uploads\\\/2022\\\/07\\\/bmm2122_m1.jpg\",\"width\":657,\"height\":696,\"caption\":\"Grafik von Chemie Wei\u00dfensee\"},{\"@type\":\"BreadcrumbList\",\"@id\":\"https:\\\/\\\/www.narva-schach.de\\\/wordpress\\\/chronik\\\/bmm-archiv\\\/bmm-2022-1-mannschaft\\\/#breadcrumb\",\"itemListElement\":[{\"@type\":\"ListItem\",\"position\":1,\"name\":\"Startseite\",\"item\":\"https:\\\/\\\/www.narva-schach.de\\\/wordpress\\\/\"},{\"@type\":\"ListItem\",\"position\":2,\"name\":\"Chronik\",\"item\":\"https:\\\/\\\/www.narva-schach.de\\\/wordpress\\\/chronik\\\/\"},{\"@type\":\"ListItem\",\"position\":3,\"name\":\"BMM Archiv\",\"item\":\"https:\\\/\\\/www.narva-schach.de\\\/wordpress\\\/chronik\\\/bmm-archiv\\\/\"},{\"@type\":\"ListItem\",\"position\":4,\"name\":\"BMM 2022 1.Mannschaft\"}]},{\"@type\":\"WebSite\",\"@id\":\"https:\\\/\\\/www.narva-schach.de\\\/wordpress\\\/#website\",\"url\":\"https:\\\/\\\/www.narva-schach.de\\\/wordpress\\\/\",\"name\":\"\",\"description\":\"\",\"publisher\":{\"@id\":\"https:\\\/\\\/www.narva-schach.de\\\/wordpress\\\/#organization\"},\"potentialAction\":[{\"@type\":\"SearchAction\",\"target\":{\"@type\":\"EntryPoint\",\"urlTemplate\":\"https:\\\/\\\/www.narva-schach.de\\\/wordpress\\\/?s={search_term_string}\"},\"query-input\":{\"@type\":\"PropertyValueSpecification\",\"valueRequired\":true,\"valueName\":\"search_term_string\"}}],\"inLanguage\":\"de\"},{\"@type\":\"Organization\",\"@id\":\"https:\\\/\\\/www.narva-schach.de\\\/wordpress\\\/#organization\",\"name\":\"SG NARVA Berlin e.V. Abteilung Schach\",\"url\":\"https:\\\/\\\/www.narva-schach.de\\\/wordpress\\\/\",\"logo\":{\"@type\":\"ImageObject\",\"inLanguage\":\"de\",\"@id\":\"https:\\\/\\\/www.narva-schach.de\\\/wordpress\\\/#\\\/schema\\\/logo\\\/image\\\/\",\"url\":\"http:\\\/\\\/www.narva-schach.de\\\/wordpress\\\/wp-content\\\/uploads\\\/2016\\\/03\\\/NARVA-Logo-gro\u00df.jpg\",\"contentUrl\":\"http:\\\/\\\/www.narva-schach.de\\\/wordpress\\\/wp-content\\\/uploads\\\/2016\\\/03\\\/NARVA-Logo-gro\u00df.jpg\",\"width\":480,\"height\":480,\"caption\":\"SG NARVA Berlin e.V. Abteilung Schach\"},\"image\":{\"@id\":\"https:\\\/\\\/www.narva-schach.de\\\/wordpress\\\/#\\\/schema\\\/logo\\\/image\\\/\"},\"sameAs\":[\"http:\\\/\\\/www.facebook.com\\\/pages\\\/SG-NARVA-Berlin-eV-Abteilung-Schach\\\/214119148621903\",\"https:\\\/\\\/www.instagram.com\\\/sgnarvaschach\\\/?ref=badge\"]}]}<\/script>\n<!-- \/ Yoast SEO plugin. -->","yoast_head_json":{"title":"BMM 2022 1.Mannschaft &#8211; SG NARVA Berlin e.V. &#8211; Abteilung Schach","robots":{"index":"index","follow":"follow","max-snippet":"max-snippet:-1","max-image-preview":"max-image-preview:large","max-video-preview":"max-video-preview:-1"},"canonical":"https:\/\/www.narva-schach.de\/wordpress\/chronik\/bmm-archiv\/bmm-2022-1-mannschaft\/","og_locale":"de_DE","og_type":"article","og_title":"BMM 2022 1.Mannschaft &#8211; SG NARVA Berlin e.V. &#8211; Abteilung Schach","og_description":"Die Saison 2021\/2022 wurde wegen der Corona Pandemie im November 2021, nach Runde 1, unterbrochen und dann die Runden nach hinten geschoben. Erst im M\u00e4rz 2022 wurde mit der planm\u00e4\u00dfigen Runde 7 weiter gespielt, dann normal die Runden 8 und &hellip; Weiterlesen &rarr;","og_url":"https:\/\/www.narva-schach.de\/wordpress\/chronik\/bmm-archiv\/bmm-2022-1-mannschaft\/","article_publisher":"http:\/\/www.facebook.com\/pages\/SG-NARVA-Berlin-eV-Abteilung-Schach\/214119148621903","og_image":[{"url":"https:\/\/www.narva-schach.de\/wordpress\/wp-content\/uploads\/2022\/07\/bmm2122_m1.jpg","type":"","width":"","height":""}],"twitter_card":"summary_large_image","twitter_misc":{"Gesch\u00e4tzte Lesezeit":"2\u00a0Minuten"},"schema":{"@context":"https:\/\/schema.org","@graph":[{"@type":"WebPage","@id":"https:\/\/www.narva-schach.de\/wordpress\/chronik\/bmm-archiv\/bmm-2022-1-mannschaft\/","url":"https:\/\/www.narva-schach.de\/wordpress\/chronik\/bmm-archiv\/bmm-2022-1-mannschaft\/","name":"BMM 2022 1.Mannschaft &#8211; SG NARVA Berlin e.V. &#8211; Abteilung Schach","isPartOf":{"@id":"https:\/\/www.narva-schach.de\/wordpress\/#website"},"primaryImageOfPage":{"@id":"https:\/\/www.narva-schach.de\/wordpress\/chronik\/bmm-archiv\/bmm-2022-1-mannschaft\/#primaryimage"},"image":{"@id":"https:\/\/www.narva-schach.de\/wordpress\/chronik\/bmm-archiv\/bmm-2022-1-mannschaft\/#primaryimage"},"thumbnailUrl":"https:\/\/www.narva-schach.de\/wordpress\/wp-content\/uploads\/2022\/07\/bmm2122_m1.jpg","datePublished":"2022-07-24T13:09:14+00:00","breadcrumb":{"@id":"https:\/\/www.narva-schach.de\/wordpress\/chronik\/bmm-archiv\/bmm-2022-1-mannschaft\/#breadcrumb"},"inLanguage":"de","potentialAction":[{"@type":"ReadAction","target":["https:\/\/www.narva-schach.de\/wordpress\/chronik\/bmm-archiv\/bmm-2022-1-mannschaft\/"]}]},{"@type":"ImageObject","inLanguage":"de","@id":"https:\/\/www.narva-schach.de\/wordpress\/chronik\/bmm-archiv\/bmm-2022-1-mannschaft\/#primaryimage","url":"https:\/\/www.narva-schach.de\/wordpress\/wp-content\/uploads\/2022\/07\/bmm2122_m1.jpg","contentUrl":"https:\/\/www.narva-schach.de\/wordpress\/wp-content\/uploads\/2022\/07\/bmm2122_m1.jpg","width":657,"height":696,"caption":"Grafik von Chemie Wei\u00dfensee"},{"@type":"BreadcrumbList","@id":"https:\/\/www.narva-schach.de\/wordpress\/chronik\/bmm-archiv\/bmm-2022-1-mannschaft\/#breadcrumb","itemListElement":[{"@type":"ListItem","position":1,"name":"Startseite","item":"https:\/\/www.narva-schach.de\/wordpress\/"},{"@type":"ListItem","position":2,"name":"Chronik","item":"https:\/\/www.narva-schach.de\/wordpress\/chronik\/"},{"@type":"ListItem","position":3,"name":"BMM Archiv","item":"https:\/\/www.narva-schach.de\/wordpress\/chronik\/bmm-archiv\/"},{"@type":"ListItem","position":4,"name":"BMM 2022 1.Mannschaft"}]},{"@type":"WebSite","@id":"https:\/\/www.narva-schach.de\/wordpress\/#website","url":"https:\/\/www.narva-schach.de\/wordpress\/","name":"","description":"","publisher":{"@id":"https:\/\/www.narva-schach.de\/wordpress\/#organization"},"potentialAction":[{"@type":"SearchAction","target":{"@type":"EntryPoint","urlTemplate":"https:\/\/www.narva-schach.de\/wordpress\/?s={search_term_string}"},"query-input":{"@type":"PropertyValueSpecification","valueRequired":true,"valueName":"search_term_string"}}],"inLanguage":"de"},{"@type":"Organization","@id":"https:\/\/www.narva-schach.de\/wordpress\/#organization","name":"SG NARVA Berlin e.V. Abteilung Schach","url":"https:\/\/www.narva-schach.de\/wordpress\/","logo":{"@type":"ImageObject","inLanguage":"de","@id":"https:\/\/www.narva-schach.de\/wordpress\/#\/schema\/logo\/image\/","url":"http:\/\/www.narva-schach.de\/wordpress\/wp-content\/uploads\/2016\/03\/NARVA-Logo-gro\u00df.jpg","contentUrl":"http:\/\/www.narva-schach.de\/wordpress\/wp-content\/uploads\/2016\/03\/NARVA-Logo-gro\u00df.jpg","width":480,"height":480,"caption":"SG NARVA Berlin e.V. Abteilung Schach"},"image":{"@id":"https:\/\/www.narva-schach.de\/wordpress\/#\/schema\/logo\/image\/"},"sameAs":["http:\/\/www.facebook.com\/pages\/SG-NARVA-Berlin-eV-Abteilung-Schach\/214119148621903","https:\/\/www.instagram.com\/sgnarvaschach\/?ref=badge"]}]}},"_links":{"self":[{"href":"https:\/\/www.narva-schach.de\/wordpress\/wp-json\/wp\/v2\/pages\/9699","targetHints":{"allow":["GET"]}}],"collection":[{"href":"https:\/\/www.narva-schach.de\/wordpress\/wp-json\/wp\/v2\/pages"}],"about":[{"href":"https:\/\/www.narva-schach.de\/wordpress\/wp-json\/wp\/v2\/types\/page"}],"author":[{"embeddable":true,"href":"https:\/\/www.narva-schach.de\/wordpress\/wp-json\/wp\/v2\/users\/1"}],"replies":[{"embeddable":true,"href":"https:\/\/www.narva-schach.de\/wordpress\/wp-json\/wp\/v2\/comments?post=9699"}],"version-history":[{"count":1,"href":"https:\/\/www.narva-schach.de\/wordpress\/wp-json\/wp\/v2\/pages\/9699\/revisions"}],"predecessor-version":[{"id":9700,"href":"https:\/\/www.narva-schach.de\/wordpress\/wp-json\/wp\/v2\/pages\/9699\/revisions\/9700"}],"up":[{"embeddable":true,"href":"https:\/\/www.narva-schach.de\/wordpress\/wp-json\/wp\/v2\/pages\/181"}],"wp:attachment":[{"href":"https:\/\/www.narva-schach.de\/wordpress\/wp-json\/wp\/v2\/media?parent=9699"}],"curies":[{"name":"wp","href":"https:\/\/api.w.org\/{rel}","templated":true}]}}